{"id":19,"date":"2020-11-28T10:45:30","date_gmt":"2020-11-28T09:45:30","guid":{"rendered":"https:\/\/www.fund-academy.ch\/?page_id=19"},"modified":"2025-08-12T12:47:05","modified_gmt":"2025-08-12T10:47:05","slug":"startseite","status":"publish","type":"page","link":"https:\/\/www.fund-academy.ch\/de\/","title":{"rendered":"Startseite"},"content":{"rendered":"<p>Seit 2001 Ihr Partner f\u00fcr fundierte Aus- und Weiterbildung im Bereich kollektiver Kapitalanlagen \u2013 in Z\u00fcrich, Genf und dar\u00fcber hinaus. Wir begleiten Fach- und F\u00fchrungskr\u00e4fte bei ihrer beruflichen Weiterentwicklung \u2013 praxisnah, aktuell und branchenorientiert.<\/p>\n<p>Die engen Beziehungen zu Branchenvertretern, Verb\u00e4nden, Studierenden, Alumni und Dozenten sind f\u00fcr uns nicht nur ein Erfolg unserer Arbeit, sondern auch ein Ansporn: Wir bleiben in Bewegung, um Wissen und Kompetenzen auf h\u00f6chstem Niveau zu vermitteln.<\/p>\n<p>Unser Flagship, der Fund Officer Lehrgang, ist seit Jahren die Referenz in der Branche. Erg\u00e4nzt wird er durch weitere fondsspezifische und thematische Lehrg\u00e4nge, die gezielt auf Einsteiger, Umsteiger und erfahrene Profis zugeschnitten sind. Eine \u00dcbersicht finden Sie <a href=\"https:\/\/www.fund-academy.ch\/wp-content\/uploads\/2025\/01\/Overview.pdf\">hier<\/a>. Im Fokus stehen bei all unseren Lehrg\u00e4ngen:<\/p>\n<p>&#8211; Aktuelles regulatorisches Know-how<br \/>\n&#8211; Praxisn\u00e4he f\u00fcr den Berufsalltag<br \/>\n&#8211; Zertifizierung zur St\u00e4rkung Ihres Profils<br \/>\n&#8211; Austausch mit Branchenkollegen<\/p>\n<p>Neben Z\u00fcrich und Genf sind wir jetzt auch in Luxemburg und Dublin pr\u00e4sent.<\/p>\n<p>Entdecken Sie die Fund Academy \u2013 und Ihre Chancen f\u00fcr die Zukunft sowie unsere <a href=\"https:\/\/www.fund-academy.ch\/wp-content\/uploads\/2023\/12\/Rabatte.pdf\">Kunden Benefits<\/a>!<\/p>\n<p>&nbsp;<\/p>\n","protected":false},"excerpt":{"rendered":"<p>Seit 2001 Ihr Partner f\u00fcr fundierte Aus- und Weiterbildung im Bereich kollektiver Kapitalanlagen \u2013 in Z\u00fcrich, Genf und dar\u00fcber hinaus. Wir begleiten Fach- und F\u00fchrungskr\u00e4fte bei ihrer beruflichen Weiterentwicklung \u2013 praxisnah, aktuell und branchenorientiert. Die engen Beziehungen zu Branchenvertretern, Verb\u00e4nden, Studierenden, Alumni und Dozenten sind f\u00fcr uns nicht nur ein Erfolg unserer Arbeit, sondern auch <a href=\"https:\/\/www.fund-academy.ch\/de\/\" class=\"more-link\">&#8230;<\/a><\/p>\n","protected":false},"author":1,"featured_media":0,"parent":0,"menu_order":8,"comment_status":"closed","ping_status":"closed","template":"","meta":[],"acf":[],"yoast_head":"<!-- This site is optimized with the Yoast SEO plugin v20.8 - https:\/\/yoast.com\/wordpress\/plugins\/seo\/ -->\n<title>Startseite - Fund Academy<\/title>\n<meta name=\"robots\" content=\"index, follow, max-snippet:-1, max-image-preview:large, max-video-preview:-1\" \/>\n<link rel=\"canonical\" href=\"https:\/\/www.fund-academy.ch\/de\/\" \/>\n<meta property=\"og:locale\" content=\"de_DE\" \/>\n<meta property=\"og:type\" content=\"article\" \/>\n<meta property=\"og:title\" content=\"Startseite - Fund Academy\" \/>\n<meta property=\"og:description\" content=\"Seit 2001 Ihr Partner f\u00fcr fundierte Aus- und Weiterbildung im Bereich kollektiver Kapitalanlagen \u2013 in Z\u00fcrich, Genf und dar\u00fcber hinaus. Wir begleiten Fach- und F\u00fchrungskr\u00e4fte bei ihrer beruflichen Weiterentwicklung \u2013 praxisnah, aktuell und branchenorientiert. Die engen Beziehungen zu Branchenvertretern, Verb\u00e4nden, Studierenden, Alumni und Dozenten sind f\u00fcr uns nicht nur ein Erfolg unserer Arbeit, sondern auch ...\" \/>\n<meta property=\"og:url\" content=\"https:\/\/www.fund-academy.ch\/de\/\" \/>\n<meta property=\"og:site_name\" content=\"Fund Academy\" \/>\n<meta property=\"article:modified_time\" content=\"2025-08-12T10:47:05+00:00\" \/>\n<meta name=\"twitter:card\" content=\"summary_large_image\" \/>\n<meta name=\"twitter:label1\" content=\"Gesch\u00e4tzte Lesezeit\" \/>\n\t<meta name=\"twitter:data1\" content=\"1\u00a0Minute\" \/>\n<script type=\"application\/ld+json\" class=\"yoast-schema-graph\">{\"@context\":\"https:\/\/schema.org\",\"@graph\":[{\"@type\":\"WebPage\",\"@id\":\"https:\/\/www.fund-academy.ch\/de\/\",\"url\":\"https:\/\/www.fund-academy.ch\/de\/\",\"name\":\"Startseite - Fund Academy\",\"isPartOf\":{\"@id\":\"https:\/\/www.fund-academy.ch\/#website\"},\"datePublished\":\"2020-11-28T09:45:30+00:00\",\"dateModified\":\"2025-08-12T10:47:05+00:00\",\"breadcrumb\":{\"@id\":\"https:\/\/www.fund-academy.ch\/de\/#breadcrumb\"},\"inLanguage\":\"de\",\"potentialAction\":[{\"@type\":\"ReadAction\",\"target\":[\"https:\/\/www.fund-academy.ch\/de\/\"]}]},{\"@type\":\"BreadcrumbList\",\"@id\":\"https:\/\/www.fund-academy.ch\/de\/#breadcrumb\",\"itemListElement\":[{\"@type\":\"ListItem\",\"position\":1,\"name\":\"Home\",\"item\":\"https:\/\/www.fund-academy.ch\/de\/\"},{\"@type\":\"ListItem\",\"position\":2,\"name\":\"Startseite\"}]},{\"@type\":\"WebSite\",\"@id\":\"https:\/\/www.fund-academy.ch\/#website\",\"url\":\"https:\/\/www.fund-academy.ch\/\",\"name\":\"Fund Academy\",\"description\":\"\",\"potentialAction\":[{\"@type\":\"SearchAction\",\"target\":{\"@type\":\"EntryPoint\",\"urlTemplate\":\"https:\/\/www.fund-academy.ch\/?s={search_term_string}\"},\"query-input\":\"required name=search_term_string\"}],\"inLanguage\":\"de\"}]}<\/script>\n<!-- \/ Yoast SEO plugin. -->","yoast_head_json":{"title":"Startseite - Fund Academy","robots":{"index":"index","follow":"follow","max-snippet":"max-snippet:-1","max-image-preview":"max-image-preview:large","max-video-preview":"max-video-preview:-1"},"canonical":"https:\/\/www.fund-academy.ch\/de\/","og_locale":"de_DE","og_type":"article","og_title":"Startseite - Fund Academy","og_description":"Seit 2001 Ihr Partner f\u00fcr fundierte Aus- und Weiterbildung im Bereich kollektiver Kapitalanlagen \u2013 in Z\u00fcrich, Genf und dar\u00fcber hinaus. Wir begleiten Fach- und F\u00fchrungskr\u00e4fte bei ihrer beruflichen Weiterentwicklung \u2013 praxisnah, aktuell und branchenorientiert. Die engen Beziehungen zu Branchenvertretern, Verb\u00e4nden, Studierenden, Alumni und Dozenten sind f\u00fcr uns nicht nur ein Erfolg unserer Arbeit, sondern auch ...","og_url":"https:\/\/www.fund-academy.ch\/de\/","og_site_name":"Fund Academy","article_modified_time":"2025-08-12T10:47:05+00:00","twitter_card":"summary_large_image","twitter_misc":{"Gesch\u00e4tzte Lesezeit":"1\u00a0Minute"},"schema":{"@context":"https:\/\/schema.org","@graph":[{"@type":"WebPage","@id":"https:\/\/www.fund-academy.ch\/de\/","url":"https:\/\/www.fund-academy.ch\/de\/","name":"Startseite - Fund Academy","isPartOf":{"@id":"https:\/\/www.fund-academy.ch\/#website"},"datePublished":"2020-11-28T09:45:30+00:00","dateModified":"2025-08-12T10:47:05+00:00","breadcrumb":{"@id":"https:\/\/www.fund-academy.ch\/de\/#breadcrumb"},"inLanguage":"de","potentialAction":[{"@type":"ReadAction","target":["https:\/\/www.fund-academy.ch\/de\/"]}]},{"@type":"BreadcrumbList","@id":"https:\/\/www.fund-academy.ch\/de\/#breadcrumb","itemListElement":[{"@type":"ListItem","position":1,"name":"Home","item":"https:\/\/www.fund-academy.ch\/de\/"},{"@type":"ListItem","position":2,"name":"Startseite"}]},{"@type":"WebSite","@id":"https:\/\/www.fund-academy.ch\/#website","url":"https:\/\/www.fund-academy.ch\/","name":"Fund Academy","description":"","potentialAction":[{"@type":"SearchAction","target":{"@type":"EntryPoint","urlTemplate":"https:\/\/www.fund-academy.ch\/?s={search_term_string}"},"query-input":"required name=search_term_string"}],"inLanguage":"de"}]}},"_links":{"self":[{"href":"https:\/\/www.fund-academy.ch\/de\/wp-json\/wp\/v2\/pages\/19"}],"collection":[{"href":"https:\/\/www.fund-academy.ch\/de\/wp-json\/wp\/v2\/pages"}],"about":[{"href":"https:\/\/www.fund-academy.ch\/de\/wp-json\/wp\/v2\/types\/page"}],"author":[{"embeddable":true,"href":"https:\/\/www.fund-academy.ch\/de\/wp-json\/wp\/v2\/users\/1"}],"replies":[{"embeddable":true,"href":"https:\/\/www.fund-academy.ch\/de\/wp-json\/wp\/v2\/comments?post=19"}],"version-history":[{"count":8,"href":"https:\/\/www.fund-academy.ch\/de\/wp-json\/wp\/v2\/pages\/19\/revisions"}],"predecessor-version":[{"id":3288,"href":"https:\/\/www.fund-academy.ch\/de\/wp-json\/wp\/v2\/pages\/19\/revisions\/3288"}],"wp:attachment":[{"href":"https:\/\/www.fund-academy.ch\/de\/wp-json\/wp\/v2\/media?parent=19"}],"curies":[{"name":"wp","href":"https:\/\/api.w.org\/{rel}","templated":true}]}}