{"id":2596,"date":"2022-07-28T20:37:45","date_gmt":"2022-07-28T18:37:45","guid":{"rendered":"https:\/\/www.fund-academy.ch\/startseite\/compliance-training\/digitalisierung-tokenisierung-und-esg\/"},"modified":"2023-11-20T15:40:08","modified_gmt":"2023-11-20T14:40:08","slug":"digitalisierung-tokenisierung-und-esg","status":"publish","type":"page","link":"https:\/\/www.fund-academy.ch\/de\/fund-trends\/digitalisierung-tokenisierung-und-esg\/","title":{"rendered":"Digitalisierung \/ Tokenisierung und ESG"},"content":{"rendered":"<p>An einem spannenden Lehrgangstag begleiten wir die Teilnehmenden durch zwei der wichtigsten Entwicklungen der Industrie: Digitalisierung\/Tokenisierung und ESG.<\/p>\n<p>Erfahrungen und Beispiele der Topexperten aus der Praxis geben den Teilnehmenden wertvolle Einblicke \u00fcber die bereits g\u00e4ngige Praxis und die anstehenden Konsequenzen f\u00fcr alle Teile der Wertsch\u00f6pfungskette kollektiver Kapitalanlagen.<\/p>\n","protected":false},"excerpt":{"rendered":"<p>An einem spannenden Lehrgangstag begleiten wir die Teilnehmenden durch zwei der wichtigsten Entwicklungen der Industrie: Digitalisierung\/Tokenisierung und ESG. Erfahrungen und Beispiele der Topexperten aus der Praxis geben den Teilnehmenden wertvolle Einblicke \u00fcber die bereits g\u00e4ngige Praxis und die anstehenden Konsequenzen f\u00fcr alle Teile der Wertsch\u00f6pfungskette kollektiver Kapitalanlagen.<\/p>\n","protected":false},"author":1,"featured_media":2280,"parent":115,"menu_order":0,"comment_status":"closed","ping_status":"closed","template":"page-courses.php","meta":[],"acf":[],"yoast_head":"<!-- This site is optimized with the Yoast SEO plugin v20.8 - https:\/\/yoast.com\/wordpress\/plugins\/seo\/ -->\n<title>Digitalisierung \/ Tokenisierung und ESG - Fund Academy<\/title>\n<meta name=\"robots\" content=\"index, follow, max-snippet:-1, max-image-preview:large, max-video-preview:-1\" \/>\n<link rel=\"canonical\" href=\"https:\/\/www.fund-academy.ch\/de\/fund-trends\/digitalisierung-tokenisierung-und-esg\/\" \/>\n<meta property=\"og:locale\" content=\"de_DE\" \/>\n<meta property=\"og:type\" content=\"article\" \/>\n<meta property=\"og:title\" content=\"Digitalisierung \/ Tokenisierung und ESG - Fund Academy\" \/>\n<meta property=\"og:description\" content=\"An einem spannenden Lehrgangstag begleiten wir die Teilnehmenden durch zwei der wichtigsten Entwicklungen der Industrie: Digitalisierung\/Tokenisierung und ESG. Erfahrungen und Beispiele der Topexperten aus der Praxis geben den Teilnehmenden wertvolle Einblicke \u00fcber die bereits g\u00e4ngige Praxis und die anstehenden Konsequenzen f\u00fcr alle Teile der Wertsch\u00f6pfungskette kollektiver Kapitalanlagen.\" \/>\n<meta property=\"og:url\" content=\"https:\/\/www.fund-academy.ch\/de\/fund-trends\/digitalisierung-tokenisierung-und-esg\/\" \/>\n<meta property=\"og:site_name\" content=\"Fund Academy\" \/>\n<meta property=\"article:modified_time\" content=\"2023-11-20T14:40:08+00:00\" \/>\n<meta property=\"og:image\" content=\"https:\/\/www.fund-academy.ch\/wp-content\/uploads\/2022\/01\/redd-5U_28ojjgms-unsplash-scaled.jpg\" \/>\n\t<meta property=\"og:image:width\" content=\"2560\" \/>\n\t<meta property=\"og:image:height\" content=\"1440\" \/>\n\t<meta property=\"og:image:type\" content=\"image\/jpeg\" \/>\n<meta name=\"twitter:card\" content=\"summary_large_image\" \/>\n<meta name=\"twitter:label1\" content=\"Gesch\u00e4tzte Lesezeit\" \/>\n\t<meta name=\"twitter:data1\" content=\"1\u00a0Minute\" \/>\n<script type=\"application\/ld+json\" class=\"yoast-schema-graph\">{\"@context\":\"https:\/\/schema.org\",\"@graph\":[{\"@type\":\"WebPage\",\"@id\":\"https:\/\/www.fund-academy.ch\/de\/fund-trends\/digitalisierung-tokenisierung-und-esg\/\",\"url\":\"https:\/\/www.fund-academy.ch\/de\/fund-trends\/digitalisierung-tokenisierung-und-esg\/\",\"name\":\"Digitalisierung \/ Tokenisierung und ESG - Fund Academy\",\"isPartOf\":{\"@id\":\"https:\/\/www.fund-academy.ch\/#website\"},\"datePublished\":\"2022-07-28T18:37:45+00:00\",\"dateModified\":\"2023-11-20T14:40:08+00:00\",\"breadcrumb\":{\"@id\":\"https:\/\/www.fund-academy.ch\/de\/fund-trends\/digitalisierung-tokenisierung-und-esg\/#breadcrumb\"},\"inLanguage\":\"de\",\"potentialAction\":[{\"@type\":\"ReadAction\",\"target\":[\"https:\/\/www.fund-academy.ch\/de\/fund-trends\/digitalisierung-tokenisierung-und-esg\/\"]}]},{\"@type\":\"BreadcrumbList\",\"@id\":\"https:\/\/www.fund-academy.ch\/de\/fund-trends\/digitalisierung-tokenisierung-und-esg\/#breadcrumb\",\"itemListElement\":[{\"@type\":\"ListItem\",\"position\":1,\"name\":\"Home\",\"item\":\"https:\/\/www.fund-academy.ch\/de\/\"},{\"@type\":\"ListItem\",\"position\":2,\"name\":\"Fund Trends \u2013 Entwicklungen und Perspektiven der Industrie\",\"item\":\"https:\/\/www.fund-academy.ch\/de\/fund-trends\/\"},{\"@type\":\"ListItem\",\"position\":3,\"name\":\"Digitalisierung \/ Tokenisierung und ESG\"}]},{\"@type\":\"WebSite\",\"@id\":\"https:\/\/www.fund-academy.ch\/#website\",\"url\":\"https:\/\/www.fund-academy.ch\/\",\"name\":\"Fund Academy\",\"description\":\"\",\"potentialAction\":[{\"@type\":\"SearchAction\",\"target\":{\"@type\":\"EntryPoint\",\"urlTemplate\":\"https:\/\/www.fund-academy.ch\/?s={search_term_string}\"},\"query-input\":\"required name=search_term_string\"}],\"inLanguage\":\"de\"}]}<\/script>\n<!-- \/ Yoast SEO plugin. -->","yoast_head_json":{"title":"Digitalisierung \/ Tokenisierung und ESG - Fund Academy","robots":{"index":"index","follow":"follow","max-snippet":"max-snippet:-1","max-image-preview":"max-image-preview:large","max-video-preview":"max-video-preview:-1"},"canonical":"https:\/\/www.fund-academy.ch\/de\/fund-trends\/digitalisierung-tokenisierung-und-esg\/","og_locale":"de_DE","og_type":"article","og_title":"Digitalisierung \/ Tokenisierung und ESG - Fund Academy","og_description":"An einem spannenden Lehrgangstag begleiten wir die Teilnehmenden durch zwei der wichtigsten Entwicklungen der Industrie: Digitalisierung\/Tokenisierung und ESG. Erfahrungen und Beispiele der Topexperten aus der Praxis geben den Teilnehmenden wertvolle Einblicke \u00fcber die bereits g\u00e4ngige Praxis und die anstehenden Konsequenzen f\u00fcr alle Teile der Wertsch\u00f6pfungskette kollektiver Kapitalanlagen.","og_url":"https:\/\/www.fund-academy.ch\/de\/fund-trends\/digitalisierung-tokenisierung-und-esg\/","og_site_name":"Fund Academy","article_modified_time":"2023-11-20T14:40:08+00:00","og_image":[{"width":2560,"height":1440,"url":"https:\/\/www.fund-academy.ch\/wp-content\/uploads\/2022\/01\/redd-5U_28ojjgms-unsplash-scaled.jpg","type":"image\/jpeg"}],"twitter_card":"summary_large_image","twitter_misc":{"Gesch\u00e4tzte Lesezeit":"1\u00a0Minute"},"schema":{"@context":"https:\/\/schema.org","@graph":[{"@type":"WebPage","@id":"https:\/\/www.fund-academy.ch\/de\/fund-trends\/digitalisierung-tokenisierung-und-esg\/","url":"https:\/\/www.fund-academy.ch\/de\/fund-trends\/digitalisierung-tokenisierung-und-esg\/","name":"Digitalisierung \/ Tokenisierung und ESG - Fund Academy","isPartOf":{"@id":"https:\/\/www.fund-academy.ch\/#website"},"datePublished":"2022-07-28T18:37:45+00:00","dateModified":"2023-11-20T14:40:08+00:00","breadcrumb":{"@id":"https:\/\/www.fund-academy.ch\/de\/fund-trends\/digitalisierung-tokenisierung-und-esg\/#breadcrumb"},"inLanguage":"de","potentialAction":[{"@type":"ReadAction","target":["https:\/\/www.fund-academy.ch\/de\/fund-trends\/digitalisierung-tokenisierung-und-esg\/"]}]},{"@type":"BreadcrumbList","@id":"https:\/\/www.fund-academy.ch\/de\/fund-trends\/digitalisierung-tokenisierung-und-esg\/#breadcrumb","itemListElement":[{"@type":"ListItem","position":1,"name":"Home","item":"https:\/\/www.fund-academy.ch\/de\/"},{"@type":"ListItem","position":2,"name":"Fund Trends \u2013 Entwicklungen und Perspektiven der Industrie","item":"https:\/\/www.fund-academy.ch\/de\/fund-trends\/"},{"@type":"ListItem","position":3,"name":"Digitalisierung \/ Tokenisierung und ESG"}]},{"@type":"WebSite","@id":"https:\/\/www.fund-academy.ch\/#website","url":"https:\/\/www.fund-academy.ch\/","name":"Fund Academy","description":"","potentialAction":[{"@type":"SearchAction","target":{"@type":"EntryPoint","urlTemplate":"https:\/\/www.fund-academy.ch\/?s={search_term_string}"},"query-input":"required name=search_term_string"}],"inLanguage":"de"}]}},"_links":{"self":[{"href":"https:\/\/www.fund-academy.ch\/de\/wp-json\/wp\/v2\/pages\/2596"}],"collection":[{"href":"https:\/\/www.fund-academy.ch\/de\/wp-json\/wp\/v2\/pages"}],"about":[{"href":"https:\/\/www.fund-academy.ch\/de\/wp-json\/wp\/v2\/types\/page"}],"author":[{"embeddable":true,"href":"https:\/\/www.fund-academy.ch\/de\/wp-json\/wp\/v2\/users\/1"}],"replies":[{"embeddable":true,"href":"https:\/\/www.fund-academy.ch\/de\/wp-json\/wp\/v2\/comments?post=2596"}],"version-history":[{"count":7,"href":"https:\/\/www.fund-academy.ch\/de\/wp-json\/wp\/v2\/pages\/2596\/revisions"}],"predecessor-version":[{"id":3102,"href":"https:\/\/www.fund-academy.ch\/de\/wp-json\/wp\/v2\/pages\/2596\/revisions\/3102"}],"up":[{"embeddable":true,"href":"https:\/\/www.fund-academy.ch\/de\/wp-json\/wp\/v2\/pages\/115"}],"wp:featuredmedia":[{"embeddable":true,"href":"https:\/\/www.fund-academy.ch\/de\/wp-json\/wp\/v2\/media\/2280"}],"wp:attachment":[{"href":"https:\/\/www.fund-academy.ch\/de\/wp-json\/wp\/v2\/media?parent=2596"}],"curies":[{"name":"wp","href":"https:\/\/api.w.org\/{rel}","templated":true}]}}