{"id":26,"date":"2020-11-28T10:46:38","date_gmt":"2020-11-28T09:46:38","guid":{"rendered":"https:\/\/www.fund-academy.ch\/?page_id=26"},"modified":"2025-08-11T15:28:34","modified_gmt":"2025-08-11T13:28:34","slug":"about-us","status":"publish","type":"page","link":"https:\/\/www.fund-academy.ch\/de\/about-us\/","title":{"rendered":"Willkommen bei Fund Academy"},"content":{"rendered":"<p>2001 gegr\u00fcndet und seither f\u00fcr die berufliche Aus- und Weiterbildung im Bereich kollektiver Kapitalanlagen in Z\u00fcrich und Genf engagiert, feiern wir als Fund Academy in diesem Jahr unser 22-j\u00e4hriges Jubil\u00e4um.<\/p>\n<p>Die engen Bande, die wir mit den Vertretern der Industrie, Verb\u00e4nden, Sch\u00fclern, Alumnis, Dozenten in dieser Zeit gekn\u00fcpft haben, sind uns eine Verpfichtung, nie stehen zu bleiben.<\/p>\n<p>Neben unserem Flagship Lehrgang, dem Fund Officer, bieten wir Ein-, Um- und Aufsteigern auch auch aktuelle Entwicklungen ausgerichtete Compliance Lehrg\u00e4nge an.<\/p>\n<p>Neben Z\u00fcrich, Genf und unserem Online Angebot, sind wir neu auch in Luxemburg und Dublin vertreten.<\/p>\n<p>Entdecken Sie uns und Ihre Chancen!<\/p>\n","protected":false},"excerpt":{"rendered":"<p>2001 gegr\u00fcndet und seither f\u00fcr die berufliche Aus- und Weiterbildung im Bereich kollektiver Kapitalanlagen in Z\u00fcrich und Genf engagiert, feiern wir als Fund Academy in diesem Jahr unser 22-j\u00e4hriges Jubil\u00e4um. Die engen Bande, die wir mit den Vertretern der Industrie, Verb\u00e4nden, Sch\u00fclern, Alumnis, Dozenten in dieser Zeit gekn\u00fcpft haben, sind uns eine Verpfichtung, nie stehen <a href=\"https:\/\/www.fund-academy.ch\/de\/about-us\/\" class=\"more-link\">&#8230;<\/a><\/p>\n","protected":false},"author":1,"featured_media":2250,"parent":0,"menu_order":10,"comment_status":"closed","ping_status":"closed","template":"page-about_us.php","meta":[],"acf":[],"yoast_head":"<!-- This site is optimized with the Yoast SEO plugin v20.8 - https:\/\/yoast.com\/wordpress\/plugins\/seo\/ -->\n<title>Willkommen bei Fund Academy - Fund Academy<\/title>\n<meta name=\"robots\" content=\"index, follow, max-snippet:-1, max-image-preview:large, max-video-preview:-1\" \/>\n<link rel=\"canonical\" href=\"https:\/\/www.fund-academy.ch\/de\/about-us\/\" \/>\n<meta property=\"og:locale\" content=\"de_DE\" \/>\n<meta property=\"og:type\" content=\"article\" \/>\n<meta property=\"og:title\" content=\"Willkommen bei Fund Academy - Fund Academy\" \/>\n<meta property=\"og:description\" content=\"2001 gegr\u00fcndet und seither f\u00fcr die berufliche Aus- und Weiterbildung im Bereich kollektiver Kapitalanlagen in Z\u00fcrich und Genf engagiert, feiern wir als Fund Academy in diesem Jahr unser 22-j\u00e4hriges Jubil\u00e4um. Die engen Bande, die wir mit den Vertretern der Industrie, Verb\u00e4nden, Sch\u00fclern, Alumnis, Dozenten in dieser Zeit gekn\u00fcpft haben, sind uns eine Verpfichtung, nie stehen ...\" \/>\n<meta property=\"og:url\" content=\"https:\/\/www.fund-academy.ch\/de\/about-us\/\" \/>\n<meta property=\"og:site_name\" content=\"Fund Academy\" \/>\n<meta property=\"article:modified_time\" content=\"2025-08-11T13:28:34+00:00\" \/>\n<meta property=\"og:image\" content=\"https:\/\/www.fund-academy.ch\/wp-content\/uploads\/2022\/01\/henrique-ferreira-6p-I-X-sPUY-unsplash-scaled.jpg\" \/>\n\t<meta property=\"og:image:width\" content=\"2560\" \/>\n\t<meta property=\"og:image:height\" content=\"1705\" \/>\n\t<meta property=\"og:image:type\" content=\"image\/jpeg\" \/>\n<meta name=\"twitter:card\" content=\"summary_large_image\" \/>\n<meta name=\"twitter:label1\" content=\"Gesch\u00e4tzte Lesezeit\" \/>\n\t<meta name=\"twitter:data1\" content=\"1\u00a0Minute\" \/>\n<script type=\"application\/ld+json\" class=\"yoast-schema-graph\">{\"@context\":\"https:\/\/schema.org\",\"@graph\":[{\"@type\":\"WebPage\",\"@id\":\"https:\/\/www.fund-academy.ch\/de\/about-us\/\",\"url\":\"https:\/\/www.fund-academy.ch\/de\/about-us\/\",\"name\":\"Willkommen bei Fund Academy - Fund Academy\",\"isPartOf\":{\"@id\":\"https:\/\/www.fund-academy.ch\/#website\"},\"datePublished\":\"2020-11-28T09:46:38+00:00\",\"dateModified\":\"2025-08-11T13:28:34+00:00\",\"breadcrumb\":{\"@id\":\"https:\/\/www.fund-academy.ch\/de\/about-us\/#breadcrumb\"},\"inLanguage\":\"de\",\"potentialAction\":[{\"@type\":\"ReadAction\",\"target\":[\"https:\/\/www.fund-academy.ch\/de\/about-us\/\"]}]},{\"@type\":\"BreadcrumbList\",\"@id\":\"https:\/\/www.fund-academy.ch\/de\/about-us\/#breadcrumb\",\"itemListElement\":[{\"@type\":\"ListItem\",\"position\":1,\"name\":\"Home\",\"item\":\"https:\/\/www.fund-academy.ch\/de\/\"},{\"@type\":\"ListItem\",\"position\":2,\"name\":\"Willkommen bei Fund Academy\"}]},{\"@type\":\"WebSite\",\"@id\":\"https:\/\/www.fund-academy.ch\/#website\",\"url\":\"https:\/\/www.fund-academy.ch\/\",\"name\":\"Fund Academy\",\"description\":\"\",\"potentialAction\":[{\"@type\":\"SearchAction\",\"target\":{\"@type\":\"EntryPoint\",\"urlTemplate\":\"https:\/\/www.fund-academy.ch\/?s={search_term_string}\"},\"query-input\":\"required name=search_term_string\"}],\"inLanguage\":\"de\"}]}<\/script>\n<!-- \/ Yoast SEO plugin. -->","yoast_head_json":{"title":"Willkommen bei Fund Academy - Fund Academy","robots":{"index":"index","follow":"follow","max-snippet":"max-snippet:-1","max-image-preview":"max-image-preview:large","max-video-preview":"max-video-preview:-1"},"canonical":"https:\/\/www.fund-academy.ch\/de\/about-us\/","og_locale":"de_DE","og_type":"article","og_title":"Willkommen bei Fund Academy - Fund Academy","og_description":"2001 gegr\u00fcndet und seither f\u00fcr die berufliche Aus- und Weiterbildung im Bereich kollektiver Kapitalanlagen in Z\u00fcrich und Genf engagiert, feiern wir als Fund Academy in diesem Jahr unser 22-j\u00e4hriges Jubil\u00e4um. Die engen Bande, die wir mit den Vertretern der Industrie, Verb\u00e4nden, Sch\u00fclern, Alumnis, Dozenten in dieser Zeit gekn\u00fcpft haben, sind uns eine Verpfichtung, nie stehen ...","og_url":"https:\/\/www.fund-academy.ch\/de\/about-us\/","og_site_name":"Fund Academy","article_modified_time":"2025-08-11T13:28:34+00:00","og_image":[{"width":2560,"height":1705,"url":"https:\/\/www.fund-academy.ch\/wp-content\/uploads\/2022\/01\/henrique-ferreira-6p-I-X-sPUY-unsplash-scaled.jpg","type":"image\/jpeg"}],"twitter_card":"summary_large_image","twitter_misc":{"Gesch\u00e4tzte Lesezeit":"1\u00a0Minute"},"schema":{"@context":"https:\/\/schema.org","@graph":[{"@type":"WebPage","@id":"https:\/\/www.fund-academy.ch\/de\/about-us\/","url":"https:\/\/www.fund-academy.ch\/de\/about-us\/","name":"Willkommen bei Fund Academy - Fund Academy","isPartOf":{"@id":"https:\/\/www.fund-academy.ch\/#website"},"datePublished":"2020-11-28T09:46:38+00:00","dateModified":"2025-08-11T13:28:34+00:00","breadcrumb":{"@id":"https:\/\/www.fund-academy.ch\/de\/about-us\/#breadcrumb"},"inLanguage":"de","potentialAction":[{"@type":"ReadAction","target":["https:\/\/www.fund-academy.ch\/de\/about-us\/"]}]},{"@type":"BreadcrumbList","@id":"https:\/\/www.fund-academy.ch\/de\/about-us\/#breadcrumb","itemListElement":[{"@type":"ListItem","position":1,"name":"Home","item":"https:\/\/www.fund-academy.ch\/de\/"},{"@type":"ListItem","position":2,"name":"Willkommen bei Fund Academy"}]},{"@type":"WebSite","@id":"https:\/\/www.fund-academy.ch\/#website","url":"https:\/\/www.fund-academy.ch\/","name":"Fund Academy","description":"","potentialAction":[{"@type":"SearchAction","target":{"@type":"EntryPoint","urlTemplate":"https:\/\/www.fund-academy.ch\/?s={search_term_string}"},"query-input":"required name=search_term_string"}],"inLanguage":"de"}]}},"_links":{"self":[{"href":"https:\/\/www.fund-academy.ch\/de\/wp-json\/wp\/v2\/pages\/26"}],"collection":[{"href":"https:\/\/www.fund-academy.ch\/de\/wp-json\/wp\/v2\/pages"}],"about":[{"href":"https:\/\/www.fund-academy.ch\/de\/wp-json\/wp\/v2\/types\/page"}],"author":[{"embeddable":true,"href":"https:\/\/www.fund-academy.ch\/de\/wp-json\/wp\/v2\/users\/1"}],"replies":[{"embeddable":true,"href":"https:\/\/www.fund-academy.ch\/de\/wp-json\/wp\/v2\/comments?post=26"}],"version-history":[{"count":4,"href":"https:\/\/www.fund-academy.ch\/de\/wp-json\/wp\/v2\/pages\/26\/revisions"}],"predecessor-version":[{"id":3143,"href":"https:\/\/www.fund-academy.ch\/de\/wp-json\/wp\/v2\/pages\/26\/revisions\/3143"}],"wp:featuredmedia":[{"embeddable":true,"href":"https:\/\/www.fund-academy.ch\/de\/wp-json\/wp\/v2\/media\/2250"}],"wp:attachment":[{"href":"https:\/\/www.fund-academy.ch\/de\/wp-json\/wp\/v2\/media?parent=26"}],"curies":[{"name":"wp","href":"https:\/\/api.w.org\/{rel}","templated":true}]}}