{"id":28,"date":"2020-11-28T10:47:08","date_gmt":"2020-11-28T09:47:08","guid":{"rendered":"https:\/\/www.fund-academy.ch\/?page_id=28"},"modified":"2025-01-27T15:13:48","modified_gmt":"2025-01-27T14:13:48","slug":"know-the-fundamentals","status":"publish","type":"page","link":"https:\/\/www.fund-academy.ch\/de\/fund-training\/know-the-fundamentals\/","title":{"rendered":"FUND Basics \/ Know the FUNDamentals"},"content":{"rendered":"<p>Teilnehmende, ob Einsteiger, Aufsteiger oder Quereinsteiger, bauen Ihr Wissen rund um kollektive Kapitalanlagen systematisch auf.<\/p>\n<p>FUND Basics und Know the FUNDamentals sind in Z\u00fcrich in Deutsch (Fondsmarkt CH) &#8211; Know the FUNDamentals ist Genf in Franz\u00f6sisch (Fondsmarkt CH) und Luxemburg, sowie Dublin in Englisch (Fondsmarkt LUX, resp. Irland) als Pr\u00e4senzunterricht verf\u00fcgbar.<br \/>\nFUND Basics bieten wir zudem online in Englisch (Fondsmarkt CH) an.<\/p>\n<p>Mit dem <strong>FUND Basics<\/strong> Verst\u00e4ndnis f\u00fcr die Grundlagen der Fondswelt Schweiz in 1 Tag erlangen. F\u00fcr Einsteiger in die Fondswelt sowie Assistenzfunktionen.<\/p>\n<p>Mit dem <strong>Know the FUNDamentals<\/strong> zielgerichtet bestehendes Wissen im Fondsgesch\u00e4ft Schweiz, Luxemburg oder Irland in 3 Tagen vertiefen, erweitern oder auffrischen. Dozierende aus der Praxis lassen keine Fragen offen. F\u00fcr Aufsteiger und Quereinsteiger in der Fondswelt sowie Fachpezialisten, die das Verst\u00e4ndnis f\u00fcr den Rest der Wertsch\u00f6pfungskette aufbauen m\u00f6chten.<\/p>\n<p>Sowohl FUND Basics als auch Know the FUNDamentals eignen sich hervorragend als Vorbereitung zum Swiss Fund Officer.<\/p>\n","protected":false},"excerpt":{"rendered":"<p>Teilnehmende, ob Einsteiger, Aufsteiger oder Quereinsteiger, bauen Ihr Wissen rund um kollektive Kapitalanlagen systematisch auf. FUND Basics und Know the FUNDamentals sind in Z\u00fcrich in Deutsch (Fondsmarkt CH) &#8211; Know the FUNDamentals ist Genf in Franz\u00f6sisch (Fondsmarkt CH) und Luxemburg, sowie Dublin in Englisch (Fondsmarkt LUX, resp. Irland) als Pr\u00e4senzunterricht verf\u00fcgbar. FUND Basics bieten wir <a href=\"https:\/\/www.fund-academy.ch\/de\/fund-training\/know-the-fundamentals\/\" class=\"more-link\">&#8230;<\/a><\/p>\n","protected":false},"author":1,"featured_media":2910,"parent":32,"menu_order":0,"comment_status":"closed","ping_status":"closed","template":"page-courses.php","meta":[],"acf":[],"yoast_head":"<!-- This site is optimized with the Yoast SEO plugin v20.8 - https:\/\/yoast.com\/wordpress\/plugins\/seo\/ -->\n<title>FUND Basics \/ Know the FUNDamentals - Fund Academy<\/title>\n<meta name=\"robots\" content=\"index, follow, max-snippet:-1, max-image-preview:large, max-video-preview:-1\" \/>\n<link rel=\"canonical\" href=\"https:\/\/www.fund-academy.ch\/de\/fund-training\/know-the-fundamentals\/\" \/>\n<meta property=\"og:locale\" content=\"de_DE\" \/>\n<meta property=\"og:type\" content=\"article\" \/>\n<meta property=\"og:title\" content=\"FUND Basics \/ Know the FUNDamentals - Fund Academy\" \/>\n<meta property=\"og:description\" content=\"Teilnehmende, ob Einsteiger, Aufsteiger oder Quereinsteiger, bauen Ihr Wissen rund um kollektive Kapitalanlagen systematisch auf. FUND Basics und Know the FUNDamentals sind in Z\u00fcrich in Deutsch (Fondsmarkt CH) &#8211; Know the FUNDamentals ist Genf in Franz\u00f6sisch (Fondsmarkt CH) und Luxemburg, sowie Dublin in Englisch (Fondsmarkt LUX, resp. Irland) als Pr\u00e4senzunterricht verf\u00fcgbar. FUND Basics bieten wir ...\" \/>\n<meta property=\"og:url\" content=\"https:\/\/www.fund-academy.ch\/de\/fund-training\/know-the-fundamentals\/\" \/>\n<meta property=\"og:site_name\" content=\"Fund Academy\" \/>\n<meta property=\"article:modified_time\" content=\"2025-01-27T14:13:48+00:00\" \/>\n<meta property=\"og:image\" content=\"https:\/\/www.fund-academy.ch\/wp-content\/uploads\/2022\/12\/AdobeStock_245956488-scaled-e1671029223631.jpeg\" \/>\n\t<meta property=\"og:image:width\" content=\"2560\" \/>\n\t<meta property=\"og:image:height\" content=\"1579\" \/>\n\t<meta property=\"og:image:type\" content=\"image\/jpeg\" \/>\n<meta name=\"twitter:card\" content=\"summary_large_image\" \/>\n<meta name=\"twitter:label1\" content=\"Gesch\u00e4tzte Lesezeit\" \/>\n\t<meta name=\"twitter:data1\" content=\"1\u00a0Minute\" \/>\n<script type=\"application\/ld+json\" class=\"yoast-schema-graph\">{\"@context\":\"https:\/\/schema.org\",\"@graph\":[{\"@type\":\"WebPage\",\"@id\":\"https:\/\/www.fund-academy.ch\/de\/fund-training\/know-the-fundamentals\/\",\"url\":\"https:\/\/www.fund-academy.ch\/de\/fund-training\/know-the-fundamentals\/\",\"name\":\"FUND Basics \/ Know the FUNDamentals - Fund Academy\",\"isPartOf\":{\"@id\":\"https:\/\/www.fund-academy.ch\/#website\"},\"datePublished\":\"2020-11-28T09:47:08+00:00\",\"dateModified\":\"2025-01-27T14:13:48+00:00\",\"breadcrumb\":{\"@id\":\"https:\/\/www.fund-academy.ch\/de\/fund-training\/know-the-fundamentals\/#breadcrumb\"},\"inLanguage\":\"de\",\"potentialAction\":[{\"@type\":\"ReadAction\",\"target\":[\"https:\/\/www.fund-academy.ch\/de\/fund-training\/know-the-fundamentals\/\"]}]},{\"@type\":\"BreadcrumbList\",\"@id\":\"https:\/\/www.fund-academy.ch\/de\/fund-training\/know-the-fundamentals\/#breadcrumb\",\"itemListElement\":[{\"@type\":\"ListItem\",\"position\":1,\"name\":\"Home\",\"item\":\"https:\/\/www.fund-academy.ch\/de\/\"},{\"@type\":\"ListItem\",\"position\":2,\"name\":\"Fund Training\",\"item\":\"https:\/\/www.fund-academy.ch\/de\/fund-training\/\"},{\"@type\":\"ListItem\",\"position\":3,\"name\":\"FUND Basics \/ Know the FUNDamentals\"}]},{\"@type\":\"WebSite\",\"@id\":\"https:\/\/www.fund-academy.ch\/#website\",\"url\":\"https:\/\/www.fund-academy.ch\/\",\"name\":\"Fund Academy\",\"description\":\"\",\"potentialAction\":[{\"@type\":\"SearchAction\",\"target\":{\"@type\":\"EntryPoint\",\"urlTemplate\":\"https:\/\/www.fund-academy.ch\/?s={search_term_string}\"},\"query-input\":\"required name=search_term_string\"}],\"inLanguage\":\"de\"}]}<\/script>\n<!-- \/ Yoast SEO plugin. -->","yoast_head_json":{"title":"FUND Basics \/ Know the FUNDamentals - Fund Academy","robots":{"index":"index","follow":"follow","max-snippet":"max-snippet:-1","max-image-preview":"max-image-preview:large","max-video-preview":"max-video-preview:-1"},"canonical":"https:\/\/www.fund-academy.ch\/de\/fund-training\/know-the-fundamentals\/","og_locale":"de_DE","og_type":"article","og_title":"FUND Basics \/ Know the FUNDamentals - Fund Academy","og_description":"Teilnehmende, ob Einsteiger, Aufsteiger oder Quereinsteiger, bauen Ihr Wissen rund um kollektive Kapitalanlagen systematisch auf. FUND Basics und Know the FUNDamentals sind in Z\u00fcrich in Deutsch (Fondsmarkt CH) &#8211; Know the FUNDamentals ist Genf in Franz\u00f6sisch (Fondsmarkt CH) und Luxemburg, sowie Dublin in Englisch (Fondsmarkt LUX, resp. Irland) als Pr\u00e4senzunterricht verf\u00fcgbar. FUND Basics bieten wir ...","og_url":"https:\/\/www.fund-academy.ch\/de\/fund-training\/know-the-fundamentals\/","og_site_name":"Fund Academy","article_modified_time":"2025-01-27T14:13:48+00:00","og_image":[{"width":2560,"height":1579,"url":"https:\/\/www.fund-academy.ch\/wp-content\/uploads\/2022\/12\/AdobeStock_245956488-scaled-e1671029223631.jpeg","type":"image\/jpeg"}],"twitter_card":"summary_large_image","twitter_misc":{"Gesch\u00e4tzte Lesezeit":"1\u00a0Minute"},"schema":{"@context":"https:\/\/schema.org","@graph":[{"@type":"WebPage","@id":"https:\/\/www.fund-academy.ch\/de\/fund-training\/know-the-fundamentals\/","url":"https:\/\/www.fund-academy.ch\/de\/fund-training\/know-the-fundamentals\/","name":"FUND Basics \/ Know the FUNDamentals - Fund Academy","isPartOf":{"@id":"https:\/\/www.fund-academy.ch\/#website"},"datePublished":"2020-11-28T09:47:08+00:00","dateModified":"2025-01-27T14:13:48+00:00","breadcrumb":{"@id":"https:\/\/www.fund-academy.ch\/de\/fund-training\/know-the-fundamentals\/#breadcrumb"},"inLanguage":"de","potentialAction":[{"@type":"ReadAction","target":["https:\/\/www.fund-academy.ch\/de\/fund-training\/know-the-fundamentals\/"]}]},{"@type":"BreadcrumbList","@id":"https:\/\/www.fund-academy.ch\/de\/fund-training\/know-the-fundamentals\/#breadcrumb","itemListElement":[{"@type":"ListItem","position":1,"name":"Home","item":"https:\/\/www.fund-academy.ch\/de\/"},{"@type":"ListItem","position":2,"name":"Fund Training","item":"https:\/\/www.fund-academy.ch\/de\/fund-training\/"},{"@type":"ListItem","position":3,"name":"FUND Basics \/ Know the FUNDamentals"}]},{"@type":"WebSite","@id":"https:\/\/www.fund-academy.ch\/#website","url":"https:\/\/www.fund-academy.ch\/","name":"Fund Academy","description":"","potentialAction":[{"@type":"SearchAction","target":{"@type":"EntryPoint","urlTemplate":"https:\/\/www.fund-academy.ch\/?s={search_term_string}"},"query-input":"required name=search_term_string"}],"inLanguage":"de"}]}},"_links":{"self":[{"href":"https:\/\/www.fund-academy.ch\/de\/wp-json\/wp\/v2\/pages\/28"}],"collection":[{"href":"https:\/\/www.fund-academy.ch\/de\/wp-json\/wp\/v2\/pages"}],"about":[{"href":"https:\/\/www.fund-academy.ch\/de\/wp-json\/wp\/v2\/types\/page"}],"author":[{"embeddable":true,"href":"https:\/\/www.fund-academy.ch\/de\/wp-json\/wp\/v2\/users\/1"}],"replies":[{"embeddable":true,"href":"https:\/\/www.fund-academy.ch\/de\/wp-json\/wp\/v2\/comments?post=28"}],"version-history":[{"count":21,"href":"https:\/\/www.fund-academy.ch\/de\/wp-json\/wp\/v2\/pages\/28\/revisions"}],"predecessor-version":[{"id":3258,"href":"https:\/\/www.fund-academy.ch\/de\/wp-json\/wp\/v2\/pages\/28\/revisions\/3258"}],"up":[{"embeddable":true,"href":"https:\/\/www.fund-academy.ch\/de\/wp-json\/wp\/v2\/pages\/32"}],"wp:featuredmedia":[{"embeddable":true,"href":"https:\/\/www.fund-academy.ch\/de\/wp-json\/wp\/v2\/media\/2910"}],"wp:attachment":[{"href":"https:\/\/www.fund-academy.ch\/de\/wp-json\/wp\/v2\/media?parent=28"}],"curies":[{"name":"wp","href":"https:\/\/api.w.org\/{rel}","templated":true}]}}