{"id":2949,"date":"2023-02-01T11:02:31","date_gmt":"2023-02-01T10:02:31","guid":{"rendered":"https:\/\/www.fund-academy.ch\/?page_id=2949"},"modified":"2023-02-03T13:39:20","modified_gmt":"2023-02-03T12:39:20","slug":"fidleg-finig-compact-refresher","status":"publish","type":"page","link":"https:\/\/www.fund-academy.ch\/de\/fund-trends\/fidleg-finig-compact-refresher\/","title":{"rendered":"FIDLEG \/ FINIG Compact\/Refresher"},"content":{"rendered":"<p>F\u00fcr Mitarbeitende der Fondindustrie, die sich einerseits im Schweizer Beraterregister registrieren lassen m\u00f6chten oder die Kenntnisse f\u00fcr die Erneuerung der Eintragung ben\u00f6tigen.<\/p>\n<p>Andererseits f\u00fcr Interessierte, dich sich effizient und zielgerichtet einen \u00dcberblick \u00fcber FIDLEG \/ FINIG in einem Halbtag machen m\u00f6chten.<\/p>\n<p>Mit Abschlusstest.<\/p>\n","protected":false},"excerpt":{"rendered":"<p>F\u00fcr Mitarbeitende der Fondindustrie, die sich einerseits im Schweizer Beraterregister registrieren lassen m\u00f6chten oder die Kenntnisse f\u00fcr die Erneuerung der Eintragung ben\u00f6tigen. Andererseits f\u00fcr Interessierte, dich sich effizient und zielgerichtet einen \u00dcberblick \u00fcber FIDLEG \/ FINIG in einem Halbtag machen m\u00f6chten. Mit Abschlusstest.<\/p>\n","protected":false},"author":1,"featured_media":2955,"parent":115,"menu_order":3,"comment_status":"closed","ping_status":"closed","template":"page-courses.php","meta":[],"acf":[],"yoast_head":"<!-- This site is optimized with the Yoast SEO plugin v20.8 - https:\/\/yoast.com\/wordpress\/plugins\/seo\/ -->\n<title>FIDLEG \/ FINIG Compact\/Refresher - Fund Academy<\/title>\n<meta name=\"robots\" content=\"index, follow, max-snippet:-1, max-image-preview:large, max-video-preview:-1\" \/>\n<link rel=\"canonical\" href=\"https:\/\/www.fund-academy.ch\/de\/fund-trends\/fidleg-finig-compact-refresher\/\" \/>\n<meta property=\"og:locale\" content=\"de_DE\" \/>\n<meta property=\"og:type\" content=\"article\" \/>\n<meta property=\"og:title\" content=\"FIDLEG \/ FINIG Compact\/Refresher - Fund Academy\" \/>\n<meta property=\"og:description\" content=\"F\u00fcr Mitarbeitende der Fondindustrie, die sich einerseits im Schweizer Beraterregister registrieren lassen m\u00f6chten oder die Kenntnisse f\u00fcr die Erneuerung der Eintragung ben\u00f6tigen. Andererseits f\u00fcr Interessierte, dich sich effizient und zielgerichtet einen \u00dcberblick \u00fcber FIDLEG \/ FINIG in einem Halbtag machen m\u00f6chten. Mit Abschlusstest.\" \/>\n<meta property=\"og:url\" content=\"https:\/\/www.fund-academy.ch\/de\/fund-trends\/fidleg-finig-compact-refresher\/\" \/>\n<meta property=\"og:site_name\" content=\"Fund Academy\" \/>\n<meta property=\"article:modified_time\" content=\"2023-02-03T12:39:20+00:00\" \/>\n<meta property=\"og:image\" content=\"https:\/\/www.fund-academy.ch\/wp-content\/uploads\/2023\/02\/fidleg-finig.jpg\" \/>\n\t<meta property=\"og:image:width\" content=\"1200\" \/>\n\t<meta property=\"og:image:height\" content=\"800\" \/>\n\t<meta property=\"og:image:type\" content=\"image\/jpeg\" \/>\n<meta name=\"twitter:card\" content=\"summary_large_image\" \/>\n<meta name=\"twitter:label1\" content=\"Gesch\u00e4tzte Lesezeit\" \/>\n\t<meta name=\"twitter:data1\" content=\"1\u00a0Minute\" \/>\n<script type=\"application\/ld+json\" class=\"yoast-schema-graph\">{\"@context\":\"https:\/\/schema.org\",\"@graph\":[{\"@type\":\"WebPage\",\"@id\":\"https:\/\/www.fund-academy.ch\/de\/fund-trends\/fidleg-finig-compact-refresher\/\",\"url\":\"https:\/\/www.fund-academy.ch\/de\/fund-trends\/fidleg-finig-compact-refresher\/\",\"name\":\"FIDLEG \/ FINIG Compact\/Refresher - Fund Academy\",\"isPartOf\":{\"@id\":\"https:\/\/www.fund-academy.ch\/#website\"},\"datePublished\":\"2023-02-01T10:02:31+00:00\",\"dateModified\":\"2023-02-03T12:39:20+00:00\",\"breadcrumb\":{\"@id\":\"https:\/\/www.fund-academy.ch\/de\/fund-trends\/fidleg-finig-compact-refresher\/#breadcrumb\"},\"inLanguage\":\"de\",\"potentialAction\":[{\"@type\":\"ReadAction\",\"target\":[\"https:\/\/www.fund-academy.ch\/de\/fund-trends\/fidleg-finig-compact-refresher\/\"]}]},{\"@type\":\"BreadcrumbList\",\"@id\":\"https:\/\/www.fund-academy.ch\/de\/fund-trends\/fidleg-finig-compact-refresher\/#breadcrumb\",\"itemListElement\":[{\"@type\":\"ListItem\",\"position\":1,\"name\":\"Home\",\"item\":\"https:\/\/www.fund-academy.ch\/de\/\"},{\"@type\":\"ListItem\",\"position\":2,\"name\":\"Fund Trends \u2013 Entwicklungen und Perspektiven der Industrie\",\"item\":\"https:\/\/www.fund-academy.ch\/de\/fund-trends\/\"},{\"@type\":\"ListItem\",\"position\":3,\"name\":\"FIDLEG \/ FINIG Compact\/Refresher\"}]},{\"@type\":\"WebSite\",\"@id\":\"https:\/\/www.fund-academy.ch\/#website\",\"url\":\"https:\/\/www.fund-academy.ch\/\",\"name\":\"Fund Academy\",\"description\":\"\",\"potentialAction\":[{\"@type\":\"SearchAction\",\"target\":{\"@type\":\"EntryPoint\",\"urlTemplate\":\"https:\/\/www.fund-academy.ch\/?s={search_term_string}\"},\"query-input\":\"required name=search_term_string\"}],\"inLanguage\":\"de\"}]}<\/script>\n<!-- \/ Yoast SEO plugin. -->","yoast_head_json":{"title":"FIDLEG \/ FINIG Compact\/Refresher - Fund Academy","robots":{"index":"index","follow":"follow","max-snippet":"max-snippet:-1","max-image-preview":"max-image-preview:large","max-video-preview":"max-video-preview:-1"},"canonical":"https:\/\/www.fund-academy.ch\/de\/fund-trends\/fidleg-finig-compact-refresher\/","og_locale":"de_DE","og_type":"article","og_title":"FIDLEG \/ FINIG Compact\/Refresher - Fund Academy","og_description":"F\u00fcr Mitarbeitende der Fondindustrie, die sich einerseits im Schweizer Beraterregister registrieren lassen m\u00f6chten oder die Kenntnisse f\u00fcr die Erneuerung der Eintragung ben\u00f6tigen. Andererseits f\u00fcr Interessierte, dich sich effizient und zielgerichtet einen \u00dcberblick \u00fcber FIDLEG \/ FINIG in einem Halbtag machen m\u00f6chten. Mit Abschlusstest.","og_url":"https:\/\/www.fund-academy.ch\/de\/fund-trends\/fidleg-finig-compact-refresher\/","og_site_name":"Fund Academy","article_modified_time":"2023-02-03T12:39:20+00:00","og_image":[{"width":1200,"height":800,"url":"https:\/\/www.fund-academy.ch\/wp-content\/uploads\/2023\/02\/fidleg-finig.jpg","type":"image\/jpeg"}],"twitter_card":"summary_large_image","twitter_misc":{"Gesch\u00e4tzte Lesezeit":"1\u00a0Minute"},"schema":{"@context":"https:\/\/schema.org","@graph":[{"@type":"WebPage","@id":"https:\/\/www.fund-academy.ch\/de\/fund-trends\/fidleg-finig-compact-refresher\/","url":"https:\/\/www.fund-academy.ch\/de\/fund-trends\/fidleg-finig-compact-refresher\/","name":"FIDLEG \/ FINIG Compact\/Refresher - Fund Academy","isPartOf":{"@id":"https:\/\/www.fund-academy.ch\/#website"},"datePublished":"2023-02-01T10:02:31+00:00","dateModified":"2023-02-03T12:39:20+00:00","breadcrumb":{"@id":"https:\/\/www.fund-academy.ch\/de\/fund-trends\/fidleg-finig-compact-refresher\/#breadcrumb"},"inLanguage":"de","potentialAction":[{"@type":"ReadAction","target":["https:\/\/www.fund-academy.ch\/de\/fund-trends\/fidleg-finig-compact-refresher\/"]}]},{"@type":"BreadcrumbList","@id":"https:\/\/www.fund-academy.ch\/de\/fund-trends\/fidleg-finig-compact-refresher\/#breadcrumb","itemListElement":[{"@type":"ListItem","position":1,"name":"Home","item":"https:\/\/www.fund-academy.ch\/de\/"},{"@type":"ListItem","position":2,"name":"Fund Trends \u2013 Entwicklungen und Perspektiven der Industrie","item":"https:\/\/www.fund-academy.ch\/de\/fund-trends\/"},{"@type":"ListItem","position":3,"name":"FIDLEG \/ FINIG Compact\/Refresher"}]},{"@type":"WebSite","@id":"https:\/\/www.fund-academy.ch\/#website","url":"https:\/\/www.fund-academy.ch\/","name":"Fund Academy","description":"","potentialAction":[{"@type":"SearchAction","target":{"@type":"EntryPoint","urlTemplate":"https:\/\/www.fund-academy.ch\/?s={search_term_string}"},"query-input":"required name=search_term_string"}],"inLanguage":"de"}]}},"_links":{"self":[{"href":"https:\/\/www.fund-academy.ch\/de\/wp-json\/wp\/v2\/pages\/2949"}],"collection":[{"href":"https:\/\/www.fund-academy.ch\/de\/wp-json\/wp\/v2\/pages"}],"about":[{"href":"https:\/\/www.fund-academy.ch\/de\/wp-json\/wp\/v2\/types\/page"}],"author":[{"embeddable":true,"href":"https:\/\/www.fund-academy.ch\/de\/wp-json\/wp\/v2\/users\/1"}],"replies":[{"embeddable":true,"href":"https:\/\/www.fund-academy.ch\/de\/wp-json\/wp\/v2\/comments?post=2949"}],"version-history":[{"count":5,"href":"https:\/\/www.fund-academy.ch\/de\/wp-json\/wp\/v2\/pages\/2949\/revisions"}],"predecessor-version":[{"id":2964,"href":"https:\/\/www.fund-academy.ch\/de\/wp-json\/wp\/v2\/pages\/2949\/revisions\/2964"}],"up":[{"embeddable":true,"href":"https:\/\/www.fund-academy.ch\/de\/wp-json\/wp\/v2\/pages\/115"}],"wp:featuredmedia":[{"embeddable":true,"href":"https:\/\/www.fund-academy.ch\/de\/wp-json\/wp\/v2\/media\/2955"}],"wp:attachment":[{"href":"https:\/\/www.fund-academy.ch\/de\/wp-json\/wp\/v2\/media?parent=2949"}],"curies":[{"name":"wp","href":"https:\/\/api.w.org\/{rel}","templated":true}]}}