{"id":30,"date":"2020-11-28T10:47:49","date_gmt":"2020-11-28T09:47:49","guid":{"rendered":"https:\/\/www.fund-academy.ch\/?page_id=30"},"modified":"2025-01-21T09:13:47","modified_gmt":"2025-01-21T08:13:47","slug":"fund-officer","status":"publish","type":"page","link":"https:\/\/www.fund-academy.ch\/de\/fund-training\/fund-officer\/","title":{"rendered":"Fund Officer"},"content":{"rendered":"<p>Seit zwei Jahrzehnten ist der Swiss Fund Officer (SFO) der Standard f\u00fcr die Ausbildung im Bereich kollektiver Kapitalanlagen in der Schweiz. \u00dcber 30 hochrangige Dozierende aus der Praxis, 12 Lehrgangstage, Gruppenarbeiten und Diskussionen auf allerh\u00f6chstem Niveau und in der Tiefe der Materie. Der Lehrgang findet zwei mal pro Jahr in Z\u00fcrich auf Deutsch und ein mal pro Jahr in Genf auf Franz\u00f6sisch statt. Teilnehmende erhalten nach bestandener Pr\u00fcfung ein Diplom, auf das sie stolz sein k\u00f6nnen.<\/p>\n<p>Als erg\u00e4nzende Ausbildung f\u00fcr Swiss Fund Officers f\u00fchrt Fund Academy den International Fund Officer (IFO) durch. Dieses 3-t\u00e4gige Programm f\u00fchrt die Teilnehmenden nach Luxembourg oder Dublin. Mit der bestandenen Abschlusspr\u00fcfung erwerben sie den Titel \u201eInternational Fund Officer\u201c.<\/p>\n","protected":false},"excerpt":{"rendered":"<p>Seit zwei Jahrzehnten ist der Swiss Fund Officer (SFO) der Standard f\u00fcr die Ausbildung im Bereich kollektiver Kapitalanlagen in der Schweiz. \u00dcber 30 hochrangige Dozierende aus der Praxis, 12 Lehrgangstage, Gruppenarbeiten und Diskussionen auf allerh\u00f6chstem Niveau und in der Tiefe der Materie. Der Lehrgang findet zwei mal pro Jahr in Z\u00fcrich auf Deutsch und ein <a href=\"https:\/\/www.fund-academy.ch\/de\/fund-training\/fund-officer\/\" class=\"more-link\">&#8230;<\/a><\/p>\n","protected":false},"author":1,"featured_media":179,"parent":32,"menu_order":1,"comment_status":"closed","ping_status":"closed","template":"page-courses.php","meta":[],"acf":[],"yoast_head":"<!-- This site is optimized with the Yoast SEO plugin v20.8 - https:\/\/yoast.com\/wordpress\/plugins\/seo\/ -->\n<title>Fund Officer - Fund Academy<\/title>\n<meta name=\"robots\" content=\"index, follow, max-snippet:-1, max-image-preview:large, max-video-preview:-1\" \/>\n<link rel=\"canonical\" href=\"https:\/\/www.fund-academy.ch\/de\/fund-training\/fund-officer\/\" \/>\n<meta property=\"og:locale\" content=\"de_DE\" \/>\n<meta property=\"og:type\" content=\"article\" \/>\n<meta property=\"og:title\" content=\"Fund Officer - Fund Academy\" \/>\n<meta property=\"og:description\" content=\"Seit zwei Jahrzehnten ist der Swiss Fund Officer (SFO) der Standard f\u00fcr die Ausbildung im Bereich kollektiver Kapitalanlagen in der Schweiz. \u00dcber 30 hochrangige Dozierende aus der Praxis, 12 Lehrgangstage, Gruppenarbeiten und Diskussionen auf allerh\u00f6chstem Niveau und in der Tiefe der Materie. Der Lehrgang findet zwei mal pro Jahr in Z\u00fcrich auf Deutsch und ein ...\" \/>\n<meta property=\"og:url\" content=\"https:\/\/www.fund-academy.ch\/de\/fund-training\/fund-officer\/\" \/>\n<meta property=\"og:site_name\" content=\"Fund Academy\" \/>\n<meta property=\"article:modified_time\" content=\"2025-01-21T08:13:47+00:00\" \/>\n<meta property=\"og:image\" content=\"https:\/\/www.fund-academy.ch\/wp-content\/uploads\/2020\/11\/GettyImages-1016053362-scaled.jpg\" \/>\n\t<meta property=\"og:image:width\" content=\"2560\" \/>\n\t<meta property=\"og:image:height\" content=\"1391\" \/>\n\t<meta property=\"og:image:type\" content=\"image\/jpeg\" \/>\n<meta name=\"twitter:card\" content=\"summary_large_image\" \/>\n<meta name=\"twitter:label1\" content=\"Gesch\u00e4tzte Lesezeit\" \/>\n\t<meta name=\"twitter:data1\" content=\"1\u00a0Minute\" \/>\n<script type=\"application\/ld+json\" class=\"yoast-schema-graph\">{\"@context\":\"https:\/\/schema.org\",\"@graph\":[{\"@type\":\"WebPage\",\"@id\":\"https:\/\/www.fund-academy.ch\/de\/fund-training\/fund-officer\/\",\"url\":\"https:\/\/www.fund-academy.ch\/de\/fund-training\/fund-officer\/\",\"name\":\"Fund Officer - Fund Academy\",\"isPartOf\":{\"@id\":\"https:\/\/www.fund-academy.ch\/#website\"},\"datePublished\":\"2020-11-28T09:47:49+00:00\",\"dateModified\":\"2025-01-21T08:13:47+00:00\",\"breadcrumb\":{\"@id\":\"https:\/\/www.fund-academy.ch\/de\/fund-training\/fund-officer\/#breadcrumb\"},\"inLanguage\":\"de\",\"potentialAction\":[{\"@type\":\"ReadAction\",\"target\":[\"https:\/\/www.fund-academy.ch\/de\/fund-training\/fund-officer\/\"]}]},{\"@type\":\"BreadcrumbList\",\"@id\":\"https:\/\/www.fund-academy.ch\/de\/fund-training\/fund-officer\/#breadcrumb\",\"itemListElement\":[{\"@type\":\"ListItem\",\"position\":1,\"name\":\"Home\",\"item\":\"https:\/\/www.fund-academy.ch\/de\/\"},{\"@type\":\"ListItem\",\"position\":2,\"name\":\"Fund Training\",\"item\":\"https:\/\/www.fund-academy.ch\/de\/fund-training\/\"},{\"@type\":\"ListItem\",\"position\":3,\"name\":\"Fund Officer\"}]},{\"@type\":\"WebSite\",\"@id\":\"https:\/\/www.fund-academy.ch\/#website\",\"url\":\"https:\/\/www.fund-academy.ch\/\",\"name\":\"Fund Academy\",\"description\":\"\",\"potentialAction\":[{\"@type\":\"SearchAction\",\"target\":{\"@type\":\"EntryPoint\",\"urlTemplate\":\"https:\/\/www.fund-academy.ch\/?s={search_term_string}\"},\"query-input\":\"required name=search_term_string\"}],\"inLanguage\":\"de\"}]}<\/script>\n<!-- \/ Yoast SEO plugin. -->","yoast_head_json":{"title":"Fund Officer - Fund Academy","robots":{"index":"index","follow":"follow","max-snippet":"max-snippet:-1","max-image-preview":"max-image-preview:large","max-video-preview":"max-video-preview:-1"},"canonical":"https:\/\/www.fund-academy.ch\/de\/fund-training\/fund-officer\/","og_locale":"de_DE","og_type":"article","og_title":"Fund Officer - Fund Academy","og_description":"Seit zwei Jahrzehnten ist der Swiss Fund Officer (SFO) der Standard f\u00fcr die Ausbildung im Bereich kollektiver Kapitalanlagen in der Schweiz. \u00dcber 30 hochrangige Dozierende aus der Praxis, 12 Lehrgangstage, Gruppenarbeiten und Diskussionen auf allerh\u00f6chstem Niveau und in der Tiefe der Materie. Der Lehrgang findet zwei mal pro Jahr in Z\u00fcrich auf Deutsch und ein ...","og_url":"https:\/\/www.fund-academy.ch\/de\/fund-training\/fund-officer\/","og_site_name":"Fund Academy","article_modified_time":"2025-01-21T08:13:47+00:00","og_image":[{"width":2560,"height":1391,"url":"https:\/\/www.fund-academy.ch\/wp-content\/uploads\/2020\/11\/GettyImages-1016053362-scaled.jpg","type":"image\/jpeg"}],"twitter_card":"summary_large_image","twitter_misc":{"Gesch\u00e4tzte Lesezeit":"1\u00a0Minute"},"schema":{"@context":"https:\/\/schema.org","@graph":[{"@type":"WebPage","@id":"https:\/\/www.fund-academy.ch\/de\/fund-training\/fund-officer\/","url":"https:\/\/www.fund-academy.ch\/de\/fund-training\/fund-officer\/","name":"Fund Officer - Fund Academy","isPartOf":{"@id":"https:\/\/www.fund-academy.ch\/#website"},"datePublished":"2020-11-28T09:47:49+00:00","dateModified":"2025-01-21T08:13:47+00:00","breadcrumb":{"@id":"https:\/\/www.fund-academy.ch\/de\/fund-training\/fund-officer\/#breadcrumb"},"inLanguage":"de","potentialAction":[{"@type":"ReadAction","target":["https:\/\/www.fund-academy.ch\/de\/fund-training\/fund-officer\/"]}]},{"@type":"BreadcrumbList","@id":"https:\/\/www.fund-academy.ch\/de\/fund-training\/fund-officer\/#breadcrumb","itemListElement":[{"@type":"ListItem","position":1,"name":"Home","item":"https:\/\/www.fund-academy.ch\/de\/"},{"@type":"ListItem","position":2,"name":"Fund Training","item":"https:\/\/www.fund-academy.ch\/de\/fund-training\/"},{"@type":"ListItem","position":3,"name":"Fund Officer"}]},{"@type":"WebSite","@id":"https:\/\/www.fund-academy.ch\/#website","url":"https:\/\/www.fund-academy.ch\/","name":"Fund Academy","description":"","potentialAction":[{"@type":"SearchAction","target":{"@type":"EntryPoint","urlTemplate":"https:\/\/www.fund-academy.ch\/?s={search_term_string}"},"query-input":"required name=search_term_string"}],"inLanguage":"de"}]}},"_links":{"self":[{"href":"https:\/\/www.fund-academy.ch\/de\/wp-json\/wp\/v2\/pages\/30"}],"collection":[{"href":"https:\/\/www.fund-academy.ch\/de\/wp-json\/wp\/v2\/pages"}],"about":[{"href":"https:\/\/www.fund-academy.ch\/de\/wp-json\/wp\/v2\/types\/page"}],"author":[{"embeddable":true,"href":"https:\/\/www.fund-academy.ch\/de\/wp-json\/wp\/v2\/users\/1"}],"replies":[{"embeddable":true,"href":"https:\/\/www.fund-academy.ch\/de\/wp-json\/wp\/v2\/comments?post=30"}],"version-history":[{"count":9,"href":"https:\/\/www.fund-academy.ch\/de\/wp-json\/wp\/v2\/pages\/30\/revisions"}],"predecessor-version":[{"id":3231,"href":"https:\/\/www.fund-academy.ch\/de\/wp-json\/wp\/v2\/pages\/30\/revisions\/3231"}],"up":[{"embeddable":true,"href":"https:\/\/www.fund-academy.ch\/de\/wp-json\/wp\/v2\/pages\/32"}],"wp:featuredmedia":[{"embeddable":true,"href":"https:\/\/www.fund-academy.ch\/de\/wp-json\/wp\/v2\/media\/179"}],"wp:attachment":[{"href":"https:\/\/www.fund-academy.ch\/de\/wp-json\/wp\/v2\/media?parent=30"}],"curies":[{"name":"wp","href":"https:\/\/api.w.org\/{rel}","templated":true}]}}