{"id":3157,"date":"2024-08-23T09:35:23","date_gmt":"2024-08-23T07:35:23","guid":{"rendered":"https:\/\/www.fund-academy.ch\/?page_id=3157"},"modified":"2025-02-04T13:23:18","modified_gmt":"2025-02-04T12:23:18","slug":"dublin","status":"publish","type":"page","link":"https:\/\/www.fund-academy.ch\/de\/about-us\/dublin\/","title":{"rendered":"Dublin"},"content":{"rendered":"<p>Ab M\u00e4rz 2025 bietet die Fund Academy praxisorientierte Lehrg\u00e4nge in Dublin an, speziell abgestimmt auf die Bed\u00fcrfnisse der Mitarbeiter in der irischen Fondsindustrie. Erfahrene Branchenexperten vermitteln den Teilnehmern innerhalb von nur drei Tagen kompakt und effizient alle wesentlichen Aspekte kollektiver Kapitalanlagen.<\/p>\n","protected":false},"excerpt":{"rendered":"<p>Ab M\u00e4rz 2025 bietet die Fund Academy praxisorientierte Lehrg\u00e4nge in Dublin an, speziell abgestimmt auf die Bed\u00fcrfnisse der Mitarbeiter in der irischen Fondsindustrie. Erfahrene Branchenexperten vermitteln den Teilnehmern innerhalb von nur drei Tagen kompakt und effizient alle wesentlichen Aspekte kollektiver Kapitalanlagen.<\/p>\n","protected":false},"author":1,"featured_media":3153,"parent":26,"menu_order":0,"comment_status":"closed","ping_status":"closed","template":"","meta":[],"acf":[],"yoast_head":"<!-- This site is optimized with the Yoast SEO plugin v20.8 - https:\/\/yoast.com\/wordpress\/plugins\/seo\/ -->\n<title>Dublin - Fund Academy<\/title>\n<meta name=\"robots\" content=\"index, follow, max-snippet:-1, max-image-preview:large, max-video-preview:-1\" \/>\n<link rel=\"canonical\" href=\"https:\/\/www.fund-academy.ch\/de\/about-us\/dublin\/\" \/>\n<meta property=\"og:locale\" content=\"de_DE\" \/>\n<meta property=\"og:type\" content=\"article\" \/>\n<meta property=\"og:title\" content=\"Dublin - Fund Academy\" \/>\n<meta property=\"og:description\" content=\"Ab M\u00e4rz 2025 bietet die Fund Academy praxisorientierte Lehrg\u00e4nge in Dublin an, speziell abgestimmt auf die Bed\u00fcrfnisse der Mitarbeiter in der irischen Fondsindustrie. Erfahrene Branchenexperten vermitteln den Teilnehmern innerhalb von nur drei Tagen kompakt und effizient alle wesentlichen Aspekte kollektiver Kapitalanlagen.\" \/>\n<meta property=\"og:url\" content=\"https:\/\/www.fund-academy.ch\/de\/about-us\/dublin\/\" \/>\n<meta property=\"og:site_name\" content=\"Fund Academy\" \/>\n<meta property=\"article:modified_time\" content=\"2025-02-04T12:23:18+00:00\" \/>\n<meta property=\"og:image\" content=\"https:\/\/www.fund-academy.ch\/wp-content\/uploads\/2024\/08\/Bridge_Dublin.jpeg\" \/>\n\t<meta property=\"og:image:width\" content=\"1069\" \/>\n\t<meta property=\"og:image:height\" content=\"1045\" \/>\n\t<meta property=\"og:image:type\" content=\"image\/jpeg\" \/>\n<meta name=\"twitter:card\" content=\"summary_large_image\" \/>\n<meta name=\"twitter:label1\" content=\"Gesch\u00e4tzte Lesezeit\" \/>\n\t<meta name=\"twitter:data1\" content=\"1\u00a0Minute\" \/>\n<script type=\"application\/ld+json\" class=\"yoast-schema-graph\">{\"@context\":\"https:\/\/schema.org\",\"@graph\":[{\"@type\":\"WebPage\",\"@id\":\"https:\/\/www.fund-academy.ch\/de\/about-us\/dublin\/\",\"url\":\"https:\/\/www.fund-academy.ch\/de\/about-us\/dublin\/\",\"name\":\"Dublin - Fund Academy\",\"isPartOf\":{\"@id\":\"https:\/\/www.fund-academy.ch\/#website\"},\"datePublished\":\"2024-08-23T07:35:23+00:00\",\"dateModified\":\"2025-02-04T12:23:18+00:00\",\"breadcrumb\":{\"@id\":\"https:\/\/www.fund-academy.ch\/de\/about-us\/dublin\/#breadcrumb\"},\"inLanguage\":\"de\",\"potentialAction\":[{\"@type\":\"ReadAction\",\"target\":[\"https:\/\/www.fund-academy.ch\/de\/about-us\/dublin\/\"]}]},{\"@type\":\"BreadcrumbList\",\"@id\":\"https:\/\/www.fund-academy.ch\/de\/about-us\/dublin\/#breadcrumb\",\"itemListElement\":[{\"@type\":\"ListItem\",\"position\":1,\"name\":\"Home\",\"item\":\"https:\/\/www.fund-academy.ch\/de\/\"},{\"@type\":\"ListItem\",\"position\":2,\"name\":\"Willkommen bei Fund Academy\",\"item\":\"https:\/\/www.fund-academy.ch\/de\/about-us\/\"},{\"@type\":\"ListItem\",\"position\":3,\"name\":\"Dublin\"}]},{\"@type\":\"WebSite\",\"@id\":\"https:\/\/www.fund-academy.ch\/#website\",\"url\":\"https:\/\/www.fund-academy.ch\/\",\"name\":\"Fund Academy\",\"description\":\"\",\"potentialAction\":[{\"@type\":\"SearchAction\",\"target\":{\"@type\":\"EntryPoint\",\"urlTemplate\":\"https:\/\/www.fund-academy.ch\/?s={search_term_string}\"},\"query-input\":\"required name=search_term_string\"}],\"inLanguage\":\"de\"}]}<\/script>\n<!-- \/ Yoast SEO plugin. -->","yoast_head_json":{"title":"Dublin - Fund Academy","robots":{"index":"index","follow":"follow","max-snippet":"max-snippet:-1","max-image-preview":"max-image-preview:large","max-video-preview":"max-video-preview:-1"},"canonical":"https:\/\/www.fund-academy.ch\/de\/about-us\/dublin\/","og_locale":"de_DE","og_type":"article","og_title":"Dublin - Fund Academy","og_description":"Ab M\u00e4rz 2025 bietet die Fund Academy praxisorientierte Lehrg\u00e4nge in Dublin an, speziell abgestimmt auf die Bed\u00fcrfnisse der Mitarbeiter in der irischen Fondsindustrie. Erfahrene Branchenexperten vermitteln den Teilnehmern innerhalb von nur drei Tagen kompakt und effizient alle wesentlichen Aspekte kollektiver Kapitalanlagen.","og_url":"https:\/\/www.fund-academy.ch\/de\/about-us\/dublin\/","og_site_name":"Fund Academy","article_modified_time":"2025-02-04T12:23:18+00:00","og_image":[{"width":1069,"height":1045,"url":"https:\/\/www.fund-academy.ch\/wp-content\/uploads\/2024\/08\/Bridge_Dublin.jpeg","type":"image\/jpeg"}],"twitter_card":"summary_large_image","twitter_misc":{"Gesch\u00e4tzte Lesezeit":"1\u00a0Minute"},"schema":{"@context":"https:\/\/schema.org","@graph":[{"@type":"WebPage","@id":"https:\/\/www.fund-academy.ch\/de\/about-us\/dublin\/","url":"https:\/\/www.fund-academy.ch\/de\/about-us\/dublin\/","name":"Dublin - Fund Academy","isPartOf":{"@id":"https:\/\/www.fund-academy.ch\/#website"},"datePublished":"2024-08-23T07:35:23+00:00","dateModified":"2025-02-04T12:23:18+00:00","breadcrumb":{"@id":"https:\/\/www.fund-academy.ch\/de\/about-us\/dublin\/#breadcrumb"},"inLanguage":"de","potentialAction":[{"@type":"ReadAction","target":["https:\/\/www.fund-academy.ch\/de\/about-us\/dublin\/"]}]},{"@type":"BreadcrumbList","@id":"https:\/\/www.fund-academy.ch\/de\/about-us\/dublin\/#breadcrumb","itemListElement":[{"@type":"ListItem","position":1,"name":"Home","item":"https:\/\/www.fund-academy.ch\/de\/"},{"@type":"ListItem","position":2,"name":"Willkommen bei Fund Academy","item":"https:\/\/www.fund-academy.ch\/de\/about-us\/"},{"@type":"ListItem","position":3,"name":"Dublin"}]},{"@type":"WebSite","@id":"https:\/\/www.fund-academy.ch\/#website","url":"https:\/\/www.fund-academy.ch\/","name":"Fund Academy","description":"","potentialAction":[{"@type":"SearchAction","target":{"@type":"EntryPoint","urlTemplate":"https:\/\/www.fund-academy.ch\/?s={search_term_string}"},"query-input":"required name=search_term_string"}],"inLanguage":"de"}]}},"_links":{"self":[{"href":"https:\/\/www.fund-academy.ch\/de\/wp-json\/wp\/v2\/pages\/3157"}],"collection":[{"href":"https:\/\/www.fund-academy.ch\/de\/wp-json\/wp\/v2\/pages"}],"about":[{"href":"https:\/\/www.fund-academy.ch\/de\/wp-json\/wp\/v2\/types\/page"}],"author":[{"embeddable":true,"href":"https:\/\/www.fund-academy.ch\/de\/wp-json\/wp\/v2\/users\/1"}],"replies":[{"embeddable":true,"href":"https:\/\/www.fund-academy.ch\/de\/wp-json\/wp\/v2\/comments?post=3157"}],"version-history":[{"count":2,"href":"https:\/\/www.fund-academy.ch\/de\/wp-json\/wp\/v2\/pages\/3157\/revisions"}],"predecessor-version":[{"id":3272,"href":"https:\/\/www.fund-academy.ch\/de\/wp-json\/wp\/v2\/pages\/3157\/revisions\/3272"}],"up":[{"embeddable":true,"href":"https:\/\/www.fund-academy.ch\/de\/wp-json\/wp\/v2\/pages\/26"}],"wp:featuredmedia":[{"embeddable":true,"href":"https:\/\/www.fund-academy.ch\/de\/wp-json\/wp\/v2\/media\/3153"}],"wp:attachment":[{"href":"https:\/\/www.fund-academy.ch\/de\/wp-json\/wp\/v2\/media?parent=3157"}],"curies":[{"name":"wp","href":"https:\/\/api.w.org\/{rel}","templated":true}]}}