{"id":32,"date":"2020-11-28T10:47:58","date_gmt":"2020-11-28T09:47:58","guid":{"rendered":"https:\/\/www.fund-academy.ch\/?page_id=32"},"modified":"2023-02-09T10:19:38","modified_gmt":"2023-02-09T09:19:38","slug":"fund-training","status":"publish","type":"page","link":"https:\/\/www.fund-academy.ch\/de\/fund-training\/","title":{"rendered":"Fund Training"},"content":{"rendered":"<p>Unser Fund Academy Training Program bietet f\u00fcr jeden Wissensstand eine perfekte L\u00f6sung. Wer in seinem Berufsalltag die ganze Breite und Tiefe zu kollektiven Kapitalanlagen ben\u00f6tigt, oder sein Wissen gegen\u00fcber\u00a0 Arbeitgeber und Aufsichtsbeh\u00f6rden nachweisen muss, f\u00fcr den ist der Fund Officer der perfekte Lehrgang.<\/p>\n<p>Mit unseren FUND Basics und Know the FUNDamentals k\u00f6nnen Teilnehmer Grundlagen f\u00fcr die Arbeit in der Fondsindustrie erwerben, ihr Basiswissen vertiefen oder sich perfekt auf den Fund Officer vorbereiten.<\/p>\n","protected":false},"excerpt":{"rendered":"<p>Unser Fund Academy Training Program bietet f\u00fcr jeden Wissensstand eine perfekte L\u00f6sung. Wer in seinem Berufsalltag die ganze Breite und Tiefe zu kollektiven Kapitalanlagen ben\u00f6tigt, oder sein Wissen gegen\u00fcber\u00a0 Arbeitgeber und Aufsichtsbeh\u00f6rden nachweisen muss, f\u00fcr den ist der Fund Officer der perfekte Lehrgang. Mit unseren FUND Basics und Know the FUNDamentals k\u00f6nnen Teilnehmer Grundlagen f\u00fcr <a href=\"https:\/\/www.fund-academy.ch\/de\/fund-training\/\" class=\"more-link\">&#8230;<\/a><\/p>\n","protected":false},"author":1,"featured_media":2919,"parent":0,"menu_order":2,"comment_status":"closed","ping_status":"closed","template":"page-linked_pages.php","meta":[],"acf":[],"yoast_head":"<!-- This site is optimized with the Yoast SEO plugin v20.8 - https:\/\/yoast.com\/wordpress\/plugins\/seo\/ -->\n<title>Fund Training - Fund Academy<\/title>\n<meta name=\"robots\" content=\"index, follow, max-snippet:-1, max-image-preview:large, max-video-preview:-1\" \/>\n<link rel=\"canonical\" href=\"https:\/\/www.fund-academy.ch\/de\/fund-training\/\" \/>\n<meta property=\"og:locale\" content=\"de_DE\" \/>\n<meta property=\"og:type\" content=\"article\" \/>\n<meta property=\"og:title\" content=\"Fund Training - Fund Academy\" \/>\n<meta property=\"og:description\" content=\"Unser Fund Academy Training Program bietet f\u00fcr jeden Wissensstand eine perfekte L\u00f6sung. Wer in seinem Berufsalltag die ganze Breite und Tiefe zu kollektiven Kapitalanlagen ben\u00f6tigt, oder sein Wissen gegen\u00fcber\u00a0 Arbeitgeber und Aufsichtsbeh\u00f6rden nachweisen muss, f\u00fcr den ist der Fund Officer der perfekte Lehrgang. Mit unseren FUND Basics und Know the FUNDamentals k\u00f6nnen Teilnehmer Grundlagen f\u00fcr ...\" \/>\n<meta property=\"og:url\" content=\"https:\/\/www.fund-academy.ch\/de\/fund-training\/\" \/>\n<meta property=\"og:site_name\" content=\"Fund Academy\" \/>\n<meta property=\"article:modified_time\" content=\"2023-02-09T09:19:38+00:00\" \/>\n<meta property=\"og:image\" content=\"https:\/\/www.fund-academy.ch\/wp-content\/uploads\/2022\/12\/AdobeStock_274192191-scaled-e1671031237777.jpeg\" \/>\n\t<meta property=\"og:image:width\" content=\"2560\" \/>\n\t<meta property=\"og:image:height\" content=\"1707\" \/>\n\t<meta property=\"og:image:type\" content=\"image\/jpeg\" \/>\n<meta name=\"twitter:card\" content=\"summary_large_image\" \/>\n<meta name=\"twitter:label1\" content=\"Gesch\u00e4tzte Lesezeit\" \/>\n\t<meta name=\"twitter:data1\" content=\"1\u00a0Minute\" \/>\n<script type=\"application\/ld+json\" class=\"yoast-schema-graph\">{\"@context\":\"https:\/\/schema.org\",\"@graph\":[{\"@type\":\"WebPage\",\"@id\":\"https:\/\/www.fund-academy.ch\/de\/fund-training\/\",\"url\":\"https:\/\/www.fund-academy.ch\/de\/fund-training\/\",\"name\":\"Fund Training - Fund Academy\",\"isPartOf\":{\"@id\":\"https:\/\/www.fund-academy.ch\/#website\"},\"datePublished\":\"2020-11-28T09:47:58+00:00\",\"dateModified\":\"2023-02-09T09:19:38+00:00\",\"breadcrumb\":{\"@id\":\"https:\/\/www.fund-academy.ch\/de\/fund-training\/#breadcrumb\"},\"inLanguage\":\"de\",\"potentialAction\":[{\"@type\":\"ReadAction\",\"target\":[\"https:\/\/www.fund-academy.ch\/de\/fund-training\/\"]}]},{\"@type\":\"BreadcrumbList\",\"@id\":\"https:\/\/www.fund-academy.ch\/de\/fund-training\/#breadcrumb\",\"itemListElement\":[{\"@type\":\"ListItem\",\"position\":1,\"name\":\"Home\",\"item\":\"https:\/\/www.fund-academy.ch\/de\/\"},{\"@type\":\"ListItem\",\"position\":2,\"name\":\"Fund Training\"}]},{\"@type\":\"WebSite\",\"@id\":\"https:\/\/www.fund-academy.ch\/#website\",\"url\":\"https:\/\/www.fund-academy.ch\/\",\"name\":\"Fund Academy\",\"description\":\"\",\"potentialAction\":[{\"@type\":\"SearchAction\",\"target\":{\"@type\":\"EntryPoint\",\"urlTemplate\":\"https:\/\/www.fund-academy.ch\/?s={search_term_string}\"},\"query-input\":\"required name=search_term_string\"}],\"inLanguage\":\"de\"}]}<\/script>\n<!-- \/ Yoast SEO plugin. -->","yoast_head_json":{"title":"Fund Training - Fund Academy","robots":{"index":"index","follow":"follow","max-snippet":"max-snippet:-1","max-image-preview":"max-image-preview:large","max-video-preview":"max-video-preview:-1"},"canonical":"https:\/\/www.fund-academy.ch\/de\/fund-training\/","og_locale":"de_DE","og_type":"article","og_title":"Fund Training - Fund Academy","og_description":"Unser Fund Academy Training Program bietet f\u00fcr jeden Wissensstand eine perfekte L\u00f6sung. Wer in seinem Berufsalltag die ganze Breite und Tiefe zu kollektiven Kapitalanlagen ben\u00f6tigt, oder sein Wissen gegen\u00fcber\u00a0 Arbeitgeber und Aufsichtsbeh\u00f6rden nachweisen muss, f\u00fcr den ist der Fund Officer der perfekte Lehrgang. Mit unseren FUND Basics und Know the FUNDamentals k\u00f6nnen Teilnehmer Grundlagen f\u00fcr ...","og_url":"https:\/\/www.fund-academy.ch\/de\/fund-training\/","og_site_name":"Fund Academy","article_modified_time":"2023-02-09T09:19:38+00:00","og_image":[{"width":2560,"height":1707,"url":"https:\/\/www.fund-academy.ch\/wp-content\/uploads\/2022\/12\/AdobeStock_274192191-scaled-e1671031237777.jpeg","type":"image\/jpeg"}],"twitter_card":"summary_large_image","twitter_misc":{"Gesch\u00e4tzte Lesezeit":"1\u00a0Minute"},"schema":{"@context":"https:\/\/schema.org","@graph":[{"@type":"WebPage","@id":"https:\/\/www.fund-academy.ch\/de\/fund-training\/","url":"https:\/\/www.fund-academy.ch\/de\/fund-training\/","name":"Fund Training - Fund Academy","isPartOf":{"@id":"https:\/\/www.fund-academy.ch\/#website"},"datePublished":"2020-11-28T09:47:58+00:00","dateModified":"2023-02-09T09:19:38+00:00","breadcrumb":{"@id":"https:\/\/www.fund-academy.ch\/de\/fund-training\/#breadcrumb"},"inLanguage":"de","potentialAction":[{"@type":"ReadAction","target":["https:\/\/www.fund-academy.ch\/de\/fund-training\/"]}]},{"@type":"BreadcrumbList","@id":"https:\/\/www.fund-academy.ch\/de\/fund-training\/#breadcrumb","itemListElement":[{"@type":"ListItem","position":1,"name":"Home","item":"https:\/\/www.fund-academy.ch\/de\/"},{"@type":"ListItem","position":2,"name":"Fund Training"}]},{"@type":"WebSite","@id":"https:\/\/www.fund-academy.ch\/#website","url":"https:\/\/www.fund-academy.ch\/","name":"Fund Academy","description":"","potentialAction":[{"@type":"SearchAction","target":{"@type":"EntryPoint","urlTemplate":"https:\/\/www.fund-academy.ch\/?s={search_term_string}"},"query-input":"required name=search_term_string"}],"inLanguage":"de"}]}},"_links":{"self":[{"href":"https:\/\/www.fund-academy.ch\/de\/wp-json\/wp\/v2\/pages\/32"}],"collection":[{"href":"https:\/\/www.fund-academy.ch\/de\/wp-json\/wp\/v2\/pages"}],"about":[{"href":"https:\/\/www.fund-academy.ch\/de\/wp-json\/wp\/v2\/types\/page"}],"author":[{"embeddable":true,"href":"https:\/\/www.fund-academy.ch\/de\/wp-json\/wp\/v2\/users\/1"}],"replies":[{"embeddable":true,"href":"https:\/\/www.fund-academy.ch\/de\/wp-json\/wp\/v2\/comments?post=32"}],"version-history":[{"count":5,"href":"https:\/\/www.fund-academy.ch\/de\/wp-json\/wp\/v2\/pages\/32\/revisions"}],"predecessor-version":[{"id":2974,"href":"https:\/\/www.fund-academy.ch\/de\/wp-json\/wp\/v2\/pages\/32\/revisions\/2974"}],"wp:featuredmedia":[{"embeddable":true,"href":"https:\/\/www.fund-academy.ch\/de\/wp-json\/wp\/v2\/media\/2919"}],"wp:attachment":[{"href":"https:\/\/www.fund-academy.ch\/de\/wp-json\/wp\/v2\/media?parent=32"}],"curies":[{"name":"wp","href":"https:\/\/api.w.org\/{rel}","templated":true}]}}