{"id":37,"date":"2020-11-28T10:56:16","date_gmt":"2020-11-28T09:56:16","guid":{"rendered":"https:\/\/www.fund-academy.ch\/?page_id=37"},"modified":"2022-08-28T12:11:58","modified_gmt":"2022-08-28T10:11:58","slug":"genf","status":"publish","type":"page","link":"https:\/\/www.fund-academy.ch\/de\/about-us\/genf\/","title":{"rendered":"Genf"},"content":{"rendered":"<p>Mit einer st\u00e4ndigen Pr\u00e4senz in Genf bieten wir dieser wichtigen Finanzmetropole denselben Service und dieselben Lehrg\u00e4nge an, wie wir dies in Z\u00fcrich tun.<\/p>\n<p>Seit 2022 sind wir mit Christina Riva noch n\u00e4her an der Industrie und erweitern unser Angebot kontinuierlich.<\/p>\n","protected":false},"excerpt":{"rendered":"<p>Mit einer st\u00e4ndigen Pr\u00e4senz in Genf bieten wir dieser wichtigen Finanzmetropole denselben Service und dieselben Lehrg\u00e4nge an, wie wir dies in Z\u00fcrich tun. Seit 2022 sind wir mit Christina Riva noch n\u00e4her an der Industrie und erweitern unser Angebot kontinuierlich.<\/p>\n","protected":false},"author":1,"featured_media":2253,"parent":26,"menu_order":1,"comment_status":"closed","ping_status":"closed","template":"","meta":[],"acf":[],"yoast_head":"<!-- This site is optimized with the Yoast SEO plugin v20.8 - https:\/\/yoast.com\/wordpress\/plugins\/seo\/ -->\n<title>Genf - Fund Academy<\/title>\n<meta name=\"robots\" content=\"index, follow, max-snippet:-1, max-image-preview:large, max-video-preview:-1\" \/>\n<link rel=\"canonical\" href=\"https:\/\/www.fund-academy.ch\/de\/about-us\/genf\/\" \/>\n<meta property=\"og:locale\" content=\"de_DE\" \/>\n<meta property=\"og:type\" content=\"article\" \/>\n<meta property=\"og:title\" content=\"Genf - Fund Academy\" \/>\n<meta property=\"og:description\" content=\"Mit einer st\u00e4ndigen Pr\u00e4senz in Genf bieten wir dieser wichtigen Finanzmetropole denselben Service und dieselben Lehrg\u00e4nge an, wie wir dies in Z\u00fcrich tun. Seit 2022 sind wir mit Christina Riva noch n\u00e4her an der Industrie und erweitern unser Angebot kontinuierlich.\" \/>\n<meta property=\"og:url\" content=\"https:\/\/www.fund-academy.ch\/de\/about-us\/genf\/\" \/>\n<meta property=\"og:site_name\" content=\"Fund Academy\" \/>\n<meta property=\"article:modified_time\" content=\"2022-08-28T10:11:58+00:00\" \/>\n<meta property=\"og:image\" content=\"https:\/\/www.fund-academy.ch\/wp-content\/uploads\/2022\/01\/baptiste-gousset-mzpAUFtykbs-unsplash-scaled.jpg\" \/>\n\t<meta property=\"og:image:width\" content=\"2560\" \/>\n\t<meta property=\"og:image:height\" content=\"1707\" \/>\n\t<meta property=\"og:image:type\" content=\"image\/jpeg\" \/>\n<meta name=\"twitter:card\" content=\"summary_large_image\" \/>\n<script type=\"application\/ld+json\" class=\"yoast-schema-graph\">{\"@context\":\"https:\/\/schema.org\",\"@graph\":[{\"@type\":\"WebPage\",\"@id\":\"https:\/\/www.fund-academy.ch\/de\/about-us\/genf\/\",\"url\":\"https:\/\/www.fund-academy.ch\/de\/about-us\/genf\/\",\"name\":\"Genf - Fund Academy\",\"isPartOf\":{\"@id\":\"https:\/\/www.fund-academy.ch\/#website\"},\"datePublished\":\"2020-11-28T09:56:16+00:00\",\"dateModified\":\"2022-08-28T10:11:58+00:00\",\"breadcrumb\":{\"@id\":\"https:\/\/www.fund-academy.ch\/de\/about-us\/genf\/#breadcrumb\"},\"inLanguage\":\"de\",\"potentialAction\":[{\"@type\":\"ReadAction\",\"target\":[\"https:\/\/www.fund-academy.ch\/de\/about-us\/genf\/\"]}]},{\"@type\":\"BreadcrumbList\",\"@id\":\"https:\/\/www.fund-academy.ch\/de\/about-us\/genf\/#breadcrumb\",\"itemListElement\":[{\"@type\":\"ListItem\",\"position\":1,\"name\":\"Home\",\"item\":\"https:\/\/www.fund-academy.ch\/de\/\"},{\"@type\":\"ListItem\",\"position\":2,\"name\":\"Willkommen bei Fund Academy\",\"item\":\"https:\/\/www.fund-academy.ch\/de\/about-us\/\"},{\"@type\":\"ListItem\",\"position\":3,\"name\":\"Genf\"}]},{\"@type\":\"WebSite\",\"@id\":\"https:\/\/www.fund-academy.ch\/#website\",\"url\":\"https:\/\/www.fund-academy.ch\/\",\"name\":\"Fund Academy\",\"description\":\"\",\"potentialAction\":[{\"@type\":\"SearchAction\",\"target\":{\"@type\":\"EntryPoint\",\"urlTemplate\":\"https:\/\/www.fund-academy.ch\/?s={search_term_string}\"},\"query-input\":\"required name=search_term_string\"}],\"inLanguage\":\"de\"}]}<\/script>\n<!-- \/ Yoast SEO plugin. -->","yoast_head_json":{"title":"Genf - Fund Academy","robots":{"index":"index","follow":"follow","max-snippet":"max-snippet:-1","max-image-preview":"max-image-preview:large","max-video-preview":"max-video-preview:-1"},"canonical":"https:\/\/www.fund-academy.ch\/de\/about-us\/genf\/","og_locale":"de_DE","og_type":"article","og_title":"Genf - Fund Academy","og_description":"Mit einer st\u00e4ndigen Pr\u00e4senz in Genf bieten wir dieser wichtigen Finanzmetropole denselben Service und dieselben Lehrg\u00e4nge an, wie wir dies in Z\u00fcrich tun. Seit 2022 sind wir mit Christina Riva noch n\u00e4her an der Industrie und erweitern unser Angebot kontinuierlich.","og_url":"https:\/\/www.fund-academy.ch\/de\/about-us\/genf\/","og_site_name":"Fund Academy","article_modified_time":"2022-08-28T10:11:58+00:00","og_image":[{"width":2560,"height":1707,"url":"https:\/\/www.fund-academy.ch\/wp-content\/uploads\/2022\/01\/baptiste-gousset-mzpAUFtykbs-unsplash-scaled.jpg","type":"image\/jpeg"}],"twitter_card":"summary_large_image","schema":{"@context":"https:\/\/schema.org","@graph":[{"@type":"WebPage","@id":"https:\/\/www.fund-academy.ch\/de\/about-us\/genf\/","url":"https:\/\/www.fund-academy.ch\/de\/about-us\/genf\/","name":"Genf - Fund Academy","isPartOf":{"@id":"https:\/\/www.fund-academy.ch\/#website"},"datePublished":"2020-11-28T09:56:16+00:00","dateModified":"2022-08-28T10:11:58+00:00","breadcrumb":{"@id":"https:\/\/www.fund-academy.ch\/de\/about-us\/genf\/#breadcrumb"},"inLanguage":"de","potentialAction":[{"@type":"ReadAction","target":["https:\/\/www.fund-academy.ch\/de\/about-us\/genf\/"]}]},{"@type":"BreadcrumbList","@id":"https:\/\/www.fund-academy.ch\/de\/about-us\/genf\/#breadcrumb","itemListElement":[{"@type":"ListItem","position":1,"name":"Home","item":"https:\/\/www.fund-academy.ch\/de\/"},{"@type":"ListItem","position":2,"name":"Willkommen bei Fund Academy","item":"https:\/\/www.fund-academy.ch\/de\/about-us\/"},{"@type":"ListItem","position":3,"name":"Genf"}]},{"@type":"WebSite","@id":"https:\/\/www.fund-academy.ch\/#website","url":"https:\/\/www.fund-academy.ch\/","name":"Fund Academy","description":"","potentialAction":[{"@type":"SearchAction","target":{"@type":"EntryPoint","urlTemplate":"https:\/\/www.fund-academy.ch\/?s={search_term_string}"},"query-input":"required name=search_term_string"}],"inLanguage":"de"}]}},"_links":{"self":[{"href":"https:\/\/www.fund-academy.ch\/de\/wp-json\/wp\/v2\/pages\/37"}],"collection":[{"href":"https:\/\/www.fund-academy.ch\/de\/wp-json\/wp\/v2\/pages"}],"about":[{"href":"https:\/\/www.fund-academy.ch\/de\/wp-json\/wp\/v2\/types\/page"}],"author":[{"embeddable":true,"href":"https:\/\/www.fund-academy.ch\/de\/wp-json\/wp\/v2\/users\/1"}],"replies":[{"embeddable":true,"href":"https:\/\/www.fund-academy.ch\/de\/wp-json\/wp\/v2\/comments?post=37"}],"version-history":[{"count":4,"href":"https:\/\/www.fund-academy.ch\/de\/wp-json\/wp\/v2\/pages\/37\/revisions"}],"predecessor-version":[{"id":2754,"href":"https:\/\/www.fund-academy.ch\/de\/wp-json\/wp\/v2\/pages\/37\/revisions\/2754"}],"up":[{"embeddable":true,"href":"https:\/\/www.fund-academy.ch\/de\/wp-json\/wp\/v2\/pages\/26"}],"wp:featuredmedia":[{"embeddable":true,"href":"https:\/\/www.fund-academy.ch\/de\/wp-json\/wp\/v2\/media\/2253"}],"wp:attachment":[{"href":"https:\/\/www.fund-academy.ch\/de\/wp-json\/wp\/v2\/media?parent=37"}],"curies":[{"name":"wp","href":"https:\/\/api.w.org\/{rel}","templated":true}]}}