{"id":39,"date":"2020-11-28T10:56:26","date_gmt":"2020-11-28T09:56:26","guid":{"rendered":"https:\/\/www.fund-academy.ch\/?page_id=39"},"modified":"2022-12-07T08:41:20","modified_gmt":"2022-12-07T07:41:20","slug":"luxemburg","status":"publish","type":"page","link":"https:\/\/www.fund-academy.ch\/de\/about-us\/luxemburg\/","title":{"rendered":"Luxemburg"},"content":{"rendered":"<p>Ab Februar 2023 bietet Fund Academy seine ersten Know the FUNDamentals Lehrg\u00e4nge in Luxemburg an. Viele Gespr\u00e4che mit Partnern in Luxemburg haben uns darin best\u00e4rkt, diesen Schritt zu gehen.<br \/>\nDer \u00e4usserst aktive und grosse Markt mit einer grossen Zahl an spannenden Unternehmen und grossen Herausforderungen spornt uns an, unser Wissen und unser Lehrgangsprogramm fest in der Luxemburger Fondsgemeinde zu verankern.<\/p>\n","protected":false},"excerpt":{"rendered":"<p>Ab Februar 2023 bietet Fund Academy seine ersten Know the FUNDamentals Lehrg\u00e4nge in Luxemburg an. Viele Gespr\u00e4che mit Partnern in Luxemburg haben uns darin best\u00e4rkt, diesen Schritt zu gehen. Der \u00e4usserst aktive und grosse Markt mit einer grossen Zahl an spannenden Unternehmen und grossen Herausforderungen spornt uns an, unser Wissen und unser Lehrgangsprogramm fest in <a href=\"https:\/\/www.fund-academy.ch\/de\/about-us\/luxemburg\/\" class=\"more-link\">&#8230;<\/a><\/p>\n","protected":false},"author":1,"featured_media":2256,"parent":26,"menu_order":2,"comment_status":"closed","ping_status":"closed","template":"","meta":[],"acf":[],"yoast_head":"<!-- This site is optimized with the Yoast SEO plugin v20.8 - https:\/\/yoast.com\/wordpress\/plugins\/seo\/ -->\n<title>Luxemburg - Fund Academy<\/title>\n<meta name=\"robots\" content=\"index, follow, max-snippet:-1, max-image-preview:large, max-video-preview:-1\" \/>\n<link rel=\"canonical\" href=\"https:\/\/www.fund-academy.ch\/de\/startseite\/about-us\/luxemburg\/\" \/>\n<meta property=\"og:locale\" content=\"de_DE\" \/>\n<meta property=\"og:type\" content=\"article\" \/>\n<meta property=\"og:title\" content=\"Luxemburg - Fund Academy\" \/>\n<meta property=\"og:description\" content=\"Ab Februar 2023 bietet Fund Academy seine ersten Know the FUNDamentals Lehrg\u00e4nge in Luxemburg an. Viele Gespr\u00e4che mit Partnern in Luxemburg haben uns darin best\u00e4rkt, diesen Schritt zu gehen. Der \u00e4usserst aktive und grosse Markt mit einer grossen Zahl an spannenden Unternehmen und grossen Herausforderungen spornt uns an, unser Wissen und unser Lehrgangsprogramm fest in ...\" \/>\n<meta property=\"og:url\" content=\"https:\/\/www.fund-academy.ch\/de\/startseite\/about-us\/luxemburg\/\" \/>\n<meta property=\"og:site_name\" content=\"Fund Academy\" \/>\n<meta property=\"article:modified_time\" content=\"2022-12-07T07:41:20+00:00\" \/>\n<meta property=\"og:image\" content=\"https:\/\/www.fund-academy.ch\/wp-content\/uploads\/2022\/01\/cedric-letsch-03O_BOsaXGk-unsplash-scaled.jpg\" \/>\n\t<meta property=\"og:image:width\" content=\"2560\" \/>\n\t<meta property=\"og:image:height\" content=\"1707\" \/>\n\t<meta property=\"og:image:type\" content=\"image\/jpeg\" \/>\n<meta name=\"twitter:card\" content=\"summary_large_image\" \/>\n<script type=\"application\/ld+json\" class=\"yoast-schema-graph\">{\"@context\":\"https:\/\/schema.org\",\"@graph\":[{\"@type\":\"WebPage\",\"@id\":\"https:\/\/www.fund-academy.ch\/de\/startseite\/about-us\/luxemburg\/\",\"url\":\"https:\/\/www.fund-academy.ch\/de\/startseite\/about-us\/luxemburg\/\",\"name\":\"Luxemburg - Fund Academy\",\"isPartOf\":{\"@id\":\"https:\/\/www.fund-academy.ch\/#website\"},\"datePublished\":\"2020-11-28T09:56:26+00:00\",\"dateModified\":\"2022-12-07T07:41:20+00:00\",\"breadcrumb\":{\"@id\":\"https:\/\/www.fund-academy.ch\/de\/startseite\/about-us\/luxemburg\/#breadcrumb\"},\"inLanguage\":\"de\",\"potentialAction\":[{\"@type\":\"ReadAction\",\"target\":[\"https:\/\/www.fund-academy.ch\/de\/startseite\/about-us\/luxemburg\/\"]}]},{\"@type\":\"BreadcrumbList\",\"@id\":\"https:\/\/www.fund-academy.ch\/de\/startseite\/about-us\/luxemburg\/#breadcrumb\",\"itemListElement\":[{\"@type\":\"ListItem\",\"position\":1,\"name\":\"Home\",\"item\":\"https:\/\/www.fund-academy.ch\/de\/\"},{\"@type\":\"ListItem\",\"position\":2,\"name\":\"Willkommen bei Fund Academy\",\"item\":\"https:\/\/www.fund-academy.ch\/de\/about-us\/\"},{\"@type\":\"ListItem\",\"position\":3,\"name\":\"Luxemburg\"}]},{\"@type\":\"WebSite\",\"@id\":\"https:\/\/www.fund-academy.ch\/#website\",\"url\":\"https:\/\/www.fund-academy.ch\/\",\"name\":\"Fund Academy\",\"description\":\"\",\"potentialAction\":[{\"@type\":\"SearchAction\",\"target\":{\"@type\":\"EntryPoint\",\"urlTemplate\":\"https:\/\/www.fund-academy.ch\/?s={search_term_string}\"},\"query-input\":\"required name=search_term_string\"}],\"inLanguage\":\"de\"}]}<\/script>\n<!-- \/ Yoast SEO plugin. -->","yoast_head_json":{"title":"Luxemburg - Fund Academy","robots":{"index":"index","follow":"follow","max-snippet":"max-snippet:-1","max-image-preview":"max-image-preview:large","max-video-preview":"max-video-preview:-1"},"canonical":"https:\/\/www.fund-academy.ch\/de\/startseite\/about-us\/luxemburg\/","og_locale":"de_DE","og_type":"article","og_title":"Luxemburg - Fund Academy","og_description":"Ab Februar 2023 bietet Fund Academy seine ersten Know the FUNDamentals Lehrg\u00e4nge in Luxemburg an. Viele Gespr\u00e4che mit Partnern in Luxemburg haben uns darin best\u00e4rkt, diesen Schritt zu gehen. Der \u00e4usserst aktive und grosse Markt mit einer grossen Zahl an spannenden Unternehmen und grossen Herausforderungen spornt uns an, unser Wissen und unser Lehrgangsprogramm fest in ...","og_url":"https:\/\/www.fund-academy.ch\/de\/startseite\/about-us\/luxemburg\/","og_site_name":"Fund Academy","article_modified_time":"2022-12-07T07:41:20+00:00","og_image":[{"width":2560,"height":1707,"url":"https:\/\/www.fund-academy.ch\/wp-content\/uploads\/2022\/01\/cedric-letsch-03O_BOsaXGk-unsplash-scaled.jpg","type":"image\/jpeg"}],"twitter_card":"summary_large_image","schema":{"@context":"https:\/\/schema.org","@graph":[{"@type":"WebPage","@id":"https:\/\/www.fund-academy.ch\/de\/startseite\/about-us\/luxemburg\/","url":"https:\/\/www.fund-academy.ch\/de\/startseite\/about-us\/luxemburg\/","name":"Luxemburg - Fund Academy","isPartOf":{"@id":"https:\/\/www.fund-academy.ch\/#website"},"datePublished":"2020-11-28T09:56:26+00:00","dateModified":"2022-12-07T07:41:20+00:00","breadcrumb":{"@id":"https:\/\/www.fund-academy.ch\/de\/startseite\/about-us\/luxemburg\/#breadcrumb"},"inLanguage":"de","potentialAction":[{"@type":"ReadAction","target":["https:\/\/www.fund-academy.ch\/de\/startseite\/about-us\/luxemburg\/"]}]},{"@type":"BreadcrumbList","@id":"https:\/\/www.fund-academy.ch\/de\/startseite\/about-us\/luxemburg\/#breadcrumb","itemListElement":[{"@type":"ListItem","position":1,"name":"Home","item":"https:\/\/www.fund-academy.ch\/de\/"},{"@type":"ListItem","position":2,"name":"Willkommen bei Fund Academy","item":"https:\/\/www.fund-academy.ch\/de\/about-us\/"},{"@type":"ListItem","position":3,"name":"Luxemburg"}]},{"@type":"WebSite","@id":"https:\/\/www.fund-academy.ch\/#website","url":"https:\/\/www.fund-academy.ch\/","name":"Fund Academy","description":"","potentialAction":[{"@type":"SearchAction","target":{"@type":"EntryPoint","urlTemplate":"https:\/\/www.fund-academy.ch\/?s={search_term_string}"},"query-input":"required name=search_term_string"}],"inLanguage":"de"}]}},"_links":{"self":[{"href":"https:\/\/www.fund-academy.ch\/de\/wp-json\/wp\/v2\/pages\/39"}],"collection":[{"href":"https:\/\/www.fund-academy.ch\/de\/wp-json\/wp\/v2\/pages"}],"about":[{"href":"https:\/\/www.fund-academy.ch\/de\/wp-json\/wp\/v2\/types\/page"}],"author":[{"embeddable":true,"href":"https:\/\/www.fund-academy.ch\/de\/wp-json\/wp\/v2\/users\/1"}],"replies":[{"embeddable":true,"href":"https:\/\/www.fund-academy.ch\/de\/wp-json\/wp\/v2\/comments?post=39"}],"version-history":[{"count":5,"href":"https:\/\/www.fund-academy.ch\/de\/wp-json\/wp\/v2\/pages\/39\/revisions"}],"predecessor-version":[{"id":2833,"href":"https:\/\/www.fund-academy.ch\/de\/wp-json\/wp\/v2\/pages\/39\/revisions\/2833"}],"up":[{"embeddable":true,"href":"https:\/\/www.fund-academy.ch\/de\/wp-json\/wp\/v2\/pages\/26"}],"wp:featuredmedia":[{"embeddable":true,"href":"https:\/\/www.fund-academy.ch\/de\/wp-json\/wp\/v2\/media\/2256"}],"wp:attachment":[{"href":"https:\/\/www.fund-academy.ch\/de\/wp-json\/wp\/v2\/media?parent=39"}],"curies":[{"name":"wp","href":"https:\/\/api.w.org\/{rel}","templated":true}]}}