{"id":41,"date":"2020-11-28T10:56:40","date_gmt":"2020-11-28T09:56:40","guid":{"rendered":"https:\/\/www.fund-academy.ch\/?page_id=41"},"modified":"2023-06-19T16:55:25","modified_gmt":"2023-06-19T14:55:25","slug":"online","status":"publish","type":"page","link":"https:\/\/www.fund-academy.ch\/de\/about-us\/online\/","title":{"rendered":"Online"},"content":{"rendered":"<p>Nat\u00fcrlich treffen wir Sie und unsere Dozierenden am liebsten pers\u00f6nlich\u2026 allerdings bieten wir einige Lehrg\u00e4nge online an.<\/p>\n<p>Vor allem bei Lehrg\u00e4ngen mit einer internationalen Gruppe nutzen wir die online M\u00f6glichkeit, um den Teilnehmenden lange Reisen zu sparen und die Lehrg\u00e4nge so praktisch wie m\u00f6glich f\u00fcr alle zu gestalten.<\/p>\n<p>Wir nutzen haupts\u00e4chlich Zoom, k\u00f6nnen uns aber auch nach Ihren W\u00fcnschen richten und andere Online Tools einsetzen.<\/p>\n","protected":false},"excerpt":{"rendered":"<p>Nat\u00fcrlich treffen wir Sie und unsere Dozierenden am liebsten pers\u00f6nlich\u2026 allerdings bieten wir einige Lehrg\u00e4nge online an. Vor allem bei Lehrg\u00e4ngen mit einer internationalen Gruppe nutzen wir die online M\u00f6glichkeit, um den Teilnehmenden lange Reisen zu sparen und die Lehrg\u00e4nge so praktisch wie m\u00f6glich f\u00fcr alle zu gestalten. Wir nutzen haupts\u00e4chlich Zoom, k\u00f6nnen uns aber <a href=\"https:\/\/www.fund-academy.ch\/de\/about-us\/online\/\" class=\"more-link\">&#8230;<\/a><\/p>\n","protected":false},"author":1,"featured_media":2263,"parent":26,"menu_order":3,"comment_status":"closed","ping_status":"closed","template":"","meta":[],"acf":[],"yoast_head":"<!-- This site is optimized with the Yoast SEO plugin v20.8 - https:\/\/yoast.com\/wordpress\/plugins\/seo\/ -->\n<title>Online - Fund Academy<\/title>\n<meta name=\"robots\" content=\"index, follow, max-snippet:-1, max-image-preview:large, max-video-preview:-1\" \/>\n<link rel=\"canonical\" href=\"https:\/\/www.fund-academy.ch\/de\/about-us\/online\/\" \/>\n<meta property=\"og:locale\" content=\"de_DE\" \/>\n<meta property=\"og:type\" content=\"article\" \/>\n<meta property=\"og:title\" content=\"Online - Fund Academy\" \/>\n<meta property=\"og:description\" content=\"Nat\u00fcrlich treffen wir Sie und unsere Dozierenden am liebsten pers\u00f6nlich\u2026 allerdings bieten wir einige Lehrg\u00e4nge online an. Vor allem bei Lehrg\u00e4ngen mit einer internationalen Gruppe nutzen wir die online M\u00f6glichkeit, um den Teilnehmenden lange Reisen zu sparen und die Lehrg\u00e4nge so praktisch wie m\u00f6glich f\u00fcr alle zu gestalten. Wir nutzen haupts\u00e4chlich Zoom, k\u00f6nnen uns aber ...\" \/>\n<meta property=\"og:url\" content=\"https:\/\/www.fund-academy.ch\/de\/about-us\/online\/\" \/>\n<meta property=\"og:site_name\" content=\"Fund Academy\" \/>\n<meta property=\"article:modified_time\" content=\"2023-06-19T14:55:25+00:00\" \/>\n<meta property=\"og:image\" content=\"https:\/\/www.fund-academy.ch\/wp-content\/uploads\/2022\/01\/laptop-with-blank-black-screen-on-a-white-table-scaled.jpg\" \/>\n\t<meta property=\"og:image:width\" content=\"2560\" \/>\n\t<meta property=\"og:image:height\" content=\"1709\" \/>\n\t<meta property=\"og:image:type\" content=\"image\/jpeg\" \/>\n<meta name=\"twitter:card\" content=\"summary_large_image\" \/>\n<meta name=\"twitter:label1\" content=\"Gesch\u00e4tzte Lesezeit\" \/>\n\t<meta name=\"twitter:data1\" content=\"1\u00a0Minute\" \/>\n<script type=\"application\/ld+json\" class=\"yoast-schema-graph\">{\"@context\":\"https:\/\/schema.org\",\"@graph\":[{\"@type\":\"WebPage\",\"@id\":\"https:\/\/www.fund-academy.ch\/de\/about-us\/online\/\",\"url\":\"https:\/\/www.fund-academy.ch\/de\/about-us\/online\/\",\"name\":\"Online - Fund Academy\",\"isPartOf\":{\"@id\":\"https:\/\/www.fund-academy.ch\/#website\"},\"datePublished\":\"2020-11-28T09:56:40+00:00\",\"dateModified\":\"2023-06-19T14:55:25+00:00\",\"breadcrumb\":{\"@id\":\"https:\/\/www.fund-academy.ch\/de\/about-us\/online\/#breadcrumb\"},\"inLanguage\":\"de\",\"potentialAction\":[{\"@type\":\"ReadAction\",\"target\":[\"https:\/\/www.fund-academy.ch\/de\/about-us\/online\/\"]}]},{\"@type\":\"BreadcrumbList\",\"@id\":\"https:\/\/www.fund-academy.ch\/de\/about-us\/online\/#breadcrumb\",\"itemListElement\":[{\"@type\":\"ListItem\",\"position\":1,\"name\":\"Home\",\"item\":\"https:\/\/www.fund-academy.ch\/de\/\"},{\"@type\":\"ListItem\",\"position\":2,\"name\":\"Willkommen bei Fund Academy\",\"item\":\"https:\/\/www.fund-academy.ch\/de\/about-us\/\"},{\"@type\":\"ListItem\",\"position\":3,\"name\":\"Online\"}]},{\"@type\":\"WebSite\",\"@id\":\"https:\/\/www.fund-academy.ch\/#website\",\"url\":\"https:\/\/www.fund-academy.ch\/\",\"name\":\"Fund Academy\",\"description\":\"\",\"potentialAction\":[{\"@type\":\"SearchAction\",\"target\":{\"@type\":\"EntryPoint\",\"urlTemplate\":\"https:\/\/www.fund-academy.ch\/?s={search_term_string}\"},\"query-input\":\"required name=search_term_string\"}],\"inLanguage\":\"de\"}]}<\/script>\n<!-- \/ Yoast SEO plugin. -->","yoast_head_json":{"title":"Online - Fund Academy","robots":{"index":"index","follow":"follow","max-snippet":"max-snippet:-1","max-image-preview":"max-image-preview:large","max-video-preview":"max-video-preview:-1"},"canonical":"https:\/\/www.fund-academy.ch\/de\/about-us\/online\/","og_locale":"de_DE","og_type":"article","og_title":"Online - Fund Academy","og_description":"Nat\u00fcrlich treffen wir Sie und unsere Dozierenden am liebsten pers\u00f6nlich\u2026 allerdings bieten wir einige Lehrg\u00e4nge online an. Vor allem bei Lehrg\u00e4ngen mit einer internationalen Gruppe nutzen wir die online M\u00f6glichkeit, um den Teilnehmenden lange Reisen zu sparen und die Lehrg\u00e4nge so praktisch wie m\u00f6glich f\u00fcr alle zu gestalten. Wir nutzen haupts\u00e4chlich Zoom, k\u00f6nnen uns aber ...","og_url":"https:\/\/www.fund-academy.ch\/de\/about-us\/online\/","og_site_name":"Fund Academy","article_modified_time":"2023-06-19T14:55:25+00:00","og_image":[{"width":2560,"height":1709,"url":"https:\/\/www.fund-academy.ch\/wp-content\/uploads\/2022\/01\/laptop-with-blank-black-screen-on-a-white-table-scaled.jpg","type":"image\/jpeg"}],"twitter_card":"summary_large_image","twitter_misc":{"Gesch\u00e4tzte Lesezeit":"1\u00a0Minute"},"schema":{"@context":"https:\/\/schema.org","@graph":[{"@type":"WebPage","@id":"https:\/\/www.fund-academy.ch\/de\/about-us\/online\/","url":"https:\/\/www.fund-academy.ch\/de\/about-us\/online\/","name":"Online - Fund Academy","isPartOf":{"@id":"https:\/\/www.fund-academy.ch\/#website"},"datePublished":"2020-11-28T09:56:40+00:00","dateModified":"2023-06-19T14:55:25+00:00","breadcrumb":{"@id":"https:\/\/www.fund-academy.ch\/de\/about-us\/online\/#breadcrumb"},"inLanguage":"de","potentialAction":[{"@type":"ReadAction","target":["https:\/\/www.fund-academy.ch\/de\/about-us\/online\/"]}]},{"@type":"BreadcrumbList","@id":"https:\/\/www.fund-academy.ch\/de\/about-us\/online\/#breadcrumb","itemListElement":[{"@type":"ListItem","position":1,"name":"Home","item":"https:\/\/www.fund-academy.ch\/de\/"},{"@type":"ListItem","position":2,"name":"Willkommen bei Fund Academy","item":"https:\/\/www.fund-academy.ch\/de\/about-us\/"},{"@type":"ListItem","position":3,"name":"Online"}]},{"@type":"WebSite","@id":"https:\/\/www.fund-academy.ch\/#website","url":"https:\/\/www.fund-academy.ch\/","name":"Fund Academy","description":"","potentialAction":[{"@type":"SearchAction","target":{"@type":"EntryPoint","urlTemplate":"https:\/\/www.fund-academy.ch\/?s={search_term_string}"},"query-input":"required name=search_term_string"}],"inLanguage":"de"}]}},"_links":{"self":[{"href":"https:\/\/www.fund-academy.ch\/de\/wp-json\/wp\/v2\/pages\/41"}],"collection":[{"href":"https:\/\/www.fund-academy.ch\/de\/wp-json\/wp\/v2\/pages"}],"about":[{"href":"https:\/\/www.fund-academy.ch\/de\/wp-json\/wp\/v2\/types\/page"}],"author":[{"embeddable":true,"href":"https:\/\/www.fund-academy.ch\/de\/wp-json\/wp\/v2\/users\/1"}],"replies":[{"embeddable":true,"href":"https:\/\/www.fund-academy.ch\/de\/wp-json\/wp\/v2\/comments?post=41"}],"version-history":[{"count":5,"href":"https:\/\/www.fund-academy.ch\/de\/wp-json\/wp\/v2\/pages\/41\/revisions"}],"predecessor-version":[{"id":2994,"href":"https:\/\/www.fund-academy.ch\/de\/wp-json\/wp\/v2\/pages\/41\/revisions\/2994"}],"up":[{"embeddable":true,"href":"https:\/\/www.fund-academy.ch\/de\/wp-json\/wp\/v2\/pages\/26"}],"wp:featuredmedia":[{"embeddable":true,"href":"https:\/\/www.fund-academy.ch\/de\/wp-json\/wp\/v2\/media\/2263"}],"wp:attachment":[{"href":"https:\/\/www.fund-academy.ch\/de\/wp-json\/wp\/v2\/media?parent=41"}],"curies":[{"name":"wp","href":"https:\/\/api.w.org\/{rel}","templated":true}]}}