{"id":47,"date":"2020-11-28T10:58:50","date_gmt":"2020-11-28T09:58:50","guid":{"rendered":"https:\/\/www.fund-academy.ch\/?page_id=47"},"modified":"2022-12-14T19:19:52","modified_gmt":"2022-12-14T18:19:52","slug":"dozierende","status":"publish","type":"page","link":"https:\/\/www.fund-academy.ch\/de\/links\/dozierende\/","title":{"rendered":"Dozierende"},"content":{"rendered":"<p>Bei Fund Academy k\u00f6nnen wir uns jederzeit auf die Unterst\u00fctzung professioneller Dozenten verlassen. Nur mit erfahrenen Praktikern, die mitten im Berufsalltag stehen, ist es m\u00f6glich, die gesamte Breite und vor allem die Tiefe unserer Lehrpl\u00e4ne abzudecken. Unsere Teilnehmenden profitieren von dem jederzeit aktuellen Wissen und dem interaktiven Austausch mit unseren Dozenten.<\/p>\n","protected":false},"excerpt":{"rendered":"<p>Bei Fund Academy k\u00f6nnen wir uns jederzeit auf die Unterst\u00fctzung professioneller Dozenten verlassen. Nur mit erfahrenen Praktikern, die mitten im Berufsalltag stehen, ist es m\u00f6glich, die gesamte Breite und vor allem die Tiefe unserer Lehrpl\u00e4ne abzudecken. Unsere Teilnehmenden profitieren von dem jederzeit aktuellen Wissen und dem interaktiven Austausch mit unseren Dozenten.<\/p>\n","protected":false},"author":1,"featured_media":2913,"parent":1033,"menu_order":2,"comment_status":"closed","ping_status":"closed","template":"page-dozenten.php","meta":[],"acf":[],"yoast_head":"<!-- This site is optimized with the Yoast SEO plugin v20.8 - https:\/\/yoast.com\/wordpress\/plugins\/seo\/ -->\n<title>Dozierende - Fund Academy<\/title>\n<meta name=\"robots\" content=\"index, follow, max-snippet:-1, max-image-preview:large, max-video-preview:-1\" \/>\n<link rel=\"canonical\" href=\"https:\/\/www.fund-academy.ch\/de\/startseite\/links\/dozierende\/\" \/>\n<meta property=\"og:locale\" content=\"de_DE\" \/>\n<meta property=\"og:type\" content=\"article\" \/>\n<meta property=\"og:title\" content=\"Dozierende - Fund Academy\" \/>\n<meta property=\"og:description\" content=\"Bei Fund Academy k\u00f6nnen wir uns jederzeit auf die Unterst\u00fctzung professioneller Dozenten verlassen. Nur mit erfahrenen Praktikern, die mitten im Berufsalltag stehen, ist es m\u00f6glich, die gesamte Breite und vor allem die Tiefe unserer Lehrpl\u00e4ne abzudecken. Unsere Teilnehmenden profitieren von dem jederzeit aktuellen Wissen und dem interaktiven Austausch mit unseren Dozenten.\" \/>\n<meta property=\"og:url\" content=\"https:\/\/www.fund-academy.ch\/de\/startseite\/links\/dozierende\/\" \/>\n<meta property=\"og:site_name\" content=\"Fund Academy\" \/>\n<meta property=\"article:modified_time\" content=\"2022-12-14T18:19:52+00:00\" \/>\n<meta property=\"og:image\" content=\"https:\/\/www.fund-academy.ch\/wp-content\/uploads\/2022\/12\/AdobeStock_509762950-scaled-e1671029099306.jpeg\" \/>\n\t<meta property=\"og:image:width\" content=\"2560\" \/>\n\t<meta property=\"og:image:height\" content=\"1074\" \/>\n\t<meta property=\"og:image:type\" content=\"image\/jpeg\" \/>\n<meta name=\"twitter:card\" content=\"summary_large_image\" \/>\n<script type=\"application\/ld+json\" class=\"yoast-schema-graph\">{\"@context\":\"https:\/\/schema.org\",\"@graph\":[{\"@type\":\"WebPage\",\"@id\":\"https:\/\/www.fund-academy.ch\/de\/startseite\/links\/dozierende\/\",\"url\":\"https:\/\/www.fund-academy.ch\/de\/startseite\/links\/dozierende\/\",\"name\":\"Dozierende - Fund Academy\",\"isPartOf\":{\"@id\":\"https:\/\/www.fund-academy.ch\/#website\"},\"datePublished\":\"2020-11-28T09:58:50+00:00\",\"dateModified\":\"2022-12-14T18:19:52+00:00\",\"breadcrumb\":{\"@id\":\"https:\/\/www.fund-academy.ch\/de\/startseite\/links\/dozierende\/#breadcrumb\"},\"inLanguage\":\"de\",\"potentialAction\":[{\"@type\":\"ReadAction\",\"target\":[\"https:\/\/www.fund-academy.ch\/de\/startseite\/links\/dozierende\/\"]}]},{\"@type\":\"BreadcrumbList\",\"@id\":\"https:\/\/www.fund-academy.ch\/de\/startseite\/links\/dozierende\/#breadcrumb\",\"itemListElement\":[{\"@type\":\"ListItem\",\"position\":1,\"name\":\"Home\",\"item\":\"https:\/\/www.fund-academy.ch\/de\/\"},{\"@type\":\"ListItem\",\"position\":2,\"name\":\"Links\",\"item\":\"https:\/\/www.fund-academy.ch\/de\/startseite\/links\/\"},{\"@type\":\"ListItem\",\"position\":3,\"name\":\"Dozierende\"}]},{\"@type\":\"WebSite\",\"@id\":\"https:\/\/www.fund-academy.ch\/#website\",\"url\":\"https:\/\/www.fund-academy.ch\/\",\"name\":\"Fund Academy\",\"description\":\"\",\"potentialAction\":[{\"@type\":\"SearchAction\",\"target\":{\"@type\":\"EntryPoint\",\"urlTemplate\":\"https:\/\/www.fund-academy.ch\/?s={search_term_string}\"},\"query-input\":\"required name=search_term_string\"}],\"inLanguage\":\"de\"}]}<\/script>\n<!-- \/ Yoast SEO plugin. -->","yoast_head_json":{"title":"Dozierende - Fund Academy","robots":{"index":"index","follow":"follow","max-snippet":"max-snippet:-1","max-image-preview":"max-image-preview:large","max-video-preview":"max-video-preview:-1"},"canonical":"https:\/\/www.fund-academy.ch\/de\/startseite\/links\/dozierende\/","og_locale":"de_DE","og_type":"article","og_title":"Dozierende - Fund Academy","og_description":"Bei Fund Academy k\u00f6nnen wir uns jederzeit auf die Unterst\u00fctzung professioneller Dozenten verlassen. Nur mit erfahrenen Praktikern, die mitten im Berufsalltag stehen, ist es m\u00f6glich, die gesamte Breite und vor allem die Tiefe unserer Lehrpl\u00e4ne abzudecken. Unsere Teilnehmenden profitieren von dem jederzeit aktuellen Wissen und dem interaktiven Austausch mit unseren Dozenten.","og_url":"https:\/\/www.fund-academy.ch\/de\/startseite\/links\/dozierende\/","og_site_name":"Fund Academy","article_modified_time":"2022-12-14T18:19:52+00:00","og_image":[{"width":2560,"height":1074,"url":"https:\/\/www.fund-academy.ch\/wp-content\/uploads\/2022\/12\/AdobeStock_509762950-scaled-e1671029099306.jpeg","type":"image\/jpeg"}],"twitter_card":"summary_large_image","schema":{"@context":"https:\/\/schema.org","@graph":[{"@type":"WebPage","@id":"https:\/\/www.fund-academy.ch\/de\/startseite\/links\/dozierende\/","url":"https:\/\/www.fund-academy.ch\/de\/startseite\/links\/dozierende\/","name":"Dozierende - Fund Academy","isPartOf":{"@id":"https:\/\/www.fund-academy.ch\/#website"},"datePublished":"2020-11-28T09:58:50+00:00","dateModified":"2022-12-14T18:19:52+00:00","breadcrumb":{"@id":"https:\/\/www.fund-academy.ch\/de\/startseite\/links\/dozierende\/#breadcrumb"},"inLanguage":"de","potentialAction":[{"@type":"ReadAction","target":["https:\/\/www.fund-academy.ch\/de\/startseite\/links\/dozierende\/"]}]},{"@type":"BreadcrumbList","@id":"https:\/\/www.fund-academy.ch\/de\/startseite\/links\/dozierende\/#breadcrumb","itemListElement":[{"@type":"ListItem","position":1,"name":"Home","item":"https:\/\/www.fund-academy.ch\/de\/"},{"@type":"ListItem","position":2,"name":"Links","item":"https:\/\/www.fund-academy.ch\/de\/startseite\/links\/"},{"@type":"ListItem","position":3,"name":"Dozierende"}]},{"@type":"WebSite","@id":"https:\/\/www.fund-academy.ch\/#website","url":"https:\/\/www.fund-academy.ch\/","name":"Fund Academy","description":"","potentialAction":[{"@type":"SearchAction","target":{"@type":"EntryPoint","urlTemplate":"https:\/\/www.fund-academy.ch\/?s={search_term_string}"},"query-input":"required name=search_term_string"}],"inLanguage":"de"}]}},"_links":{"self":[{"href":"https:\/\/www.fund-academy.ch\/de\/wp-json\/wp\/v2\/pages\/47"}],"collection":[{"href":"https:\/\/www.fund-academy.ch\/de\/wp-json\/wp\/v2\/pages"}],"about":[{"href":"https:\/\/www.fund-academy.ch\/de\/wp-json\/wp\/v2\/types\/page"}],"author":[{"embeddable":true,"href":"https:\/\/www.fund-academy.ch\/de\/wp-json\/wp\/v2\/users\/1"}],"replies":[{"embeddable":true,"href":"https:\/\/www.fund-academy.ch\/de\/wp-json\/wp\/v2\/comments?post=47"}],"version-history":[{"count":3,"href":"https:\/\/www.fund-academy.ch\/de\/wp-json\/wp\/v2\/pages\/47\/revisions"}],"predecessor-version":[{"id":2626,"href":"https:\/\/www.fund-academy.ch\/de\/wp-json\/wp\/v2\/pages\/47\/revisions\/2626"}],"up":[{"embeddable":true,"href":"https:\/\/www.fund-academy.ch\/de\/wp-json\/wp\/v2\/pages\/1033"}],"wp:featuredmedia":[{"embeddable":true,"href":"https:\/\/www.fund-academy.ch\/de\/wp-json\/wp\/v2\/media\/2913"}],"wp:attachment":[{"href":"https:\/\/www.fund-academy.ch\/de\/wp-json\/wp\/v2\/media?parent=47"}],"curies":[{"name":"wp","href":"https:\/\/api.w.org\/{rel}","templated":true}]}}