{"id":51,"date":"2020-11-28T10:59:05","date_gmt":"2020-11-28T09:59:05","guid":{"rendered":"https:\/\/www.fund-academy.ch\/?page_id=51"},"modified":"2022-08-17T10:46:01","modified_gmt":"2022-08-17T08:46:01","slug":"impressum","status":"publish","type":"page","link":"https:\/\/www.fund-academy.ch\/de\/startseite\/legal\/impressum\/","title":{"rendered":"Impressum"},"content":{"rendered":"<h2>Kontaktadresse<\/h2>\n<p>Fund Academy AG<br \/>\nAlfred Escher-Strasse 26<br \/>\n8002<br \/>\nZ\u00fcrich<\/p>\n<h2>Vertretungsberechtigte Personen<\/h2>\n<p>Andreas W\u00e4schle<\/p>\n<h2>Handelsregistereintrag<\/h2>\n<p>Eingetragener Firmenname: fund-academy AG<br \/>\nNummer: CHE-109.032.892<br \/>\nHandelsregisteramt: Z\u00fcrich<br \/>\nMehrwertsteuernummer: CHE-109.032.892<\/p>\n<h2>Haftungsausschluss<\/h2>\n<p>Der Autor \u00fcbernimmt keinerlei Gew\u00e4hr hinsichtlich der inhaltlichen Richtigkeit, Genauigkeit, Aktualit\u00e4t, Zuverl\u00e4ssigkeit und Vollst\u00e4ndigkeit der Informationen. Haftungsanspr\u00fcche gegen den Autor wegen Sch\u00e4den materieller oder immaterieller Art, welche aus dem Zugriff oder der Nutzung bzw. Nichtnutzung der ver\u00f6ffentlichten Informationen, durch Missbrauch der Verbindung oder durch technische St\u00f6rungen entstanden sind, werden ausgeschlossen. Alle Angebote sind unverbindlich. Der Autor beh\u00e4lt es sich ausdr\u00fccklich vor, Teile der Seiten oder das gesamte Angebot ohne gesonderte Ank\u00fcndigung zu ver\u00e4ndern, zu erg\u00e4nzen, zu l\u00f6schen oder die Ver\u00f6ffentlichung zeitweise oder endg\u00fcltig einzustellen.<\/p>\n<h2>Haftung f\u00fcr Links<\/h2>\n<p>Verweise und Links auf Webseiten Dritter liegen ausserhalb unseres Verantwortungsbereichs. Es wird jegliche Verantwortung f\u00fcr solche Webseiten abgelehnt. Der Zugriff und die Nutzung solcher Webseiten erfolgen auf eigene Gefahr des Nutzers oder der Nutzerin.<\/p>\n<h2>Urheberrechte<\/h2>\n<p>Die Urheber- und alle anderen Rechte an Inhalten, Bildern, Fotos oder anderen Dateien auf der Website geh\u00f6ren ausschliesslich der Firma Fund Academy AG oder den speziell genannten Rechtsinhabern. F\u00fcr die Reproduktion jeglicher Elemente ist die schriftliche Zustimmung der Urheberrechtstr\u00e4ger im Voraus einzuholen.<\/p>\n<p>Datenschutzerkl\u00e4rung f\u00fcr die Nutzung von Google Analytics<\/p>\n<p>Diese Website benutzt Google Analytics, einen Webanalysedienst der Google Inc. (\u00abGoogle\u00bb). Google Analytics verwendet sog. \u00abCookies\u00bb, Textdateien, die auf Ihrem Computer gespeichert werden und die eine Analyse der Benutzung der Website durch Sie erm\u00f6glichen. Die durch den Cookie erzeugten Informationen \u00fcber Ihre Benutzung dieser Website werden in der Regel an einen Server von Google in den USA \u00fcbertragen und dort gespeichert. Im Falle der Aktivierung der IP-Anonymisierung auf dieser Webseite wird Ihre IP-Adresse von Google jedoch innerhalb von Mitgliedstaaten der Europ\u00e4ischen Union oder in anderen Vertragsstaaten des Abkommens \u00fcber den Europ\u00e4ischen Wirtschaftsraum zuvor gek\u00fcrzt.<\/p>\n<p>Nur in Ausnahmef\u00e4llen wird die volle IP-Adresse an einen Server von Google in den USA \u00fcbertragen und dort gek\u00fcrzt. Google wird diese Informationen benutzen, um Ihre Nutzung der Website auszuwerten, um Reports \u00fcber die Websiteaktivit\u00e4ten f\u00fcr die Websitebetreiber zusammenzustellen und um weitere mit der Websitenutzung und der Internetnutzung verbundene Dienstleistungen zu erbringen. Auch wird Google diese Informationen gegebenenfalls an Dritte \u00fcbertragen, sofern dies gesetzlich vorgeschrieben oder soweit Dritte diese Daten im Auftrag von Google verarbeiten. Die im Rahmen von Google Analytics von Ihrem Browser \u00fcbermittelte IP-Adresse wird nicht mit anderen Daten von Google zusammengef\u00fchrt.<\/p>\n<p>Sie k\u00f6nnen die Installation der Cookies durch eine entsprechende Einstellung Ihrer Browser Software verhindern; wir weisen Sie jedoch darauf hin, dass Sie in diesem Fall gegebenenfalls nicht s\u00e4mtliche Funktionen dieser Website voll umf\u00e4nglich nutzen k\u00f6nnen. Durch die Nutzung dieser Website erkl\u00e4ren Sie sich mit der Bearbeitung der \u00fcber Sie erhobenen Daten durch Google in der zuvor beschriebenen Art und Weise und zu dem zuvor benannten Zweck einverstanden.<\/p>\n","protected":false},"excerpt":{"rendered":"<p>Kontaktadresse Fund Academy AG Alfred Escher-Strasse 26 8002 Z\u00fcrich Vertretungsberechtigte Personen Andreas W\u00e4schle Handelsregistereintrag Eingetragener Firmenname: fund-academy AG Nummer: CHE-109.032.892 Handelsregisteramt: Z\u00fcrich Mehrwertsteuernummer: CHE-109.032.892 Haftungsausschluss Der Autor \u00fcbernimmt keinerlei Gew\u00e4hr hinsichtlich der inhaltlichen Richtigkeit, Genauigkeit, Aktualit\u00e4t, Zuverl\u00e4ssigkeit und Vollst\u00e4ndigkeit der Informationen. Haftungsanspr\u00fcche gegen den Autor wegen Sch\u00e4den materieller oder immaterieller Art, welche aus dem Zugriff <a href=\"https:\/\/www.fund-academy.ch\/de\/startseite\/legal\/impressum\/\" class=\"more-link\">&#8230;<\/a><\/p>\n","protected":false},"author":1,"featured_media":0,"parent":49,"menu_order":2,"comment_status":"closed","ping_status":"closed","template":"page-text.php","meta":[],"acf":[],"yoast_head":"<!-- This site is optimized with the Yoast SEO plugin v20.8 - https:\/\/yoast.com\/wordpress\/plugins\/seo\/ -->\n<title>Impressum - Fund Academy<\/title>\n<meta name=\"robots\" content=\"index, follow, max-snippet:-1, max-image-preview:large, max-video-preview:-1\" \/>\n<link rel=\"canonical\" href=\"https:\/\/www.fund-academy.ch\/de\/startseite\/legal\/impressum\/\" \/>\n<meta property=\"og:locale\" content=\"de_DE\" \/>\n<meta property=\"og:type\" content=\"article\" \/>\n<meta property=\"og:title\" content=\"Impressum - Fund Academy\" \/>\n<meta property=\"og:description\" content=\"Kontaktadresse Fund Academy AG Alfred Escher-Strasse 26 8002 Z\u00fcrich Vertretungsberechtigte Personen Andreas W\u00e4schle Handelsregistereintrag Eingetragener Firmenname: fund-academy AG Nummer: CHE-109.032.892 Handelsregisteramt: Z\u00fcrich Mehrwertsteuernummer: CHE-109.032.892 Haftungsausschluss Der Autor \u00fcbernimmt keinerlei Gew\u00e4hr hinsichtlich der inhaltlichen Richtigkeit, Genauigkeit, Aktualit\u00e4t, Zuverl\u00e4ssigkeit und Vollst\u00e4ndigkeit der Informationen. Haftungsanspr\u00fcche gegen den Autor wegen Sch\u00e4den materieller oder immaterieller Art, welche aus dem Zugriff ...\" \/>\n<meta property=\"og:url\" content=\"https:\/\/www.fund-academy.ch\/de\/startseite\/legal\/impressum\/\" \/>\n<meta property=\"og:site_name\" content=\"Fund Academy\" \/>\n<meta property=\"article:modified_time\" content=\"2022-08-17T08:46:01+00:00\" \/>\n<meta name=\"twitter:card\" content=\"summary_large_image\" \/>\n<meta name=\"twitter:label1\" content=\"Gesch\u00e4tzte Lesezeit\" \/>\n\t<meta name=\"twitter:data1\" content=\"2\u00a0Minuten\" \/>\n<script type=\"application\/ld+json\" class=\"yoast-schema-graph\">{\"@context\":\"https:\/\/schema.org\",\"@graph\":[{\"@type\":\"WebPage\",\"@id\":\"https:\/\/www.fund-academy.ch\/de\/startseite\/legal\/impressum\/\",\"url\":\"https:\/\/www.fund-academy.ch\/de\/startseite\/legal\/impressum\/\",\"name\":\"Impressum - Fund Academy\",\"isPartOf\":{\"@id\":\"https:\/\/www.fund-academy.ch\/#website\"},\"datePublished\":\"2020-11-28T09:59:05+00:00\",\"dateModified\":\"2022-08-17T08:46:01+00:00\",\"breadcrumb\":{\"@id\":\"https:\/\/www.fund-academy.ch\/de\/startseite\/legal\/impressum\/#breadcrumb\"},\"inLanguage\":\"de\",\"potentialAction\":[{\"@type\":\"ReadAction\",\"target\":[\"https:\/\/www.fund-academy.ch\/de\/startseite\/legal\/impressum\/\"]}]},{\"@type\":\"BreadcrumbList\",\"@id\":\"https:\/\/www.fund-academy.ch\/de\/startseite\/legal\/impressum\/#breadcrumb\",\"itemListElement\":[{\"@type\":\"ListItem\",\"position\":1,\"name\":\"Home\",\"item\":\"https:\/\/www.fund-academy.ch\/de\/\"},{\"@type\":\"ListItem\",\"position\":2,\"name\":\"Startseite\",\"item\":\"https:\/\/www.fund-academy.ch\/de\/\"},{\"@type\":\"ListItem\",\"position\":3,\"name\":\"Legal\",\"item\":\"https:\/\/www.fund-academy.ch\/de\/startseite\/legal\/\"},{\"@type\":\"ListItem\",\"position\":4,\"name\":\"Impressum\"}]},{\"@type\":\"WebSite\",\"@id\":\"https:\/\/www.fund-academy.ch\/#website\",\"url\":\"https:\/\/www.fund-academy.ch\/\",\"name\":\"Fund Academy\",\"description\":\"\",\"potentialAction\":[{\"@type\":\"SearchAction\",\"target\":{\"@type\":\"EntryPoint\",\"urlTemplate\":\"https:\/\/www.fund-academy.ch\/?s={search_term_string}\"},\"query-input\":\"required name=search_term_string\"}],\"inLanguage\":\"de\"}]}<\/script>\n<!-- \/ Yoast SEO plugin. -->","yoast_head_json":{"title":"Impressum - Fund Academy","robots":{"index":"index","follow":"follow","max-snippet":"max-snippet:-1","max-image-preview":"max-image-preview:large","max-video-preview":"max-video-preview:-1"},"canonical":"https:\/\/www.fund-academy.ch\/de\/startseite\/legal\/impressum\/","og_locale":"de_DE","og_type":"article","og_title":"Impressum - Fund Academy","og_description":"Kontaktadresse Fund Academy AG Alfred Escher-Strasse 26 8002 Z\u00fcrich Vertretungsberechtigte Personen Andreas W\u00e4schle Handelsregistereintrag Eingetragener Firmenname: fund-academy AG Nummer: CHE-109.032.892 Handelsregisteramt: Z\u00fcrich Mehrwertsteuernummer: CHE-109.032.892 Haftungsausschluss Der Autor \u00fcbernimmt keinerlei Gew\u00e4hr hinsichtlich der inhaltlichen Richtigkeit, Genauigkeit, Aktualit\u00e4t, Zuverl\u00e4ssigkeit und Vollst\u00e4ndigkeit der Informationen. Haftungsanspr\u00fcche gegen den Autor wegen Sch\u00e4den materieller oder immaterieller Art, welche aus dem Zugriff ...","og_url":"https:\/\/www.fund-academy.ch\/de\/startseite\/legal\/impressum\/","og_site_name":"Fund Academy","article_modified_time":"2022-08-17T08:46:01+00:00","twitter_card":"summary_large_image","twitter_misc":{"Gesch\u00e4tzte Lesezeit":"2\u00a0Minuten"},"schema":{"@context":"https:\/\/schema.org","@graph":[{"@type":"WebPage","@id":"https:\/\/www.fund-academy.ch\/de\/startseite\/legal\/impressum\/","url":"https:\/\/www.fund-academy.ch\/de\/startseite\/legal\/impressum\/","name":"Impressum - Fund Academy","isPartOf":{"@id":"https:\/\/www.fund-academy.ch\/#website"},"datePublished":"2020-11-28T09:59:05+00:00","dateModified":"2022-08-17T08:46:01+00:00","breadcrumb":{"@id":"https:\/\/www.fund-academy.ch\/de\/startseite\/legal\/impressum\/#breadcrumb"},"inLanguage":"de","potentialAction":[{"@type":"ReadAction","target":["https:\/\/www.fund-academy.ch\/de\/startseite\/legal\/impressum\/"]}]},{"@type":"BreadcrumbList","@id":"https:\/\/www.fund-academy.ch\/de\/startseite\/legal\/impressum\/#breadcrumb","itemListElement":[{"@type":"ListItem","position":1,"name":"Home","item":"https:\/\/www.fund-academy.ch\/de\/"},{"@type":"ListItem","position":2,"name":"Startseite","item":"https:\/\/www.fund-academy.ch\/de\/"},{"@type":"ListItem","position":3,"name":"Legal","item":"https:\/\/www.fund-academy.ch\/de\/startseite\/legal\/"},{"@type":"ListItem","position":4,"name":"Impressum"}]},{"@type":"WebSite","@id":"https:\/\/www.fund-academy.ch\/#website","url":"https:\/\/www.fund-academy.ch\/","name":"Fund Academy","description":"","potentialAction":[{"@type":"SearchAction","target":{"@type":"EntryPoint","urlTemplate":"https:\/\/www.fund-academy.ch\/?s={search_term_string}"},"query-input":"required name=search_term_string"}],"inLanguage":"de"}]}},"_links":{"self":[{"href":"https:\/\/www.fund-academy.ch\/de\/wp-json\/wp\/v2\/pages\/51"}],"collection":[{"href":"https:\/\/www.fund-academy.ch\/de\/wp-json\/wp\/v2\/pages"}],"about":[{"href":"https:\/\/www.fund-academy.ch\/de\/wp-json\/wp\/v2\/types\/page"}],"author":[{"embeddable":true,"href":"https:\/\/www.fund-academy.ch\/de\/wp-json\/wp\/v2\/users\/1"}],"replies":[{"embeddable":true,"href":"https:\/\/www.fund-academy.ch\/de\/wp-json\/wp\/v2\/comments?post=51"}],"version-history":[{"count":2,"href":"https:\/\/www.fund-academy.ch\/de\/wp-json\/wp\/v2\/pages\/51\/revisions"}],"predecessor-version":[{"id":2678,"href":"https:\/\/www.fund-academy.ch\/de\/wp-json\/wp\/v2\/pages\/51\/revisions\/2678"}],"up":[{"embeddable":true,"href":"https:\/\/www.fund-academy.ch\/de\/wp-json\/wp\/v2\/pages\/49"}],"wp:attachment":[{"href":"https:\/\/www.fund-academy.ch\/de\/wp-json\/wp\/v2\/media?parent=51"}],"curies":[{"name":"wp","href":"https:\/\/api.w.org\/{rel}","templated":true}]}}