{"id":1032,"date":"2020-12-17T12:22:42","date_gmt":"2020-12-17T11:22:42","guid":{"rendered":"https:\/\/www.fund-academy.ch\/links\/"},"modified":"2022-12-07T08:42:58","modified_gmt":"2022-12-07T07:42:58","slug":"links","status":"publish","type":"page","link":"https:\/\/www.fund-academy.ch\/fr\/links\/","title":{"rendered":"Links"},"content":{"rendered":"<p>Notre industrie est en constante \u00e9volution, que ce soit en mati\u00e8re de r\u00e9glementation, de palette de produits ou de technologie. Nous mettons \u00e0 disposition de nos participants des liens, des r\u00e9f\u00e9rences bibliographiques et des informations de fond sur les d\u00e9veloppements les plus r\u00e9cents.<br \/>\nNos intervenants transmettent les bonnes pratiques les plus actuelles de notre industrie.<\/p>\n","protected":false},"excerpt":{"rendered":"<p>Notre industrie est en constante \u00e9volution, que ce soit en mati\u00e8re de r\u00e9glementation, de palette de produits ou de technologie. Nous mettons \u00e0 disposition de nos participants des liens, des r\u00e9f\u00e9rences bibliographiques et des informations de fond sur les d\u00e9veloppements les plus r\u00e9cents. Nos intervenants transmettent les bonnes pratiques les plus actuelles de notre industrie.<\/p>\n","protected":false},"author":1,"featured_media":2915,"parent":0,"menu_order":9,"comment_status":"closed","ping_status":"closed","template":"page-about_us.php","meta":[],"acf":[],"yoast_head":"<!-- This site is optimized with the Yoast SEO plugin v20.8 - https:\/\/yoast.com\/wordpress\/plugins\/seo\/ -->\n<title>Links - Fund Academy<\/title>\n<meta name=\"robots\" content=\"index, follow, max-snippet:-1, max-image-preview:large, max-video-preview:-1\" \/>\n<link rel=\"canonical\" href=\"https:\/\/www.fund-academy.ch\/fr\/startseite\/links\/\" \/>\n<meta property=\"og:locale\" content=\"fr_FR\" \/>\n<meta property=\"og:type\" content=\"article\" \/>\n<meta property=\"og:title\" content=\"Links - Fund Academy\" \/>\n<meta property=\"og:description\" content=\"Notre industrie est en constante \u00e9volution, que ce soit en mati\u00e8re de r\u00e9glementation, de palette de produits ou de technologie. Nous mettons \u00e0 disposition de nos participants des liens, des r\u00e9f\u00e9rences bibliographiques et des informations de fond sur les d\u00e9veloppements les plus r\u00e9cents. Nos intervenants transmettent les bonnes pratiques les plus actuelles de notre industrie.\" \/>\n<meta property=\"og:url\" content=\"https:\/\/www.fund-academy.ch\/fr\/startseite\/links\/\" \/>\n<meta property=\"og:site_name\" content=\"Fund Academy\" \/>\n<meta property=\"article:modified_time\" content=\"2022-12-07T07:42:58+00:00\" \/>\n<meta property=\"og:image\" content=\"https:\/\/www.fund-academy.ch\/wp-content\/uploads\/2022\/12\/AdobeStock_183214829-scaled-e1671030139184.jpeg\" \/>\n\t<meta property=\"og:image:width\" content=\"2560\" \/>\n\t<meta property=\"og:image:height\" content=\"1350\" \/>\n\t<meta property=\"og:image:type\" content=\"image\/jpeg\" \/>\n<meta name=\"twitter:card\" content=\"summary_large_image\" \/>\n<script type=\"application\/ld+json\" class=\"yoast-schema-graph\">{\"@context\":\"https:\/\/schema.org\",\"@graph\":[{\"@type\":\"WebPage\",\"@id\":\"https:\/\/www.fund-academy.ch\/fr\/startseite\/links\/\",\"url\":\"https:\/\/www.fund-academy.ch\/fr\/startseite\/links\/\",\"name\":\"Links - Fund Academy\",\"isPartOf\":{\"@id\":\"https:\/\/www.fund-academy.ch\/#website\"},\"datePublished\":\"2020-12-17T11:22:42+00:00\",\"dateModified\":\"2022-12-07T07:42:58+00:00\",\"breadcrumb\":{\"@id\":\"https:\/\/www.fund-academy.ch\/fr\/startseite\/links\/#breadcrumb\"},\"inLanguage\":\"fr-FR\",\"potentialAction\":[{\"@type\":\"ReadAction\",\"target\":[\"https:\/\/www.fund-academy.ch\/fr\/startseite\/links\/\"]}]},{\"@type\":\"BreadcrumbList\",\"@id\":\"https:\/\/www.fund-academy.ch\/fr\/startseite\/links\/#breadcrumb\",\"itemListElement\":[{\"@type\":\"ListItem\",\"position\":1,\"name\":\"Home\",\"item\":\"https:\/\/www.fund-academy.ch\/fr\/\"},{\"@type\":\"ListItem\",\"position\":2,\"name\":\"Accueil\",\"item\":\"https:\/\/www.fund-academy.ch\/fr\/\"},{\"@type\":\"ListItem\",\"position\":3,\"name\":\"Links\"}]},{\"@type\":\"WebSite\",\"@id\":\"https:\/\/www.fund-academy.ch\/#website\",\"url\":\"https:\/\/www.fund-academy.ch\/\",\"name\":\"Fund Academy\",\"description\":\"\",\"potentialAction\":[{\"@type\":\"SearchAction\",\"target\":{\"@type\":\"EntryPoint\",\"urlTemplate\":\"https:\/\/www.fund-academy.ch\/?s={search_term_string}\"},\"query-input\":\"required name=search_term_string\"}],\"inLanguage\":\"fr-FR\"}]}<\/script>\n<!-- \/ Yoast SEO plugin. -->","yoast_head_json":{"title":"Links - Fund Academy","robots":{"index":"index","follow":"follow","max-snippet":"max-snippet:-1","max-image-preview":"max-image-preview:large","max-video-preview":"max-video-preview:-1"},"canonical":"https:\/\/www.fund-academy.ch\/fr\/startseite\/links\/","og_locale":"fr_FR","og_type":"article","og_title":"Links - Fund Academy","og_description":"Notre industrie est en constante \u00e9volution, que ce soit en mati\u00e8re de r\u00e9glementation, de palette de produits ou de technologie. Nous mettons \u00e0 disposition de nos participants des liens, des r\u00e9f\u00e9rences bibliographiques et des informations de fond sur les d\u00e9veloppements les plus r\u00e9cents. Nos intervenants transmettent les bonnes pratiques les plus actuelles de notre industrie.","og_url":"https:\/\/www.fund-academy.ch\/fr\/startseite\/links\/","og_site_name":"Fund Academy","article_modified_time":"2022-12-07T07:42:58+00:00","og_image":[{"width":2560,"height":1350,"url":"https:\/\/www.fund-academy.ch\/wp-content\/uploads\/2022\/12\/AdobeStock_183214829-scaled-e1671030139184.jpeg","type":"image\/jpeg"}],"twitter_card":"summary_large_image","schema":{"@context":"https:\/\/schema.org","@graph":[{"@type":"WebPage","@id":"https:\/\/www.fund-academy.ch\/fr\/startseite\/links\/","url":"https:\/\/www.fund-academy.ch\/fr\/startseite\/links\/","name":"Links - Fund Academy","isPartOf":{"@id":"https:\/\/www.fund-academy.ch\/#website"},"datePublished":"2020-12-17T11:22:42+00:00","dateModified":"2022-12-07T07:42:58+00:00","breadcrumb":{"@id":"https:\/\/www.fund-academy.ch\/fr\/startseite\/links\/#breadcrumb"},"inLanguage":"fr-FR","potentialAction":[{"@type":"ReadAction","target":["https:\/\/www.fund-academy.ch\/fr\/startseite\/links\/"]}]},{"@type":"BreadcrumbList","@id":"https:\/\/www.fund-academy.ch\/fr\/startseite\/links\/#breadcrumb","itemListElement":[{"@type":"ListItem","position":1,"name":"Home","item":"https:\/\/www.fund-academy.ch\/fr\/"},{"@type":"ListItem","position":2,"name":"Accueil","item":"https:\/\/www.fund-academy.ch\/fr\/"},{"@type":"ListItem","position":3,"name":"Links"}]},{"@type":"WebSite","@id":"https:\/\/www.fund-academy.ch\/#website","url":"https:\/\/www.fund-academy.ch\/","name":"Fund Academy","description":"","potentialAction":[{"@type":"SearchAction","target":{"@type":"EntryPoint","urlTemplate":"https:\/\/www.fund-academy.ch\/?s={search_term_string}"},"query-input":"required name=search_term_string"}],"inLanguage":"fr-FR"}]}},"_links":{"self":[{"href":"https:\/\/www.fund-academy.ch\/fr\/wp-json\/wp\/v2\/pages\/1032"}],"collection":[{"href":"https:\/\/www.fund-academy.ch\/fr\/wp-json\/wp\/v2\/pages"}],"about":[{"href":"https:\/\/www.fund-academy.ch\/fr\/wp-json\/wp\/v2\/types\/page"}],"author":[{"embeddable":true,"href":"https:\/\/www.fund-academy.ch\/fr\/wp-json\/wp\/v2\/users\/1"}],"replies":[{"embeddable":true,"href":"https:\/\/www.fund-academy.ch\/fr\/wp-json\/wp\/v2\/comments?post=1032"}],"version-history":[{"count":3,"href":"https:\/\/www.fund-academy.ch\/fr\/wp-json\/wp\/v2\/pages\/1032\/revisions"}],"predecessor-version":[{"id":2836,"href":"https:\/\/www.fund-academy.ch\/fr\/wp-json\/wp\/v2\/pages\/1032\/revisions\/2836"}],"wp:featuredmedia":[{"embeddable":true,"href":"https:\/\/www.fund-academy.ch\/fr\/wp-json\/wp\/v2\/media\/2915"}],"wp:attachment":[{"href":"https:\/\/www.fund-academy.ch\/fr\/wp-json\/wp\/v2\/media?parent=1032"}],"curies":[{"name":"wp","href":"https:\/\/api.w.org\/{rel}","templated":true}]}}