{"id":114,"date":"2020-11-28T11:08:44","date_gmt":"2020-11-28T10:08:44","guid":{"rendered":"https:\/\/www.fund-academy.ch\/compliance-training\/"},"modified":"2025-01-24T13:25:24","modified_gmt":"2025-01-24T12:25:24","slug":"fund-trends","status":"publish","type":"page","link":"https:\/\/www.fund-academy.ch\/fr\/fund-trends\/","title":{"rendered":"Fund Trends \u2013 D\u00e9veloppements et perspectives de l&rsquo;industrie"},"content":{"rendered":"<p>Le domaine des placements collectifs de capitaux semble immuable et \u00e0 l\u2019abri des tendances \u00e0 court terme. Mais il est n\u00e9anmoins impact\u00e9 par des \u00e9volutions fondamentales, notamment sur les plans r\u00e9glementaires et technologiques.<\/p>\n<p>Avec nos modules Fund Trends, nous abordons ces d\u00e9veloppements de fond de l&rsquo;industrie et donnons aux participants une introduction aux th\u00e8mes \u00ab\u00a0chauds \u00bb qui vont impacter notre domaine d\u2019activit\u00e9 dans les prochaines ann\u00e9es. Les th\u00e8mes actuels sont la finance durable et les exigences ESG, la digitalisation \/ tok\u00e9nisation et analyse de fonds \/ gestion de portefeuille.<\/p>\n<p>Des praticiens chevronn\u00e9s partagent avec les participants leurs connaissances et leur exp\u00e9rience dans leurs domaines respectifs.<\/p>\n","protected":false},"excerpt":{"rendered":"<p>Le domaine des placements collectifs de capitaux semble immuable et \u00e0 l\u2019abri des tendances \u00e0 court terme. Mais il est n\u00e9anmoins impact\u00e9 par des \u00e9volutions fondamentales, notamment sur les plans r\u00e9glementaires et technologiques. Avec nos modules Fund Trends, nous abordons ces d\u00e9veloppements de fond de l&rsquo;industrie et donnons aux participants une introduction aux th\u00e8mes \u00ab\u00a0chauds <a href=\"https:\/\/www.fund-academy.ch\/fr\/fund-trends\/\" class=\"more-link\">&#8230;<\/a><\/p>\n","protected":false},"author":1,"featured_media":2921,"parent":0,"menu_order":4,"comment_status":"closed","ping_status":"closed","template":"page-linked_pages.php","meta":[],"acf":[],"yoast_head":"<!-- This site is optimized with the Yoast SEO plugin v20.8 - https:\/\/yoast.com\/wordpress\/plugins\/seo\/ -->\n<title>Fund Trends \u2013 D\u00e9veloppements et perspectives de l&#039;industrie - Fund Academy<\/title>\n<meta name=\"robots\" content=\"index, follow, max-snippet:-1, max-image-preview:large, max-video-preview:-1\" \/>\n<link rel=\"canonical\" href=\"https:\/\/www.fund-academy.ch\/fr\/fund-trends\/\" \/>\n<meta property=\"og:locale\" content=\"fr_FR\" \/>\n<meta property=\"og:type\" content=\"article\" \/>\n<meta property=\"og:title\" content=\"Fund Trends \u2013 D\u00e9veloppements et perspectives de l&#039;industrie - Fund Academy\" \/>\n<meta property=\"og:description\" content=\"Le domaine des placements collectifs de capitaux semble immuable et \u00e0 l\u2019abri des tendances \u00e0 court terme. Mais il est n\u00e9anmoins impact\u00e9 par des \u00e9volutions fondamentales, notamment sur les plans r\u00e9glementaires et technologiques. Avec nos modules Fund Trends, nous abordons ces d\u00e9veloppements de fond de l&rsquo;industrie et donnons aux participants une introduction aux th\u00e8mes \u00ab\u00a0chauds ...\" \/>\n<meta property=\"og:url\" content=\"https:\/\/www.fund-academy.ch\/fr\/fund-trends\/\" \/>\n<meta property=\"og:site_name\" content=\"Fund Academy\" \/>\n<meta property=\"article:modified_time\" content=\"2025-01-24T12:25:24+00:00\" \/>\n<meta property=\"og:image\" content=\"https:\/\/www.fund-academy.ch\/wp-content\/uploads\/2022\/12\/AdobeStock_303731438-1024x683.jpeg\" \/>\n\t<meta property=\"og:image:width\" content=\"1024\" \/>\n\t<meta property=\"og:image:height\" content=\"683\" \/>\n\t<meta property=\"og:image:type\" content=\"image\/jpeg\" \/>\n<meta name=\"twitter:card\" content=\"summary_large_image\" \/>\n<meta name=\"twitter:label1\" content=\"Dur\u00e9e de lecture estim\u00e9e\" \/>\n\t<meta name=\"twitter:data1\" content=\"1 minute\" \/>\n<script type=\"application\/ld+json\" class=\"yoast-schema-graph\">{\"@context\":\"https:\/\/schema.org\",\"@graph\":[{\"@type\":\"WebPage\",\"@id\":\"https:\/\/www.fund-academy.ch\/fr\/fund-trends\/\",\"url\":\"https:\/\/www.fund-academy.ch\/fr\/fund-trends\/\",\"name\":\"Fund Trends \u2013 D\u00e9veloppements et perspectives de l'industrie - Fund Academy\",\"isPartOf\":{\"@id\":\"https:\/\/www.fund-academy.ch\/#website\"},\"datePublished\":\"2020-11-28T10:08:44+00:00\",\"dateModified\":\"2025-01-24T12:25:24+00:00\",\"breadcrumb\":{\"@id\":\"https:\/\/www.fund-academy.ch\/fr\/fund-trends\/#breadcrumb\"},\"inLanguage\":\"fr-FR\",\"potentialAction\":[{\"@type\":\"ReadAction\",\"target\":[\"https:\/\/www.fund-academy.ch\/fr\/fund-trends\/\"]}]},{\"@type\":\"BreadcrumbList\",\"@id\":\"https:\/\/www.fund-academy.ch\/fr\/fund-trends\/#breadcrumb\",\"itemListElement\":[{\"@type\":\"ListItem\",\"position\":1,\"name\":\"Home\",\"item\":\"https:\/\/www.fund-academy.ch\/fr\/\"},{\"@type\":\"ListItem\",\"position\":2,\"name\":\"Fund Trends \u2013 D\u00e9veloppements et perspectives de l&#8217;industrie\"}]},{\"@type\":\"WebSite\",\"@id\":\"https:\/\/www.fund-academy.ch\/#website\",\"url\":\"https:\/\/www.fund-academy.ch\/\",\"name\":\"Fund Academy\",\"description\":\"\",\"potentialAction\":[{\"@type\":\"SearchAction\",\"target\":{\"@type\":\"EntryPoint\",\"urlTemplate\":\"https:\/\/www.fund-academy.ch\/?s={search_term_string}\"},\"query-input\":\"required name=search_term_string\"}],\"inLanguage\":\"fr-FR\"}]}<\/script>\n<!-- \/ Yoast SEO plugin. -->","yoast_head_json":{"title":"Fund Trends \u2013 D\u00e9veloppements et perspectives de l'industrie - Fund Academy","robots":{"index":"index","follow":"follow","max-snippet":"max-snippet:-1","max-image-preview":"max-image-preview:large","max-video-preview":"max-video-preview:-1"},"canonical":"https:\/\/www.fund-academy.ch\/fr\/fund-trends\/","og_locale":"fr_FR","og_type":"article","og_title":"Fund Trends \u2013 D\u00e9veloppements et perspectives de l'industrie - Fund Academy","og_description":"Le domaine des placements collectifs de capitaux semble immuable et \u00e0 l\u2019abri des tendances \u00e0 court terme. Mais il est n\u00e9anmoins impact\u00e9 par des \u00e9volutions fondamentales, notamment sur les plans r\u00e9glementaires et technologiques. Avec nos modules Fund Trends, nous abordons ces d\u00e9veloppements de fond de l&rsquo;industrie et donnons aux participants une introduction aux th\u00e8mes \u00ab\u00a0chauds ...","og_url":"https:\/\/www.fund-academy.ch\/fr\/fund-trends\/","og_site_name":"Fund Academy","article_modified_time":"2025-01-24T12:25:24+00:00","og_image":[{"width":1024,"height":683,"url":"https:\/\/www.fund-academy.ch\/wp-content\/uploads\/2022\/12\/AdobeStock_303731438-1024x683.jpeg","type":"image\/jpeg"}],"twitter_card":"summary_large_image","twitter_misc":{"Dur\u00e9e de lecture estim\u00e9e":"1 minute"},"schema":{"@context":"https:\/\/schema.org","@graph":[{"@type":"WebPage","@id":"https:\/\/www.fund-academy.ch\/fr\/fund-trends\/","url":"https:\/\/www.fund-academy.ch\/fr\/fund-trends\/","name":"Fund Trends \u2013 D\u00e9veloppements et perspectives de l'industrie - Fund Academy","isPartOf":{"@id":"https:\/\/www.fund-academy.ch\/#website"},"datePublished":"2020-11-28T10:08:44+00:00","dateModified":"2025-01-24T12:25:24+00:00","breadcrumb":{"@id":"https:\/\/www.fund-academy.ch\/fr\/fund-trends\/#breadcrumb"},"inLanguage":"fr-FR","potentialAction":[{"@type":"ReadAction","target":["https:\/\/www.fund-academy.ch\/fr\/fund-trends\/"]}]},{"@type":"BreadcrumbList","@id":"https:\/\/www.fund-academy.ch\/fr\/fund-trends\/#breadcrumb","itemListElement":[{"@type":"ListItem","position":1,"name":"Home","item":"https:\/\/www.fund-academy.ch\/fr\/"},{"@type":"ListItem","position":2,"name":"Fund Trends \u2013 D\u00e9veloppements et perspectives de l&#8217;industrie"}]},{"@type":"WebSite","@id":"https:\/\/www.fund-academy.ch\/#website","url":"https:\/\/www.fund-academy.ch\/","name":"Fund Academy","description":"","potentialAction":[{"@type":"SearchAction","target":{"@type":"EntryPoint","urlTemplate":"https:\/\/www.fund-academy.ch\/?s={search_term_string}"},"query-input":"required name=search_term_string"}],"inLanguage":"fr-FR"}]}},"_links":{"self":[{"href":"https:\/\/www.fund-academy.ch\/fr\/wp-json\/wp\/v2\/pages\/114"}],"collection":[{"href":"https:\/\/www.fund-academy.ch\/fr\/wp-json\/wp\/v2\/pages"}],"about":[{"href":"https:\/\/www.fund-academy.ch\/fr\/wp-json\/wp\/v2\/types\/page"}],"author":[{"embeddable":true,"href":"https:\/\/www.fund-academy.ch\/fr\/wp-json\/wp\/v2\/users\/1"}],"replies":[{"embeddable":true,"href":"https:\/\/www.fund-academy.ch\/fr\/wp-json\/wp\/v2\/comments?post=114"}],"version-history":[{"count":30,"href":"https:\/\/www.fund-academy.ch\/fr\/wp-json\/wp\/v2\/pages\/114\/revisions"}],"predecessor-version":[{"id":3254,"href":"https:\/\/www.fund-academy.ch\/fr\/wp-json\/wp\/v2\/pages\/114\/revisions\/3254"}],"wp:featuredmedia":[{"embeddable":true,"href":"https:\/\/www.fund-academy.ch\/fr\/wp-json\/wp\/v2\/media\/2921"}],"wp:attachment":[{"href":"https:\/\/www.fund-academy.ch\/fr\/wp-json\/wp\/v2\/media?parent=114"}],"curies":[{"name":"wp","href":"https:\/\/api.w.org\/{rel}","templated":true}]}}