{"id":2180,"date":"2021-11-19T14:24:27","date_gmt":"2021-11-19T13:24:27","guid":{"rendered":"https:\/\/www.fund-academy.ch\/startseite\/fund-training\/fund-trends\/"},"modified":"2021-11-19T14:52:55","modified_gmt":"2021-11-19T13:52:55","slug":"fund-trends","status":"publish","type":"page","link":"https:\/\/www.fund-academy.ch\/fr\/fund-training\/fund-trends\/","title":{"rendered":"Fund Trends"},"content":{"rendered":"<p>Kollektive Kapitalanlagen scheinen mit ihren Wesensmerkmalen stabil, verl\u00e4sslich und nicht jedem schnellen Trend folgend. Aber auch sie sind von dramatischen Entwicklungen auf der technischen Ebene betroffen, sei es bei ihrer Verwaltung, der Verwahrung aber auch bei Verkauf und der Zurverf\u00fcgungstellung. Wir zeigen in einem \u00e4usserst spannenden Halbtag die aktuellen Trends und M\u00f6glichkeiten mit Topexperten auf.<\/p>\n","protected":false},"excerpt":{"rendered":"<p>Kollektive Kapitalanlagen scheinen mit ihren Wesensmerkmalen stabil, verl\u00e4sslich und nicht jedem schnellen Trend folgend. Aber auch sie sind von dramatischen Entwicklungen auf der technischen Ebene betroffen, sei es bei ihrer Verwaltung, der Verwahrung aber auch bei Verkauf und der Zurverf\u00fcgungstellung. Wir zeigen in einem \u00e4usserst spannenden Halbtag die aktuellen Trends und M\u00f6glichkeiten mit Topexperten auf.<\/p>\n","protected":false},"author":1,"featured_media":0,"parent":76,"menu_order":4,"comment_status":"closed","ping_status":"closed","template":"","meta":[],"acf":[],"yoast_head":"<!-- This site is optimized with the Yoast SEO plugin v20.8 - https:\/\/yoast.com\/wordpress\/plugins\/seo\/ -->\n<title>Fund Trends - Fund Academy<\/title>\n<meta name=\"robots\" content=\"index, follow, max-snippet:-1, max-image-preview:large, max-video-preview:-1\" \/>\n<link rel=\"canonical\" href=\"https:\/\/www.fund-academy.ch\/fr\/fund-training\/fund-trends\/\" \/>\n<meta property=\"og:locale\" content=\"fr_FR\" \/>\n<meta property=\"og:type\" content=\"article\" \/>\n<meta property=\"og:title\" content=\"Fund Trends - Fund Academy\" \/>\n<meta property=\"og:description\" content=\"Kollektive Kapitalanlagen scheinen mit ihren Wesensmerkmalen stabil, verl\u00e4sslich und nicht jedem schnellen Trend folgend. Aber auch sie sind von dramatischen Entwicklungen auf der technischen Ebene betroffen, sei es bei ihrer Verwaltung, der Verwahrung aber auch bei Verkauf und der Zurverf\u00fcgungstellung. Wir zeigen in einem \u00e4usserst spannenden Halbtag die aktuellen Trends und M\u00f6glichkeiten mit Topexperten auf.\" \/>\n<meta property=\"og:url\" content=\"https:\/\/www.fund-academy.ch\/fr\/fund-training\/fund-trends\/\" \/>\n<meta property=\"og:site_name\" content=\"Fund Academy\" \/>\n<meta property=\"article:modified_time\" content=\"2021-11-19T13:52:55+00:00\" \/>\n<meta name=\"twitter:card\" content=\"summary_large_image\" \/>\n<script type=\"application\/ld+json\" class=\"yoast-schema-graph\">{\"@context\":\"https:\/\/schema.org\",\"@graph\":[{\"@type\":\"WebPage\",\"@id\":\"https:\/\/www.fund-academy.ch\/fr\/fund-training\/fund-trends\/\",\"url\":\"https:\/\/www.fund-academy.ch\/fr\/fund-training\/fund-trends\/\",\"name\":\"Fund Trends - Fund Academy\",\"isPartOf\":{\"@id\":\"https:\/\/www.fund-academy.ch\/#website\"},\"datePublished\":\"2021-11-19T13:24:27+00:00\",\"dateModified\":\"2021-11-19T13:52:55+00:00\",\"breadcrumb\":{\"@id\":\"https:\/\/www.fund-academy.ch\/fr\/fund-training\/fund-trends\/#breadcrumb\"},\"inLanguage\":\"fr-FR\",\"potentialAction\":[{\"@type\":\"ReadAction\",\"target\":[\"https:\/\/www.fund-academy.ch\/fr\/fund-training\/fund-trends\/\"]}]},{\"@type\":\"BreadcrumbList\",\"@id\":\"https:\/\/www.fund-academy.ch\/fr\/fund-training\/fund-trends\/#breadcrumb\",\"itemListElement\":[{\"@type\":\"ListItem\",\"position\":1,\"name\":\"Home\",\"item\":\"https:\/\/www.fund-academy.ch\/fr\/\"},{\"@type\":\"ListItem\",\"position\":2,\"name\":\"Fund Training\",\"item\":\"https:\/\/www.fund-academy.ch\/fr\/fund-training\/\"},{\"@type\":\"ListItem\",\"position\":3,\"name\":\"Fund Trends\"}]},{\"@type\":\"WebSite\",\"@id\":\"https:\/\/www.fund-academy.ch\/#website\",\"url\":\"https:\/\/www.fund-academy.ch\/\",\"name\":\"Fund Academy\",\"description\":\"\",\"potentialAction\":[{\"@type\":\"SearchAction\",\"target\":{\"@type\":\"EntryPoint\",\"urlTemplate\":\"https:\/\/www.fund-academy.ch\/?s={search_term_string}\"},\"query-input\":\"required name=search_term_string\"}],\"inLanguage\":\"fr-FR\"}]}<\/script>\n<!-- \/ Yoast SEO plugin. -->","yoast_head_json":{"title":"Fund Trends - Fund Academy","robots":{"index":"index","follow":"follow","max-snippet":"max-snippet:-1","max-image-preview":"max-image-preview:large","max-video-preview":"max-video-preview:-1"},"canonical":"https:\/\/www.fund-academy.ch\/fr\/fund-training\/fund-trends\/","og_locale":"fr_FR","og_type":"article","og_title":"Fund Trends - Fund Academy","og_description":"Kollektive Kapitalanlagen scheinen mit ihren Wesensmerkmalen stabil, verl\u00e4sslich und nicht jedem schnellen Trend folgend. Aber auch sie sind von dramatischen Entwicklungen auf der technischen Ebene betroffen, sei es bei ihrer Verwaltung, der Verwahrung aber auch bei Verkauf und der Zurverf\u00fcgungstellung. Wir zeigen in einem \u00e4usserst spannenden Halbtag die aktuellen Trends und M\u00f6glichkeiten mit Topexperten auf.","og_url":"https:\/\/www.fund-academy.ch\/fr\/fund-training\/fund-trends\/","og_site_name":"Fund Academy","article_modified_time":"2021-11-19T13:52:55+00:00","twitter_card":"summary_large_image","schema":{"@context":"https:\/\/schema.org","@graph":[{"@type":"WebPage","@id":"https:\/\/www.fund-academy.ch\/fr\/fund-training\/fund-trends\/","url":"https:\/\/www.fund-academy.ch\/fr\/fund-training\/fund-trends\/","name":"Fund Trends - Fund Academy","isPartOf":{"@id":"https:\/\/www.fund-academy.ch\/#website"},"datePublished":"2021-11-19T13:24:27+00:00","dateModified":"2021-11-19T13:52:55+00:00","breadcrumb":{"@id":"https:\/\/www.fund-academy.ch\/fr\/fund-training\/fund-trends\/#breadcrumb"},"inLanguage":"fr-FR","potentialAction":[{"@type":"ReadAction","target":["https:\/\/www.fund-academy.ch\/fr\/fund-training\/fund-trends\/"]}]},{"@type":"BreadcrumbList","@id":"https:\/\/www.fund-academy.ch\/fr\/fund-training\/fund-trends\/#breadcrumb","itemListElement":[{"@type":"ListItem","position":1,"name":"Home","item":"https:\/\/www.fund-academy.ch\/fr\/"},{"@type":"ListItem","position":2,"name":"Fund Training","item":"https:\/\/www.fund-academy.ch\/fr\/fund-training\/"},{"@type":"ListItem","position":3,"name":"Fund Trends"}]},{"@type":"WebSite","@id":"https:\/\/www.fund-academy.ch\/#website","url":"https:\/\/www.fund-academy.ch\/","name":"Fund Academy","description":"","potentialAction":[{"@type":"SearchAction","target":{"@type":"EntryPoint","urlTemplate":"https:\/\/www.fund-academy.ch\/?s={search_term_string}"},"query-input":"required name=search_term_string"}],"inLanguage":"fr-FR"}]}},"_links":{"self":[{"href":"https:\/\/www.fund-academy.ch\/fr\/wp-json\/wp\/v2\/pages\/2180"}],"collection":[{"href":"https:\/\/www.fund-academy.ch\/fr\/wp-json\/wp\/v2\/pages"}],"about":[{"href":"https:\/\/www.fund-academy.ch\/fr\/wp-json\/wp\/v2\/types\/page"}],"author":[{"embeddable":true,"href":"https:\/\/www.fund-academy.ch\/fr\/wp-json\/wp\/v2\/users\/1"}],"replies":[{"embeddable":true,"href":"https:\/\/www.fund-academy.ch\/fr\/wp-json\/wp\/v2\/comments?post=2180"}],"version-history":[{"count":2,"href":"https:\/\/www.fund-academy.ch\/fr\/wp-json\/wp\/v2\/pages\/2180\/revisions"}],"predecessor-version":[{"id":2208,"href":"https:\/\/www.fund-academy.ch\/fr\/wp-json\/wp\/v2\/pages\/2180\/revisions\/2208"}],"up":[{"embeddable":true,"href":"https:\/\/www.fund-academy.ch\/fr\/wp-json\/wp\/v2\/pages\/76"}],"wp:attachment":[{"href":"https:\/\/www.fund-academy.ch\/fr\/wp-json\/wp\/v2\/media?parent=2180"}],"curies":[{"name":"wp","href":"https:\/\/api.w.org\/{rel}","templated":true}]}}