{"id":2595,"date":"2022-07-28T20:37:45","date_gmt":"2022-07-28T18:37:45","guid":{"rendered":"https:\/\/www.fund-academy.ch\/startseite\/fund-trends\/digitalisierung-tokenisierung-und-esg\/"},"modified":"2023-11-20T15:48:21","modified_gmt":"2023-11-20T14:48:21","slug":"digitalisation-tokenisation-esg","status":"publish","type":"page","link":"https:\/\/www.fund-academy.ch\/fr\/fund-trends\/digitalisation-tokenisation-esg\/","title":{"rendered":"Digitalisation \/ tok\u00e9nisation, ESG"},"content":{"rendered":"<p>Au cours d&rsquo;une journ\u00e9e de formation passionnante, nous abordons les deux d\u00e9veloppements actuels les plus importants de l&rsquo;industrie: la digitalisation\/la tok\u00e9nisation et la finance durable\/ESG.<\/p>\n<p>Des experts partagent avec les participants leur exp\u00e9rience professionnelle, donnent un aper\u00e7u des d\u00e9veloppements probables et des impacts sur la cha\u00eene de cr\u00e9ation de valeur des placements collectifs de capitaux.<\/p>\n","protected":false},"excerpt":{"rendered":"<p>Au cours d&rsquo;une journ\u00e9e de formation passionnante, nous abordons les deux d\u00e9veloppements actuels les plus importants de l&rsquo;industrie: la digitalisation\/la tok\u00e9nisation et la finance durable\/ESG. Des experts partagent avec les participants leur exp\u00e9rience professionnelle, donnent un aper\u00e7u des d\u00e9veloppements probables et des impacts sur la cha\u00eene de cr\u00e9ation de valeur des placements collectifs de capitaux.<\/p>\n","protected":false},"author":1,"featured_media":2279,"parent":114,"menu_order":0,"comment_status":"closed","ping_status":"closed","template":"page-courses.php","meta":[],"acf":[],"yoast_head":"<!-- This site is optimized with the Yoast SEO plugin v20.8 - https:\/\/yoast.com\/wordpress\/plugins\/seo\/ -->\n<title>Digitalisation \/ tok\u00e9nisation, ESG - Fund Academy<\/title>\n<meta name=\"robots\" content=\"index, follow, max-snippet:-1, max-image-preview:large, max-video-preview:-1\" \/>\n<link rel=\"canonical\" href=\"https:\/\/www.fund-academy.ch\/fr\/fund-trends\/digitalisation-tokenisation-esg\/\" \/>\n<meta property=\"og:locale\" content=\"fr_FR\" \/>\n<meta property=\"og:type\" content=\"article\" \/>\n<meta property=\"og:title\" content=\"Digitalisation \/ tok\u00e9nisation, ESG - Fund Academy\" \/>\n<meta property=\"og:description\" content=\"Au cours d&rsquo;une journ\u00e9e de formation passionnante, nous abordons les deux d\u00e9veloppements actuels les plus importants de l&rsquo;industrie: la digitalisation\/la tok\u00e9nisation et la finance durable\/ESG. Des experts partagent avec les participants leur exp\u00e9rience professionnelle, donnent un aper\u00e7u des d\u00e9veloppements probables et des impacts sur la cha\u00eene de cr\u00e9ation de valeur des placements collectifs de capitaux.\" \/>\n<meta property=\"og:url\" content=\"https:\/\/www.fund-academy.ch\/fr\/fund-trends\/digitalisation-tokenisation-esg\/\" \/>\n<meta property=\"og:site_name\" content=\"Fund Academy\" \/>\n<meta property=\"article:modified_time\" content=\"2023-11-20T14:48:21+00:00\" \/>\n<meta property=\"og:image\" content=\"https:\/\/www.fund-academy.ch\/wp-content\/uploads\/2022\/01\/redd-5U_28ojjgms-unsplash-scaled.jpg\" \/>\n\t<meta property=\"og:image:width\" content=\"2560\" \/>\n\t<meta property=\"og:image:height\" content=\"1440\" \/>\n\t<meta property=\"og:image:type\" content=\"image\/jpeg\" \/>\n<meta name=\"twitter:card\" content=\"summary_large_image\" \/>\n<meta name=\"twitter:label1\" content=\"Dur\u00e9e de lecture estim\u00e9e\" \/>\n\t<meta name=\"twitter:data1\" content=\"1 minute\" \/>\n<script type=\"application\/ld+json\" class=\"yoast-schema-graph\">{\"@context\":\"https:\/\/schema.org\",\"@graph\":[{\"@type\":\"WebPage\",\"@id\":\"https:\/\/www.fund-academy.ch\/fr\/fund-trends\/digitalisation-tokenisation-esg\/\",\"url\":\"https:\/\/www.fund-academy.ch\/fr\/fund-trends\/digitalisation-tokenisation-esg\/\",\"name\":\"Digitalisation \/ tok\u00e9nisation, ESG - Fund Academy\",\"isPartOf\":{\"@id\":\"https:\/\/www.fund-academy.ch\/#website\"},\"datePublished\":\"2022-07-28T18:37:45+00:00\",\"dateModified\":\"2023-11-20T14:48:21+00:00\",\"breadcrumb\":{\"@id\":\"https:\/\/www.fund-academy.ch\/fr\/fund-trends\/digitalisation-tokenisation-esg\/#breadcrumb\"},\"inLanguage\":\"fr-FR\",\"potentialAction\":[{\"@type\":\"ReadAction\",\"target\":[\"https:\/\/www.fund-academy.ch\/fr\/fund-trends\/digitalisation-tokenisation-esg\/\"]}]},{\"@type\":\"BreadcrumbList\",\"@id\":\"https:\/\/www.fund-academy.ch\/fr\/fund-trends\/digitalisation-tokenisation-esg\/#breadcrumb\",\"itemListElement\":[{\"@type\":\"ListItem\",\"position\":1,\"name\":\"Home\",\"item\":\"https:\/\/www.fund-academy.ch\/fr\/\"},{\"@type\":\"ListItem\",\"position\":2,\"name\":\"Fund Trends \u2013 D\u00e9veloppements et perspectives de l&#8217;industrie\",\"item\":\"https:\/\/www.fund-academy.ch\/fr\/fund-trends\/\"},{\"@type\":\"ListItem\",\"position\":3,\"name\":\"Digitalisation \/ tok\u00e9nisation, ESG\"}]},{\"@type\":\"WebSite\",\"@id\":\"https:\/\/www.fund-academy.ch\/#website\",\"url\":\"https:\/\/www.fund-academy.ch\/\",\"name\":\"Fund Academy\",\"description\":\"\",\"potentialAction\":[{\"@type\":\"SearchAction\",\"target\":{\"@type\":\"EntryPoint\",\"urlTemplate\":\"https:\/\/www.fund-academy.ch\/?s={search_term_string}\"},\"query-input\":\"required name=search_term_string\"}],\"inLanguage\":\"fr-FR\"}]}<\/script>\n<!-- \/ Yoast SEO plugin. -->","yoast_head_json":{"title":"Digitalisation \/ tok\u00e9nisation, ESG - Fund Academy","robots":{"index":"index","follow":"follow","max-snippet":"max-snippet:-1","max-image-preview":"max-image-preview:large","max-video-preview":"max-video-preview:-1"},"canonical":"https:\/\/www.fund-academy.ch\/fr\/fund-trends\/digitalisation-tokenisation-esg\/","og_locale":"fr_FR","og_type":"article","og_title":"Digitalisation \/ tok\u00e9nisation, ESG - Fund Academy","og_description":"Au cours d&rsquo;une journ\u00e9e de formation passionnante, nous abordons les deux d\u00e9veloppements actuels les plus importants de l&rsquo;industrie: la digitalisation\/la tok\u00e9nisation et la finance durable\/ESG. Des experts partagent avec les participants leur exp\u00e9rience professionnelle, donnent un aper\u00e7u des d\u00e9veloppements probables et des impacts sur la cha\u00eene de cr\u00e9ation de valeur des placements collectifs de capitaux.","og_url":"https:\/\/www.fund-academy.ch\/fr\/fund-trends\/digitalisation-tokenisation-esg\/","og_site_name":"Fund Academy","article_modified_time":"2023-11-20T14:48:21+00:00","og_image":[{"width":2560,"height":1440,"url":"https:\/\/www.fund-academy.ch\/wp-content\/uploads\/2022\/01\/redd-5U_28ojjgms-unsplash-scaled.jpg","type":"image\/jpeg"}],"twitter_card":"summary_large_image","twitter_misc":{"Dur\u00e9e de lecture estim\u00e9e":"1 minute"},"schema":{"@context":"https:\/\/schema.org","@graph":[{"@type":"WebPage","@id":"https:\/\/www.fund-academy.ch\/fr\/fund-trends\/digitalisation-tokenisation-esg\/","url":"https:\/\/www.fund-academy.ch\/fr\/fund-trends\/digitalisation-tokenisation-esg\/","name":"Digitalisation \/ tok\u00e9nisation, ESG - Fund Academy","isPartOf":{"@id":"https:\/\/www.fund-academy.ch\/#website"},"datePublished":"2022-07-28T18:37:45+00:00","dateModified":"2023-11-20T14:48:21+00:00","breadcrumb":{"@id":"https:\/\/www.fund-academy.ch\/fr\/fund-trends\/digitalisation-tokenisation-esg\/#breadcrumb"},"inLanguage":"fr-FR","potentialAction":[{"@type":"ReadAction","target":["https:\/\/www.fund-academy.ch\/fr\/fund-trends\/digitalisation-tokenisation-esg\/"]}]},{"@type":"BreadcrumbList","@id":"https:\/\/www.fund-academy.ch\/fr\/fund-trends\/digitalisation-tokenisation-esg\/#breadcrumb","itemListElement":[{"@type":"ListItem","position":1,"name":"Home","item":"https:\/\/www.fund-academy.ch\/fr\/"},{"@type":"ListItem","position":2,"name":"Fund Trends \u2013 D\u00e9veloppements et perspectives de l&#8217;industrie","item":"https:\/\/www.fund-academy.ch\/fr\/fund-trends\/"},{"@type":"ListItem","position":3,"name":"Digitalisation \/ tok\u00e9nisation, ESG"}]},{"@type":"WebSite","@id":"https:\/\/www.fund-academy.ch\/#website","url":"https:\/\/www.fund-academy.ch\/","name":"Fund Academy","description":"","potentialAction":[{"@type":"SearchAction","target":{"@type":"EntryPoint","urlTemplate":"https:\/\/www.fund-academy.ch\/?s={search_term_string}"},"query-input":"required name=search_term_string"}],"inLanguage":"fr-FR"}]}},"_links":{"self":[{"href":"https:\/\/www.fund-academy.ch\/fr\/wp-json\/wp\/v2\/pages\/2595"}],"collection":[{"href":"https:\/\/www.fund-academy.ch\/fr\/wp-json\/wp\/v2\/pages"}],"about":[{"href":"https:\/\/www.fund-academy.ch\/fr\/wp-json\/wp\/v2\/types\/page"}],"author":[{"embeddable":true,"href":"https:\/\/www.fund-academy.ch\/fr\/wp-json\/wp\/v2\/users\/1"}],"replies":[{"embeddable":true,"href":"https:\/\/www.fund-academy.ch\/fr\/wp-json\/wp\/v2\/comments?post=2595"}],"version-history":[{"count":9,"href":"https:\/\/www.fund-academy.ch\/fr\/wp-json\/wp\/v2\/pages\/2595\/revisions"}],"predecessor-version":[{"id":3106,"href":"https:\/\/www.fund-academy.ch\/fr\/wp-json\/wp\/v2\/pages\/2595\/revisions\/3106"}],"up":[{"embeddable":true,"href":"https:\/\/www.fund-academy.ch\/fr\/wp-json\/wp\/v2\/pages\/114"}],"wp:featuredmedia":[{"embeddable":true,"href":"https:\/\/www.fund-academy.ch\/fr\/wp-json\/wp\/v2\/media\/2279"}],"wp:attachment":[{"href":"https:\/\/www.fund-academy.ch\/fr\/wp-json\/wp\/v2\/media?parent=2595"}],"curies":[{"name":"wp","href":"https:\/\/api.w.org\/{rel}","templated":true}]}}