{"id":2599,"date":"2021-11-19T14:41:11","date_gmt":"2021-11-19T13:41:11","guid":{"rendered":"https:\/\/www.fund-academy.ch\/startseite\/fund-trends\/ateliers-pratiques\/"},"modified":"2023-01-14T09:37:00","modified_gmt":"2023-01-14T08:37:00","slug":"ateliers-pratiques","status":"publish","type":"page","link":"https:\/\/www.fund-academy.ch\/fr\/fund-trends\/ateliers-pratiques\/","title":{"rendered":"Ateliers Pratiques"},"content":{"rendered":"<p>Des s\u00e9minaires interactifs d\u2019une apr\u00e8s-midi, portant sur des th\u00e8mes d\u2019actualit\u00e9, d\u2019int\u00e9r\u00eat particulier pour l\u2019Asset Management sont anim\u00e9s par des experts de la branche (Gen\u00e8ve uniquement).<\/p>\n<p>Les ateliers pratiques sont organis\u00e9s \u00e0 un rythme bimensuel environ.<\/p>\n","protected":false},"excerpt":{"rendered":"<p>Des s\u00e9minaires interactifs d\u2019une apr\u00e8s-midi, portant sur des th\u00e8mes d\u2019actualit\u00e9, d\u2019int\u00e9r\u00eat particulier pour l\u2019Asset Management sont anim\u00e9s par des experts de la branche (Gen\u00e8ve uniquement). Les ateliers pratiques sont organis\u00e9s \u00e0 un rythme bimensuel environ.<\/p>\n","protected":false},"author":1,"featured_media":2224,"parent":114,"menu_order":2,"comment_status":"closed","ping_status":"closed","template":"page-courses.php","meta":[],"acf":[],"yoast_head":"<!-- This site is optimized with the Yoast SEO plugin v20.8 - https:\/\/yoast.com\/wordpress\/plugins\/seo\/ -->\n<title>Ateliers Pratiques - Fund Academy<\/title>\n<meta name=\"robots\" content=\"index, follow, max-snippet:-1, max-image-preview:large, max-video-preview:-1\" \/>\n<link rel=\"canonical\" href=\"https:\/\/www.fund-academy.ch\/fr\/fund-trends\/ateliers-pratiques\/\" \/>\n<meta property=\"og:locale\" content=\"fr_FR\" \/>\n<meta property=\"og:type\" content=\"article\" \/>\n<meta property=\"og:title\" content=\"Ateliers Pratiques - Fund Academy\" \/>\n<meta property=\"og:description\" content=\"Des s\u00e9minaires interactifs d\u2019une apr\u00e8s-midi, portant sur des th\u00e8mes d\u2019actualit\u00e9, d\u2019int\u00e9r\u00eat particulier pour l\u2019Asset Management sont anim\u00e9s par des experts de la branche (Gen\u00e8ve uniquement). Les ateliers pratiques sont organis\u00e9s \u00e0 un rythme bimensuel environ.\" \/>\n<meta property=\"og:url\" content=\"https:\/\/www.fund-academy.ch\/fr\/fund-trends\/ateliers-pratiques\/\" \/>\n<meta property=\"og:site_name\" content=\"Fund Academy\" \/>\n<meta property=\"article:modified_time\" content=\"2023-01-14T08:37:00+00:00\" \/>\n<meta property=\"og:image\" content=\"https:\/\/www.fund-academy.ch\/wp-content\/uploads\/2022\/01\/thisisengineering-raeng-TXxiFuQLBKQ-unsplash-e1668175397629-828x1024.jpg\" \/>\n\t<meta property=\"og:image:width\" content=\"828\" \/>\n\t<meta property=\"og:image:height\" content=\"1024\" \/>\n\t<meta property=\"og:image:type\" content=\"image\/jpeg\" \/>\n<meta name=\"twitter:card\" content=\"summary_large_image\" \/>\n<meta name=\"twitter:label1\" content=\"Dur\u00e9e de lecture estim\u00e9e\" \/>\n\t<meta name=\"twitter:data1\" content=\"1 minute\" \/>\n<script type=\"application\/ld+json\" class=\"yoast-schema-graph\">{\"@context\":\"https:\/\/schema.org\",\"@graph\":[{\"@type\":\"WebPage\",\"@id\":\"https:\/\/www.fund-academy.ch\/fr\/fund-trends\/ateliers-pratiques\/\",\"url\":\"https:\/\/www.fund-academy.ch\/fr\/fund-trends\/ateliers-pratiques\/\",\"name\":\"Ateliers Pratiques - Fund Academy\",\"isPartOf\":{\"@id\":\"https:\/\/www.fund-academy.ch\/#website\"},\"datePublished\":\"2021-11-19T13:41:11+00:00\",\"dateModified\":\"2023-01-14T08:37:00+00:00\",\"breadcrumb\":{\"@id\":\"https:\/\/www.fund-academy.ch\/fr\/fund-trends\/ateliers-pratiques\/#breadcrumb\"},\"inLanguage\":\"fr-FR\",\"potentialAction\":[{\"@type\":\"ReadAction\",\"target\":[\"https:\/\/www.fund-academy.ch\/fr\/fund-trends\/ateliers-pratiques\/\"]}]},{\"@type\":\"BreadcrumbList\",\"@id\":\"https:\/\/www.fund-academy.ch\/fr\/fund-trends\/ateliers-pratiques\/#breadcrumb\",\"itemListElement\":[{\"@type\":\"ListItem\",\"position\":1,\"name\":\"Home\",\"item\":\"https:\/\/www.fund-academy.ch\/fr\/\"},{\"@type\":\"ListItem\",\"position\":2,\"name\":\"Fund Trends \u2013 D\u00e9veloppements et perspectives de l&#8217;industrie\",\"item\":\"https:\/\/www.fund-academy.ch\/fr\/fund-trends\/\"},{\"@type\":\"ListItem\",\"position\":3,\"name\":\"Ateliers Pratiques\"}]},{\"@type\":\"WebSite\",\"@id\":\"https:\/\/www.fund-academy.ch\/#website\",\"url\":\"https:\/\/www.fund-academy.ch\/\",\"name\":\"Fund Academy\",\"description\":\"\",\"potentialAction\":[{\"@type\":\"SearchAction\",\"target\":{\"@type\":\"EntryPoint\",\"urlTemplate\":\"https:\/\/www.fund-academy.ch\/?s={search_term_string}\"},\"query-input\":\"required name=search_term_string\"}],\"inLanguage\":\"fr-FR\"}]}<\/script>\n<!-- \/ Yoast SEO plugin. -->","yoast_head_json":{"title":"Ateliers Pratiques - Fund Academy","robots":{"index":"index","follow":"follow","max-snippet":"max-snippet:-1","max-image-preview":"max-image-preview:large","max-video-preview":"max-video-preview:-1"},"canonical":"https:\/\/www.fund-academy.ch\/fr\/fund-trends\/ateliers-pratiques\/","og_locale":"fr_FR","og_type":"article","og_title":"Ateliers Pratiques - Fund Academy","og_description":"Des s\u00e9minaires interactifs d\u2019une apr\u00e8s-midi, portant sur des th\u00e8mes d\u2019actualit\u00e9, d\u2019int\u00e9r\u00eat particulier pour l\u2019Asset Management sont anim\u00e9s par des experts de la branche (Gen\u00e8ve uniquement). Les ateliers pratiques sont organis\u00e9s \u00e0 un rythme bimensuel environ.","og_url":"https:\/\/www.fund-academy.ch\/fr\/fund-trends\/ateliers-pratiques\/","og_site_name":"Fund Academy","article_modified_time":"2023-01-14T08:37:00+00:00","og_image":[{"width":828,"height":1024,"url":"https:\/\/www.fund-academy.ch\/wp-content\/uploads\/2022\/01\/thisisengineering-raeng-TXxiFuQLBKQ-unsplash-e1668175397629-828x1024.jpg","type":"image\/jpeg"}],"twitter_card":"summary_large_image","twitter_misc":{"Dur\u00e9e de lecture estim\u00e9e":"1 minute"},"schema":{"@context":"https:\/\/schema.org","@graph":[{"@type":"WebPage","@id":"https:\/\/www.fund-academy.ch\/fr\/fund-trends\/ateliers-pratiques\/","url":"https:\/\/www.fund-academy.ch\/fr\/fund-trends\/ateliers-pratiques\/","name":"Ateliers Pratiques - Fund Academy","isPartOf":{"@id":"https:\/\/www.fund-academy.ch\/#website"},"datePublished":"2021-11-19T13:41:11+00:00","dateModified":"2023-01-14T08:37:00+00:00","breadcrumb":{"@id":"https:\/\/www.fund-academy.ch\/fr\/fund-trends\/ateliers-pratiques\/#breadcrumb"},"inLanguage":"fr-FR","potentialAction":[{"@type":"ReadAction","target":["https:\/\/www.fund-academy.ch\/fr\/fund-trends\/ateliers-pratiques\/"]}]},{"@type":"BreadcrumbList","@id":"https:\/\/www.fund-academy.ch\/fr\/fund-trends\/ateliers-pratiques\/#breadcrumb","itemListElement":[{"@type":"ListItem","position":1,"name":"Home","item":"https:\/\/www.fund-academy.ch\/fr\/"},{"@type":"ListItem","position":2,"name":"Fund Trends \u2013 D\u00e9veloppements et perspectives de l&#8217;industrie","item":"https:\/\/www.fund-academy.ch\/fr\/fund-trends\/"},{"@type":"ListItem","position":3,"name":"Ateliers Pratiques"}]},{"@type":"WebSite","@id":"https:\/\/www.fund-academy.ch\/#website","url":"https:\/\/www.fund-academy.ch\/","name":"Fund Academy","description":"","potentialAction":[{"@type":"SearchAction","target":{"@type":"EntryPoint","urlTemplate":"https:\/\/www.fund-academy.ch\/?s={search_term_string}"},"query-input":"required name=search_term_string"}],"inLanguage":"fr-FR"}]}},"_links":{"self":[{"href":"https:\/\/www.fund-academy.ch\/fr\/wp-json\/wp\/v2\/pages\/2599"}],"collection":[{"href":"https:\/\/www.fund-academy.ch\/fr\/wp-json\/wp\/v2\/pages"}],"about":[{"href":"https:\/\/www.fund-academy.ch\/fr\/wp-json\/wp\/v2\/types\/page"}],"author":[{"embeddable":true,"href":"https:\/\/www.fund-academy.ch\/fr\/wp-json\/wp\/v2\/users\/1"}],"replies":[{"embeddable":true,"href":"https:\/\/www.fund-academy.ch\/fr\/wp-json\/wp\/v2\/comments?post=2599"}],"version-history":[{"count":6,"href":"https:\/\/www.fund-academy.ch\/fr\/wp-json\/wp\/v2\/pages\/2599\/revisions"}],"predecessor-version":[{"id":2933,"href":"https:\/\/www.fund-academy.ch\/fr\/wp-json\/wp\/v2\/pages\/2599\/revisions\/2933"}],"up":[{"embeddable":true,"href":"https:\/\/www.fund-academy.ch\/fr\/wp-json\/wp\/v2\/pages\/114"}],"wp:featuredmedia":[{"embeddable":true,"href":"https:\/\/www.fund-academy.ch\/fr\/wp-json\/wp\/v2\/media\/2224"}],"wp:attachment":[{"href":"https:\/\/www.fund-academy.ch\/fr\/wp-json\/wp\/v2\/media?parent=2599"}],"curies":[{"name":"wp","href":"https:\/\/api.w.org\/{rel}","templated":true}]}}