{"id":2603,"date":"2021-11-19T14:25:52","date_gmt":"2021-11-19T13:25:52","guid":{"rendered":"https:\/\/www.fund-academy.ch\/startseite\/inhouse-tailored-trainings\/"},"modified":"2022-08-28T11:55:47","modified_gmt":"2022-08-28T09:55:47","slug":"tailored-trainings","status":"publish","type":"page","link":"https:\/\/www.fund-academy.ch\/fr\/tailored-trainings\/","title":{"rendered":"Tailored Trainings"},"content":{"rendered":"<p>Votre entreprise se d\u00e9veloppe rapidement, des besoins de connaissances sp\u00e9cifiques pour vos collaborateurs existants et\/ou nouvelles recrues se font jour.<br \/>\nNous vous aidons \u00e0 d\u00e9velopper rapidement les connaissances techniques et r\u00e9glementaires de vos collaborateurs gr\u00e2ce \u00e0 des formations adapt\u00e9es sur mesure.<\/p>\n<p>N&rsquo;h\u00e9sitez pas \u00e0 nous contacter, nous vous donnerons volontiers des conseils personnalis\u00e9s et pouvons cr\u00e9er des modules sur mesure r\u00e9pondant \u00e0 vos besoins.<\/p>\n","protected":false},"excerpt":{"rendered":"<p>Votre entreprise se d\u00e9veloppe rapidement, des besoins de connaissances sp\u00e9cifiques pour vos collaborateurs existants et\/ou nouvelles recrues se font jour. Nous vous aidons \u00e0 d\u00e9velopper rapidement les connaissances techniques et r\u00e9glementaires de vos collaborateurs gr\u00e2ce \u00e0 des formations adapt\u00e9es sur mesure. N&rsquo;h\u00e9sitez pas \u00e0 nous contacter, nous vous donnerons volontiers des conseils personnalis\u00e9s et pouvons <a href=\"https:\/\/www.fund-academy.ch\/fr\/tailored-trainings\/\" class=\"more-link\">&#8230;<\/a><\/p>\n","protected":false},"author":1,"featured_media":2273,"parent":0,"menu_order":5,"comment_status":"closed","ping_status":"closed","template":"page-courses.php","meta":[],"acf":[],"yoast_head":"<!-- This site is optimized with the Yoast SEO plugin v20.8 - https:\/\/yoast.com\/wordpress\/plugins\/seo\/ -->\n<title>Tailored Trainings - Fund Academy<\/title>\n<meta name=\"robots\" content=\"index, follow, max-snippet:-1, max-image-preview:large, max-video-preview:-1\" \/>\n<link rel=\"canonical\" href=\"https:\/\/www.fund-academy.ch\/fr\/startseite\/tailored-trainings\/\" \/>\n<meta property=\"og:locale\" content=\"fr_FR\" \/>\n<meta property=\"og:type\" content=\"article\" \/>\n<meta property=\"og:title\" content=\"Tailored Trainings - Fund Academy\" \/>\n<meta property=\"og:description\" content=\"Votre entreprise se d\u00e9veloppe rapidement, des besoins de connaissances sp\u00e9cifiques pour vos collaborateurs existants et\/ou nouvelles recrues se font jour. Nous vous aidons \u00e0 d\u00e9velopper rapidement les connaissances techniques et r\u00e9glementaires de vos collaborateurs gr\u00e2ce \u00e0 des formations adapt\u00e9es sur mesure. N&rsquo;h\u00e9sitez pas \u00e0 nous contacter, nous vous donnerons volontiers des conseils personnalis\u00e9s et pouvons ...\" \/>\n<meta property=\"og:url\" content=\"https:\/\/www.fund-academy.ch\/fr\/startseite\/tailored-trainings\/\" \/>\n<meta property=\"og:site_name\" content=\"Fund Academy\" \/>\n<meta property=\"article:modified_time\" content=\"2022-08-28T09:55:47+00:00\" \/>\n<meta property=\"og:image\" content=\"https:\/\/www.fund-academy.ch\/wp-content\/uploads\/2022\/01\/rodeo-project-management-software-ONe-snuCaqQ-unsplash-scaled.jpg\" \/>\n\t<meta property=\"og:image:width\" content=\"2560\" \/>\n\t<meta property=\"og:image:height\" content=\"1706\" \/>\n\t<meta property=\"og:image:type\" content=\"image\/jpeg\" \/>\n<meta name=\"twitter:card\" content=\"summary_large_image\" \/>\n<script type=\"application\/ld+json\" class=\"yoast-schema-graph\">{\"@context\":\"https:\/\/schema.org\",\"@graph\":[{\"@type\":\"WebPage\",\"@id\":\"https:\/\/www.fund-academy.ch\/fr\/startseite\/tailored-trainings\/\",\"url\":\"https:\/\/www.fund-academy.ch\/fr\/startseite\/tailored-trainings\/\",\"name\":\"Tailored Trainings - Fund Academy\",\"isPartOf\":{\"@id\":\"https:\/\/www.fund-academy.ch\/#website\"},\"datePublished\":\"2021-11-19T13:25:52+00:00\",\"dateModified\":\"2022-08-28T09:55:47+00:00\",\"breadcrumb\":{\"@id\":\"https:\/\/www.fund-academy.ch\/fr\/startseite\/tailored-trainings\/#breadcrumb\"},\"inLanguage\":\"fr-FR\",\"potentialAction\":[{\"@type\":\"ReadAction\",\"target\":[\"https:\/\/www.fund-academy.ch\/fr\/startseite\/tailored-trainings\/\"]}]},{\"@type\":\"BreadcrumbList\",\"@id\":\"https:\/\/www.fund-academy.ch\/fr\/startseite\/tailored-trainings\/#breadcrumb\",\"itemListElement\":[{\"@type\":\"ListItem\",\"position\":1,\"name\":\"Home\",\"item\":\"https:\/\/www.fund-academy.ch\/fr\/\"},{\"@type\":\"ListItem\",\"position\":2,\"name\":\"Accueil\",\"item\":\"https:\/\/www.fund-academy.ch\/fr\/\"},{\"@type\":\"ListItem\",\"position\":3,\"name\":\"Tailored Trainings\"}]},{\"@type\":\"WebSite\",\"@id\":\"https:\/\/www.fund-academy.ch\/#website\",\"url\":\"https:\/\/www.fund-academy.ch\/\",\"name\":\"Fund Academy\",\"description\":\"\",\"potentialAction\":[{\"@type\":\"SearchAction\",\"target\":{\"@type\":\"EntryPoint\",\"urlTemplate\":\"https:\/\/www.fund-academy.ch\/?s={search_term_string}\"},\"query-input\":\"required name=search_term_string\"}],\"inLanguage\":\"fr-FR\"}]}<\/script>\n<!-- \/ Yoast SEO plugin. -->","yoast_head_json":{"title":"Tailored Trainings - Fund Academy","robots":{"index":"index","follow":"follow","max-snippet":"max-snippet:-1","max-image-preview":"max-image-preview:large","max-video-preview":"max-video-preview:-1"},"canonical":"https:\/\/www.fund-academy.ch\/fr\/startseite\/tailored-trainings\/","og_locale":"fr_FR","og_type":"article","og_title":"Tailored Trainings - Fund Academy","og_description":"Votre entreprise se d\u00e9veloppe rapidement, des besoins de connaissances sp\u00e9cifiques pour vos collaborateurs existants et\/ou nouvelles recrues se font jour. Nous vous aidons \u00e0 d\u00e9velopper rapidement les connaissances techniques et r\u00e9glementaires de vos collaborateurs gr\u00e2ce \u00e0 des formations adapt\u00e9es sur mesure. N&rsquo;h\u00e9sitez pas \u00e0 nous contacter, nous vous donnerons volontiers des conseils personnalis\u00e9s et pouvons ...","og_url":"https:\/\/www.fund-academy.ch\/fr\/startseite\/tailored-trainings\/","og_site_name":"Fund Academy","article_modified_time":"2022-08-28T09:55:47+00:00","og_image":[{"width":2560,"height":1706,"url":"https:\/\/www.fund-academy.ch\/wp-content\/uploads\/2022\/01\/rodeo-project-management-software-ONe-snuCaqQ-unsplash-scaled.jpg","type":"image\/jpeg"}],"twitter_card":"summary_large_image","schema":{"@context":"https:\/\/schema.org","@graph":[{"@type":"WebPage","@id":"https:\/\/www.fund-academy.ch\/fr\/startseite\/tailored-trainings\/","url":"https:\/\/www.fund-academy.ch\/fr\/startseite\/tailored-trainings\/","name":"Tailored Trainings - Fund Academy","isPartOf":{"@id":"https:\/\/www.fund-academy.ch\/#website"},"datePublished":"2021-11-19T13:25:52+00:00","dateModified":"2022-08-28T09:55:47+00:00","breadcrumb":{"@id":"https:\/\/www.fund-academy.ch\/fr\/startseite\/tailored-trainings\/#breadcrumb"},"inLanguage":"fr-FR","potentialAction":[{"@type":"ReadAction","target":["https:\/\/www.fund-academy.ch\/fr\/startseite\/tailored-trainings\/"]}]},{"@type":"BreadcrumbList","@id":"https:\/\/www.fund-academy.ch\/fr\/startseite\/tailored-trainings\/#breadcrumb","itemListElement":[{"@type":"ListItem","position":1,"name":"Home","item":"https:\/\/www.fund-academy.ch\/fr\/"},{"@type":"ListItem","position":2,"name":"Accueil","item":"https:\/\/www.fund-academy.ch\/fr\/"},{"@type":"ListItem","position":3,"name":"Tailored Trainings"}]},{"@type":"WebSite","@id":"https:\/\/www.fund-academy.ch\/#website","url":"https:\/\/www.fund-academy.ch\/","name":"Fund Academy","description":"","potentialAction":[{"@type":"SearchAction","target":{"@type":"EntryPoint","urlTemplate":"https:\/\/www.fund-academy.ch\/?s={search_term_string}"},"query-input":"required name=search_term_string"}],"inLanguage":"fr-FR"}]}},"_links":{"self":[{"href":"https:\/\/www.fund-academy.ch\/fr\/wp-json\/wp\/v2\/pages\/2603"}],"collection":[{"href":"https:\/\/www.fund-academy.ch\/fr\/wp-json\/wp\/v2\/pages"}],"about":[{"href":"https:\/\/www.fund-academy.ch\/fr\/wp-json\/wp\/v2\/types\/page"}],"author":[{"embeddable":true,"href":"https:\/\/www.fund-academy.ch\/fr\/wp-json\/wp\/v2\/users\/1"}],"replies":[{"embeddable":true,"href":"https:\/\/www.fund-academy.ch\/fr\/wp-json\/wp\/v2\/comments?post=2603"}],"version-history":[{"count":3,"href":"https:\/\/www.fund-academy.ch\/fr\/wp-json\/wp\/v2\/pages\/2603\/revisions"}],"predecessor-version":[{"id":2733,"href":"https:\/\/www.fund-academy.ch\/fr\/wp-json\/wp\/v2\/pages\/2603\/revisions\/2733"}],"wp:featuredmedia":[{"embeddable":true,"href":"https:\/\/www.fund-academy.ch\/fr\/wp-json\/wp\/v2\/media\/2273"}],"wp:attachment":[{"href":"https:\/\/www.fund-academy.ch\/fr\/wp-json\/wp\/v2\/media?parent=2603"}],"curies":[{"name":"wp","href":"https:\/\/api.w.org\/{rel}","templated":true}]}}