{"id":2607,"date":"2021-11-19T14:40:25","date_gmt":"2021-11-19T13:40:25","guid":{"rendered":"https:\/\/www.fund-academy.ch\/startseite\/fund-trends\/environmental-social-and-governance\/"},"modified":"2023-11-20T15:50:35","modified_gmt":"2023-11-20T14:50:35","slug":"environmental-social-and-governance","status":"publish","type":"page","link":"https:\/\/www.fund-academy.ch\/fr\/fund-trends\/environmental-social-and-governance\/","title":{"rendered":"ESG Compact"},"content":{"rendered":"<p>Tous les acteurs du domaine des placements collectifs- qu&rsquo;il s&rsquo;agisse de directions de fonds, de banques d\u00e9positaires, de gestionnaires d&rsquo;actifs, d&rsquo;analystes &#8211; sont concern\u00e9s par les nouvelles exigences en mati\u00e8re d\u2019ESG.<br \/>\nLes promoteurs, les gestionnaires d\u2019actifs, les risk managers et les distributeurs sont tenus d\u2019int\u00e9grer les crit\u00e8res de durabilit\u00e9 dans leurs processus et de respecter les exigences de transparence.<\/p>\n<p>Fund Academy propose un cours d&rsquo;une demi-journ\u00e9e \u00e0 toutes les personnes int\u00e9ress\u00e9es et concern\u00e9es.<\/p>\n","protected":false},"excerpt":{"rendered":"<p>Tous les acteurs du domaine des placements collectifs- qu&rsquo;il s&rsquo;agisse de directions de fonds, de banques d\u00e9positaires, de gestionnaires d&rsquo;actifs, d&rsquo;analystes &#8211; sont concern\u00e9s par les nouvelles exigences en mati\u00e8re d\u2019ESG. Les promoteurs, les gestionnaires d\u2019actifs, les risk managers et les distributeurs sont tenus d\u2019int\u00e9grer les crit\u00e8res de durabilit\u00e9 dans leurs processus et de respecter <a href=\"https:\/\/www.fund-academy.ch\/fr\/fund-trends\/environmental-social-and-governance\/\" class=\"more-link\">&#8230;<\/a><\/p>\n","protected":false},"author":1,"featured_media":2276,"parent":114,"menu_order":1,"comment_status":"closed","ping_status":"closed","template":"page-courses.php","meta":[],"acf":[],"yoast_head":"<!-- This site is optimized with the Yoast SEO plugin v20.8 - https:\/\/yoast.com\/wordpress\/plugins\/seo\/ -->\n<title>ESG Compact - Fund Academy<\/title>\n<meta name=\"robots\" content=\"index, follow, max-snippet:-1, max-image-preview:large, max-video-preview:-1\" \/>\n<link rel=\"canonical\" href=\"https:\/\/www.fund-academy.ch\/fr\/fund-trends\/environmental-social-and-governance\/\" \/>\n<meta property=\"og:locale\" content=\"fr_FR\" \/>\n<meta property=\"og:type\" content=\"article\" \/>\n<meta property=\"og:title\" content=\"ESG Compact - Fund Academy\" \/>\n<meta property=\"og:description\" content=\"Tous les acteurs du domaine des placements collectifs- qu&rsquo;il s&rsquo;agisse de directions de fonds, de banques d\u00e9positaires, de gestionnaires d&rsquo;actifs, d&rsquo;analystes &#8211; sont concern\u00e9s par les nouvelles exigences en mati\u00e8re d\u2019ESG. Les promoteurs, les gestionnaires d\u2019actifs, les risk managers et les distributeurs sont tenus d\u2019int\u00e9grer les crit\u00e8res de durabilit\u00e9 dans leurs processus et de respecter ...\" \/>\n<meta property=\"og:url\" content=\"https:\/\/www.fund-academy.ch\/fr\/fund-trends\/environmental-social-and-governance\/\" \/>\n<meta property=\"og:site_name\" content=\"Fund Academy\" \/>\n<meta property=\"article:modified_time\" content=\"2023-11-20T14:50:35+00:00\" \/>\n<meta property=\"og:image\" content=\"https:\/\/www.fund-academy.ch\/wp-content\/uploads\/2022\/01\/bethany-legg-75nbwHfDsnY-unsplash-scaled.jpg\" \/>\n\t<meta property=\"og:image:width\" content=\"2560\" \/>\n\t<meta property=\"og:image:height\" content=\"1707\" \/>\n\t<meta property=\"og:image:type\" content=\"image\/jpeg\" \/>\n<meta name=\"twitter:card\" content=\"summary_large_image\" \/>\n<meta name=\"twitter:label1\" content=\"Dur\u00e9e de lecture estim\u00e9e\" \/>\n\t<meta name=\"twitter:data1\" content=\"1 minute\" \/>\n<script type=\"application\/ld+json\" class=\"yoast-schema-graph\">{\"@context\":\"https:\/\/schema.org\",\"@graph\":[{\"@type\":\"WebPage\",\"@id\":\"https:\/\/www.fund-academy.ch\/fr\/fund-trends\/environmental-social-and-governance\/\",\"url\":\"https:\/\/www.fund-academy.ch\/fr\/fund-trends\/environmental-social-and-governance\/\",\"name\":\"ESG Compact - Fund Academy\",\"isPartOf\":{\"@id\":\"https:\/\/www.fund-academy.ch\/#website\"},\"datePublished\":\"2021-11-19T13:40:25+00:00\",\"dateModified\":\"2023-11-20T14:50:35+00:00\",\"breadcrumb\":{\"@id\":\"https:\/\/www.fund-academy.ch\/fr\/fund-trends\/environmental-social-and-governance\/#breadcrumb\"},\"inLanguage\":\"fr-FR\",\"potentialAction\":[{\"@type\":\"ReadAction\",\"target\":[\"https:\/\/www.fund-academy.ch\/fr\/fund-trends\/environmental-social-and-governance\/\"]}]},{\"@type\":\"BreadcrumbList\",\"@id\":\"https:\/\/www.fund-academy.ch\/fr\/fund-trends\/environmental-social-and-governance\/#breadcrumb\",\"itemListElement\":[{\"@type\":\"ListItem\",\"position\":1,\"name\":\"Home\",\"item\":\"https:\/\/www.fund-academy.ch\/fr\/\"},{\"@type\":\"ListItem\",\"position\":2,\"name\":\"Fund Trends \u2013 D\u00e9veloppements et perspectives de l&#8217;industrie\",\"item\":\"https:\/\/www.fund-academy.ch\/fr\/fund-trends\/\"},{\"@type\":\"ListItem\",\"position\":3,\"name\":\"ESG Compact\"}]},{\"@type\":\"WebSite\",\"@id\":\"https:\/\/www.fund-academy.ch\/#website\",\"url\":\"https:\/\/www.fund-academy.ch\/\",\"name\":\"Fund Academy\",\"description\":\"\",\"potentialAction\":[{\"@type\":\"SearchAction\",\"target\":{\"@type\":\"EntryPoint\",\"urlTemplate\":\"https:\/\/www.fund-academy.ch\/?s={search_term_string}\"},\"query-input\":\"required name=search_term_string\"}],\"inLanguage\":\"fr-FR\"}]}<\/script>\n<!-- \/ Yoast SEO plugin. -->","yoast_head_json":{"title":"ESG Compact - Fund Academy","robots":{"index":"index","follow":"follow","max-snippet":"max-snippet:-1","max-image-preview":"max-image-preview:large","max-video-preview":"max-video-preview:-1"},"canonical":"https:\/\/www.fund-academy.ch\/fr\/fund-trends\/environmental-social-and-governance\/","og_locale":"fr_FR","og_type":"article","og_title":"ESG Compact - Fund Academy","og_description":"Tous les acteurs du domaine des placements collectifs- qu&rsquo;il s&rsquo;agisse de directions de fonds, de banques d\u00e9positaires, de gestionnaires d&rsquo;actifs, d&rsquo;analystes &#8211; sont concern\u00e9s par les nouvelles exigences en mati\u00e8re d\u2019ESG. Les promoteurs, les gestionnaires d\u2019actifs, les risk managers et les distributeurs sont tenus d\u2019int\u00e9grer les crit\u00e8res de durabilit\u00e9 dans leurs processus et de respecter ...","og_url":"https:\/\/www.fund-academy.ch\/fr\/fund-trends\/environmental-social-and-governance\/","og_site_name":"Fund Academy","article_modified_time":"2023-11-20T14:50:35+00:00","og_image":[{"width":2560,"height":1707,"url":"https:\/\/www.fund-academy.ch\/wp-content\/uploads\/2022\/01\/bethany-legg-75nbwHfDsnY-unsplash-scaled.jpg","type":"image\/jpeg"}],"twitter_card":"summary_large_image","twitter_misc":{"Dur\u00e9e de lecture estim\u00e9e":"1 minute"},"schema":{"@context":"https:\/\/schema.org","@graph":[{"@type":"WebPage","@id":"https:\/\/www.fund-academy.ch\/fr\/fund-trends\/environmental-social-and-governance\/","url":"https:\/\/www.fund-academy.ch\/fr\/fund-trends\/environmental-social-and-governance\/","name":"ESG Compact - Fund Academy","isPartOf":{"@id":"https:\/\/www.fund-academy.ch\/#website"},"datePublished":"2021-11-19T13:40:25+00:00","dateModified":"2023-11-20T14:50:35+00:00","breadcrumb":{"@id":"https:\/\/www.fund-academy.ch\/fr\/fund-trends\/environmental-social-and-governance\/#breadcrumb"},"inLanguage":"fr-FR","potentialAction":[{"@type":"ReadAction","target":["https:\/\/www.fund-academy.ch\/fr\/fund-trends\/environmental-social-and-governance\/"]}]},{"@type":"BreadcrumbList","@id":"https:\/\/www.fund-academy.ch\/fr\/fund-trends\/environmental-social-and-governance\/#breadcrumb","itemListElement":[{"@type":"ListItem","position":1,"name":"Home","item":"https:\/\/www.fund-academy.ch\/fr\/"},{"@type":"ListItem","position":2,"name":"Fund Trends \u2013 D\u00e9veloppements et perspectives de l&#8217;industrie","item":"https:\/\/www.fund-academy.ch\/fr\/fund-trends\/"},{"@type":"ListItem","position":3,"name":"ESG Compact"}]},{"@type":"WebSite","@id":"https:\/\/www.fund-academy.ch\/#website","url":"https:\/\/www.fund-academy.ch\/","name":"Fund Academy","description":"","potentialAction":[{"@type":"SearchAction","target":{"@type":"EntryPoint","urlTemplate":"https:\/\/www.fund-academy.ch\/?s={search_term_string}"},"query-input":"required name=search_term_string"}],"inLanguage":"fr-FR"}]}},"_links":{"self":[{"href":"https:\/\/www.fund-academy.ch\/fr\/wp-json\/wp\/v2\/pages\/2607"}],"collection":[{"href":"https:\/\/www.fund-academy.ch\/fr\/wp-json\/wp\/v2\/pages"}],"about":[{"href":"https:\/\/www.fund-academy.ch\/fr\/wp-json\/wp\/v2\/types\/page"}],"author":[{"embeddable":true,"href":"https:\/\/www.fund-academy.ch\/fr\/wp-json\/wp\/v2\/users\/1"}],"replies":[{"embeddable":true,"href":"https:\/\/www.fund-academy.ch\/fr\/wp-json\/wp\/v2\/comments?post=2607"}],"version-history":[{"count":8,"href":"https:\/\/www.fund-academy.ch\/fr\/wp-json\/wp\/v2\/pages\/2607\/revisions"}],"predecessor-version":[{"id":3107,"href":"https:\/\/www.fund-academy.ch\/fr\/wp-json\/wp\/v2\/pages\/2607\/revisions\/3107"}],"up":[{"embeddable":true,"href":"https:\/\/www.fund-academy.ch\/fr\/wp-json\/wp\/v2\/pages\/114"}],"wp:featuredmedia":[{"embeddable":true,"href":"https:\/\/www.fund-academy.ch\/fr\/wp-json\/wp\/v2\/media\/2276"}],"wp:attachment":[{"href":"https:\/\/www.fund-academy.ch\/fr\/wp-json\/wp\/v2\/media?parent=2607"}],"curies":[{"name":"wp","href":"https:\/\/api.w.org\/{rel}","templated":true}]}}