{"id":2958,"date":"2023-02-01T11:04:32","date_gmt":"2023-02-01T10:04:32","guid":{"rendered":"https:\/\/www.fund-academy.ch\/?page_id=2958"},"modified":"2023-06-23T10:27:25","modified_gmt":"2023-06-23T08:27:25","slug":"2958-2","status":"publish","type":"page","link":"https:\/\/www.fund-academy.ch\/fr\/fund-trends\/2958-2\/","title":{"rendered":"FIDLEG \/ FINIG Compact\/Refresher"},"content":{"rendered":"<p>Pour les collaborateurs de l&rsquo;industrie des fonds qui souhaitent d&rsquo;une part s&rsquo;inscrire au registre suisse des conseillers ou qui ont besoin de connaissances pour le renouvellement de leur inscription.<\/p>\n<p>D&rsquo;autre part, pour les personnes int\u00e9ress\u00e9es qui souhaitent avoir un aper\u00e7u efficace et cibl\u00e9 de LSFin \/ LEFin en une demi-journ\u00e9e.<\/p>\n<p>Avec test final.<\/p>\n<p>(en allemand uniquement \u00e0 Zurich)<\/p>\n","protected":false},"excerpt":{"rendered":"<p>Pour les collaborateurs de l&rsquo;industrie des fonds qui souhaitent d&rsquo;une part s&rsquo;inscrire au registre suisse des conseillers ou qui ont besoin de connaissances pour le renouvellement de leur inscription. D&rsquo;autre part, pour les personnes int\u00e9ress\u00e9es qui souhaitent avoir un aper\u00e7u efficace et cibl\u00e9 de LSFin \/ LEFin en une demi-journ\u00e9e. Avec test final. (en allemand <a href=\"https:\/\/www.fund-academy.ch\/fr\/fund-trends\/2958-2\/\" class=\"more-link\">&#8230;<\/a><\/p>\n","protected":false},"author":1,"featured_media":2957,"parent":114,"menu_order":3,"comment_status":"closed","ping_status":"closed","template":"page-courses.php","meta":[],"acf":[],"yoast_head":"<!-- This site is optimized with the Yoast SEO plugin v20.8 - https:\/\/yoast.com\/wordpress\/plugins\/seo\/ -->\n<title>FIDLEG \/ FINIG Compact\/Refresher - Fund Academy<\/title>\n<meta name=\"robots\" content=\"index, follow, max-snippet:-1, max-image-preview:large, max-video-preview:-1\" \/>\n<link rel=\"canonical\" href=\"https:\/\/www.fund-academy.ch\/fr\/fund-trends\/2958-2\/\" \/>\n<meta property=\"og:locale\" content=\"fr_FR\" \/>\n<meta property=\"og:type\" content=\"article\" \/>\n<meta property=\"og:title\" content=\"FIDLEG \/ FINIG Compact\/Refresher - Fund Academy\" \/>\n<meta property=\"og:description\" content=\"Pour les collaborateurs de l&rsquo;industrie des fonds qui souhaitent d&rsquo;une part s&rsquo;inscrire au registre suisse des conseillers ou qui ont besoin de connaissances pour le renouvellement de leur inscription. D&rsquo;autre part, pour les personnes int\u00e9ress\u00e9es qui souhaitent avoir un aper\u00e7u efficace et cibl\u00e9 de LSFin \/ LEFin en une demi-journ\u00e9e. Avec test final. (en allemand ...\" \/>\n<meta property=\"og:url\" content=\"https:\/\/www.fund-academy.ch\/fr\/fund-trends\/2958-2\/\" \/>\n<meta property=\"og:site_name\" content=\"Fund Academy\" \/>\n<meta property=\"article:modified_time\" content=\"2023-06-23T08:27:25+00:00\" \/>\n<meta property=\"og:image\" content=\"https:\/\/www.fund-academy.ch\/wp-content\/uploads\/2023\/02\/fidleg-finig.jpg\" \/>\n\t<meta property=\"og:image:width\" content=\"1200\" \/>\n\t<meta property=\"og:image:height\" content=\"800\" \/>\n\t<meta property=\"og:image:type\" content=\"image\/jpeg\" \/>\n<meta name=\"twitter:card\" content=\"summary_large_image\" \/>\n<meta name=\"twitter:label1\" content=\"Dur\u00e9e de lecture estim\u00e9e\" \/>\n\t<meta name=\"twitter:data1\" content=\"1 minute\" \/>\n<script type=\"application\/ld+json\" class=\"yoast-schema-graph\">{\"@context\":\"https:\/\/schema.org\",\"@graph\":[{\"@type\":\"WebPage\",\"@id\":\"https:\/\/www.fund-academy.ch\/fr\/fund-trends\/2958-2\/\",\"url\":\"https:\/\/www.fund-academy.ch\/fr\/fund-trends\/2958-2\/\",\"name\":\"FIDLEG \/ FINIG Compact\/Refresher - Fund Academy\",\"isPartOf\":{\"@id\":\"https:\/\/www.fund-academy.ch\/#website\"},\"datePublished\":\"2023-02-01T10:04:32+00:00\",\"dateModified\":\"2023-06-23T08:27:25+00:00\",\"breadcrumb\":{\"@id\":\"https:\/\/www.fund-academy.ch\/fr\/fund-trends\/2958-2\/#breadcrumb\"},\"inLanguage\":\"fr-FR\",\"potentialAction\":[{\"@type\":\"ReadAction\",\"target\":[\"https:\/\/www.fund-academy.ch\/fr\/fund-trends\/2958-2\/\"]}]},{\"@type\":\"BreadcrumbList\",\"@id\":\"https:\/\/www.fund-academy.ch\/fr\/fund-trends\/2958-2\/#breadcrumb\",\"itemListElement\":[{\"@type\":\"ListItem\",\"position\":1,\"name\":\"Home\",\"item\":\"https:\/\/www.fund-academy.ch\/fr\/\"},{\"@type\":\"ListItem\",\"position\":2,\"name\":\"Fund Trends \u2013 D\u00e9veloppements et perspectives de l&#8217;industrie\",\"item\":\"https:\/\/www.fund-academy.ch\/fr\/fund-trends\/\"},{\"@type\":\"ListItem\",\"position\":3,\"name\":\"FIDLEG \/ FINIG Compact\/Refresher\"}]},{\"@type\":\"WebSite\",\"@id\":\"https:\/\/www.fund-academy.ch\/#website\",\"url\":\"https:\/\/www.fund-academy.ch\/\",\"name\":\"Fund Academy\",\"description\":\"\",\"potentialAction\":[{\"@type\":\"SearchAction\",\"target\":{\"@type\":\"EntryPoint\",\"urlTemplate\":\"https:\/\/www.fund-academy.ch\/?s={search_term_string}\"},\"query-input\":\"required name=search_term_string\"}],\"inLanguage\":\"fr-FR\"}]}<\/script>\n<!-- \/ Yoast SEO plugin. -->","yoast_head_json":{"title":"FIDLEG \/ FINIG Compact\/Refresher - Fund Academy","robots":{"index":"index","follow":"follow","max-snippet":"max-snippet:-1","max-image-preview":"max-image-preview:large","max-video-preview":"max-video-preview:-1"},"canonical":"https:\/\/www.fund-academy.ch\/fr\/fund-trends\/2958-2\/","og_locale":"fr_FR","og_type":"article","og_title":"FIDLEG \/ FINIG Compact\/Refresher - Fund Academy","og_description":"Pour les collaborateurs de l&rsquo;industrie des fonds qui souhaitent d&rsquo;une part s&rsquo;inscrire au registre suisse des conseillers ou qui ont besoin de connaissances pour le renouvellement de leur inscription. D&rsquo;autre part, pour les personnes int\u00e9ress\u00e9es qui souhaitent avoir un aper\u00e7u efficace et cibl\u00e9 de LSFin \/ LEFin en une demi-journ\u00e9e. Avec test final. (en allemand ...","og_url":"https:\/\/www.fund-academy.ch\/fr\/fund-trends\/2958-2\/","og_site_name":"Fund Academy","article_modified_time":"2023-06-23T08:27:25+00:00","og_image":[{"width":1200,"height":800,"url":"https:\/\/www.fund-academy.ch\/wp-content\/uploads\/2023\/02\/fidleg-finig.jpg","type":"image\/jpeg"}],"twitter_card":"summary_large_image","twitter_misc":{"Dur\u00e9e de lecture estim\u00e9e":"1 minute"},"schema":{"@context":"https:\/\/schema.org","@graph":[{"@type":"WebPage","@id":"https:\/\/www.fund-academy.ch\/fr\/fund-trends\/2958-2\/","url":"https:\/\/www.fund-academy.ch\/fr\/fund-trends\/2958-2\/","name":"FIDLEG \/ FINIG Compact\/Refresher - Fund Academy","isPartOf":{"@id":"https:\/\/www.fund-academy.ch\/#website"},"datePublished":"2023-02-01T10:04:32+00:00","dateModified":"2023-06-23T08:27:25+00:00","breadcrumb":{"@id":"https:\/\/www.fund-academy.ch\/fr\/fund-trends\/2958-2\/#breadcrumb"},"inLanguage":"fr-FR","potentialAction":[{"@type":"ReadAction","target":["https:\/\/www.fund-academy.ch\/fr\/fund-trends\/2958-2\/"]}]},{"@type":"BreadcrumbList","@id":"https:\/\/www.fund-academy.ch\/fr\/fund-trends\/2958-2\/#breadcrumb","itemListElement":[{"@type":"ListItem","position":1,"name":"Home","item":"https:\/\/www.fund-academy.ch\/fr\/"},{"@type":"ListItem","position":2,"name":"Fund Trends \u2013 D\u00e9veloppements et perspectives de l&#8217;industrie","item":"https:\/\/www.fund-academy.ch\/fr\/fund-trends\/"},{"@type":"ListItem","position":3,"name":"FIDLEG \/ FINIG Compact\/Refresher"}]},{"@type":"WebSite","@id":"https:\/\/www.fund-academy.ch\/#website","url":"https:\/\/www.fund-academy.ch\/","name":"Fund Academy","description":"","potentialAction":[{"@type":"SearchAction","target":{"@type":"EntryPoint","urlTemplate":"https:\/\/www.fund-academy.ch\/?s={search_term_string}"},"query-input":"required name=search_term_string"}],"inLanguage":"fr-FR"}]}},"_links":{"self":[{"href":"https:\/\/www.fund-academy.ch\/fr\/wp-json\/wp\/v2\/pages\/2958"}],"collection":[{"href":"https:\/\/www.fund-academy.ch\/fr\/wp-json\/wp\/v2\/pages"}],"about":[{"href":"https:\/\/www.fund-academy.ch\/fr\/wp-json\/wp\/v2\/types\/page"}],"author":[{"embeddable":true,"href":"https:\/\/www.fund-academy.ch\/fr\/wp-json\/wp\/v2\/users\/1"}],"replies":[{"embeddable":true,"href":"https:\/\/www.fund-academy.ch\/fr\/wp-json\/wp\/v2\/comments?post=2958"}],"version-history":[{"count":5,"href":"https:\/\/www.fund-academy.ch\/fr\/wp-json\/wp\/v2\/pages\/2958\/revisions"}],"predecessor-version":[{"id":3025,"href":"https:\/\/www.fund-academy.ch\/fr\/wp-json\/wp\/v2\/pages\/2958\/revisions\/3025"}],"up":[{"embeddable":true,"href":"https:\/\/www.fund-academy.ch\/fr\/wp-json\/wp\/v2\/pages\/114"}],"wp:featuredmedia":[{"embeddable":true,"href":"https:\/\/www.fund-academy.ch\/fr\/wp-json\/wp\/v2\/media\/2957"}],"wp:attachment":[{"href":"https:\/\/www.fund-academy.ch\/fr\/wp-json\/wp\/v2\/media?parent=2958"}],"curies":[{"name":"wp","href":"https:\/\/api.w.org\/{rel}","templated":true}]}}