{"id":3155,"date":"2024-08-23T09:34:48","date_gmt":"2024-08-23T07:34:48","guid":{"rendered":"https:\/\/www.fund-academy.ch\/?page_id=3155"},"modified":"2025-02-04T13:23:02","modified_gmt":"2025-02-04T12:23:02","slug":"dublin","status":"publish","type":"page","link":"https:\/\/www.fund-academy.ch\/fr\/about-us\/dublin\/","title":{"rendered":"Dublin"},"content":{"rendered":"<p>\u00c0 partir de mars 2025, la Fund Academy proposera des formations pratiques \u00e0 Dublin, sp\u00e9cialement con\u00e7ues pour r\u00e9pondre aux besoins des employ\u00e9s de l&rsquo;industrie des fonds en Irlande. <span lang=\"EN-US\">Des experts du secteur guideront les participants \u00e0 travers tous les aspects essentiels des placements collectifs en seulement trois jours, de mani\u00e8re compacte et efficace.<\/span><\/p>\n","protected":false},"excerpt":{"rendered":"<p>\u00c0 partir de mars 2025, la Fund Academy proposera des formations pratiques \u00e0 Dublin, sp\u00e9cialement con\u00e7ues pour r\u00e9pondre aux besoins des employ\u00e9s de l&rsquo;industrie des fonds en Irlande. Des experts du secteur guideront les participants \u00e0 travers tous les aspects essentiels des placements collectifs en seulement trois jours, de mani\u00e8re compacte et efficace.<\/p>\n","protected":false},"author":1,"featured_media":3152,"parent":82,"menu_order":0,"comment_status":"closed","ping_status":"closed","template":"","meta":[],"acf":[],"yoast_head":"<!-- This site is optimized with the Yoast SEO plugin v20.8 - https:\/\/yoast.com\/wordpress\/plugins\/seo\/ -->\n<title>Dublin - Fund Academy<\/title>\n<meta name=\"robots\" content=\"index, follow, max-snippet:-1, max-image-preview:large, max-video-preview:-1\" \/>\n<link rel=\"canonical\" href=\"https:\/\/www.fund-academy.ch\/fr\/about-us\/dublin\/\" \/>\n<meta property=\"og:locale\" content=\"fr_FR\" \/>\n<meta property=\"og:type\" content=\"article\" \/>\n<meta property=\"og:title\" content=\"Dublin - Fund Academy\" \/>\n<meta property=\"og:description\" content=\"\u00c0 partir de mars 2025, la Fund Academy proposera des formations pratiques \u00e0 Dublin, sp\u00e9cialement con\u00e7ues pour r\u00e9pondre aux besoins des employ\u00e9s de l&rsquo;industrie des fonds en Irlande. Des experts du secteur guideront les participants \u00e0 travers tous les aspects essentiels des placements collectifs en seulement trois jours, de mani\u00e8re compacte et efficace.\" \/>\n<meta property=\"og:url\" content=\"https:\/\/www.fund-academy.ch\/fr\/about-us\/dublin\/\" \/>\n<meta property=\"og:site_name\" content=\"Fund Academy\" \/>\n<meta property=\"article:modified_time\" content=\"2025-02-04T12:23:02+00:00\" \/>\n<meta property=\"og:image\" content=\"https:\/\/www.fund-academy.ch\/wp-content\/uploads\/2024\/08\/Bridge_Dublin.jpeg\" \/>\n\t<meta property=\"og:image:width\" content=\"1069\" \/>\n\t<meta property=\"og:image:height\" content=\"1045\" \/>\n\t<meta property=\"og:image:type\" content=\"image\/jpeg\" \/>\n<meta name=\"twitter:card\" content=\"summary_large_image\" \/>\n<meta name=\"twitter:label1\" content=\"Dur\u00e9e de lecture estim\u00e9e\" \/>\n\t<meta name=\"twitter:data1\" content=\"1 minute\" \/>\n<script type=\"application\/ld+json\" class=\"yoast-schema-graph\">{\"@context\":\"https:\/\/schema.org\",\"@graph\":[{\"@type\":\"WebPage\",\"@id\":\"https:\/\/www.fund-academy.ch\/fr\/about-us\/dublin\/\",\"url\":\"https:\/\/www.fund-academy.ch\/fr\/about-us\/dublin\/\",\"name\":\"Dublin - Fund Academy\",\"isPartOf\":{\"@id\":\"https:\/\/www.fund-academy.ch\/#website\"},\"datePublished\":\"2024-08-23T07:34:48+00:00\",\"dateModified\":\"2025-02-04T12:23:02+00:00\",\"breadcrumb\":{\"@id\":\"https:\/\/www.fund-academy.ch\/fr\/about-us\/dublin\/#breadcrumb\"},\"inLanguage\":\"fr-FR\",\"potentialAction\":[{\"@type\":\"ReadAction\",\"target\":[\"https:\/\/www.fund-academy.ch\/fr\/about-us\/dublin\/\"]}]},{\"@type\":\"BreadcrumbList\",\"@id\":\"https:\/\/www.fund-academy.ch\/fr\/about-us\/dublin\/#breadcrumb\",\"itemListElement\":[{\"@type\":\"ListItem\",\"position\":1,\"name\":\"Home\",\"item\":\"https:\/\/www.fund-academy.ch\/fr\/\"},{\"@type\":\"ListItem\",\"position\":2,\"name\":\"Willkommen bei Fund Academy\",\"item\":\"https:\/\/www.fund-academy.ch\/fr\/about-us\/\"},{\"@type\":\"ListItem\",\"position\":3,\"name\":\"Dublin\"}]},{\"@type\":\"WebSite\",\"@id\":\"https:\/\/www.fund-academy.ch\/#website\",\"url\":\"https:\/\/www.fund-academy.ch\/\",\"name\":\"Fund Academy\",\"description\":\"\",\"potentialAction\":[{\"@type\":\"SearchAction\",\"target\":{\"@type\":\"EntryPoint\",\"urlTemplate\":\"https:\/\/www.fund-academy.ch\/?s={search_term_string}\"},\"query-input\":\"required name=search_term_string\"}],\"inLanguage\":\"fr-FR\"}]}<\/script>\n<!-- \/ Yoast SEO plugin. -->","yoast_head_json":{"title":"Dublin - Fund Academy","robots":{"index":"index","follow":"follow","max-snippet":"max-snippet:-1","max-image-preview":"max-image-preview:large","max-video-preview":"max-video-preview:-1"},"canonical":"https:\/\/www.fund-academy.ch\/fr\/about-us\/dublin\/","og_locale":"fr_FR","og_type":"article","og_title":"Dublin - Fund Academy","og_description":"\u00c0 partir de mars 2025, la Fund Academy proposera des formations pratiques \u00e0 Dublin, sp\u00e9cialement con\u00e7ues pour r\u00e9pondre aux besoins des employ\u00e9s de l&rsquo;industrie des fonds en Irlande. Des experts du secteur guideront les participants \u00e0 travers tous les aspects essentiels des placements collectifs en seulement trois jours, de mani\u00e8re compacte et efficace.","og_url":"https:\/\/www.fund-academy.ch\/fr\/about-us\/dublin\/","og_site_name":"Fund Academy","article_modified_time":"2025-02-04T12:23:02+00:00","og_image":[{"width":1069,"height":1045,"url":"https:\/\/www.fund-academy.ch\/wp-content\/uploads\/2024\/08\/Bridge_Dublin.jpeg","type":"image\/jpeg"}],"twitter_card":"summary_large_image","twitter_misc":{"Dur\u00e9e de lecture estim\u00e9e":"1 minute"},"schema":{"@context":"https:\/\/schema.org","@graph":[{"@type":"WebPage","@id":"https:\/\/www.fund-academy.ch\/fr\/about-us\/dublin\/","url":"https:\/\/www.fund-academy.ch\/fr\/about-us\/dublin\/","name":"Dublin - Fund Academy","isPartOf":{"@id":"https:\/\/www.fund-academy.ch\/#website"},"datePublished":"2024-08-23T07:34:48+00:00","dateModified":"2025-02-04T12:23:02+00:00","breadcrumb":{"@id":"https:\/\/www.fund-academy.ch\/fr\/about-us\/dublin\/#breadcrumb"},"inLanguage":"fr-FR","potentialAction":[{"@type":"ReadAction","target":["https:\/\/www.fund-academy.ch\/fr\/about-us\/dublin\/"]}]},{"@type":"BreadcrumbList","@id":"https:\/\/www.fund-academy.ch\/fr\/about-us\/dublin\/#breadcrumb","itemListElement":[{"@type":"ListItem","position":1,"name":"Home","item":"https:\/\/www.fund-academy.ch\/fr\/"},{"@type":"ListItem","position":2,"name":"Willkommen bei Fund Academy","item":"https:\/\/www.fund-academy.ch\/fr\/about-us\/"},{"@type":"ListItem","position":3,"name":"Dublin"}]},{"@type":"WebSite","@id":"https:\/\/www.fund-academy.ch\/#website","url":"https:\/\/www.fund-academy.ch\/","name":"Fund Academy","description":"","potentialAction":[{"@type":"SearchAction","target":{"@type":"EntryPoint","urlTemplate":"https:\/\/www.fund-academy.ch\/?s={search_term_string}"},"query-input":"required name=search_term_string"}],"inLanguage":"fr-FR"}]}},"_links":{"self":[{"href":"https:\/\/www.fund-academy.ch\/fr\/wp-json\/wp\/v2\/pages\/3155"}],"collection":[{"href":"https:\/\/www.fund-academy.ch\/fr\/wp-json\/wp\/v2\/pages"}],"about":[{"href":"https:\/\/www.fund-academy.ch\/fr\/wp-json\/wp\/v2\/types\/page"}],"author":[{"embeddable":true,"href":"https:\/\/www.fund-academy.ch\/fr\/wp-json\/wp\/v2\/users\/1"}],"replies":[{"embeddable":true,"href":"https:\/\/www.fund-academy.ch\/fr\/wp-json\/wp\/v2\/comments?post=3155"}],"version-history":[{"count":2,"href":"https:\/\/www.fund-academy.ch\/fr\/wp-json\/wp\/v2\/pages\/3155\/revisions"}],"predecessor-version":[{"id":3271,"href":"https:\/\/www.fund-academy.ch\/fr\/wp-json\/wp\/v2\/pages\/3155\/revisions\/3271"}],"up":[{"embeddable":true,"href":"https:\/\/www.fund-academy.ch\/fr\/wp-json\/wp\/v2\/pages\/82"}],"wp:featuredmedia":[{"embeddable":true,"href":"https:\/\/www.fund-academy.ch\/fr\/wp-json\/wp\/v2\/media\/3152"}],"wp:attachment":[{"href":"https:\/\/www.fund-academy.ch\/fr\/wp-json\/wp\/v2\/media?parent=3155"}],"curies":[{"name":"wp","href":"https:\/\/api.w.org\/{rel}","templated":true}]}}