{"id":64,"date":"2020-11-28T10:59:36","date_gmt":"2020-11-28T09:59:36","guid":{"rendered":"https:\/\/www.fund-academy.ch\/legal\/agb\/"},"modified":"2023-10-04T16:35:33","modified_gmt":"2023-10-04T14:35:33","slug":"agbs","status":"publish","type":"page","link":"https:\/\/www.fund-academy.ch\/fr\/startseite\/legal\/agbs\/","title":{"rendered":"AGBs"},"content":{"rendered":"<h2>AGB \u2013 Allgemeine Gesch\u00e4ftsbedingungen f\u00fcr Lehrg\u00e4nge von Fund Academy AG, 1. April 2023<\/h2>\n<h2>1 Geltungsbereich<\/h2>\n<p>Diese allgemeinen Gesch\u00e4ftsbedingungen regeln die Vertragsbeziehung zwischen FUND ACADEMY<br \/>\nAG und den Studentinnen und Studenten von Lehrg\u00e4ngen und Seminaren von FUND ACADEMY AG.<br \/>\n\u00ab\u00a0Student\u00a0\u00bb bezeichnet nachfolgend sowohl die weibliche als auch die m\u00e4nnliche Form. Mit der<br \/>\nAnmeldung f\u00fcr einen Lehrgang bzw. ein Seminar erkl\u00e4rt sich der Student mit diesen allgemeinen<br \/>\nGesch\u00e4ftsbedingungen einverstanden und ist an sie gebunden.<\/p>\n<h2>2 Lehrgangs- und Pr\u00fcfungsvoraussetzungen<\/h2>\n<p>Der Student ist verantwortlich f\u00fcr die Anmeldung und die Erf\u00fcllung der geltenden<br \/>\nZulassungsbedingungen zum Lehrgang und zur Pr\u00fcfung der von ihm gew\u00e4hlten Ausbildung. FUND<br \/>\nACADEMY AG entscheidet definitiv aufgrund der eingereichten Anmeldungen \u00fcber die Erf\u00fcllung der<br \/>\nZulassungsbedingungen und \u00fcber die Aufnahme in den Lehrgang. Der Student ist gegen\u00fcber FUND<br \/>\nACADEMY AG sowie der Pr\u00fcfungsstelle zu wahrheitsgetreuen und vollst\u00e4ndigen Angaben<br \/>\nverpflichtet. Unabh\u00e4ngig vom Aufnahmeentscheid von FUND ACADEMY AG tr\u00e4gt in jedem Fall<br \/>\nausschliesslich der Student die Verantwortung f\u00fcr die Richtigkeit und Vollst\u00e4ndigkeit seiner Angaben.<\/p>\n<h2>3 Anmeldung, Best\u00e4tigung, Rechnungsstellung<\/h2>\n<p>Die Anmeldung zum Lehrgang erfolgt schriftlich und ist f\u00fcr den Studenten bindend. Die Anmeldungen<br \/>\nf\u00fcr den Lehrgang oder einzelne Unterrichtslektionen werden in der Reihenfolge ihres Eintreffens<br \/>\nber\u00fccksichtigt. Sobald FUND ACADEMY AG dem Studenten die Aufnahme in den Lehrgang best\u00e4tigt<br \/>\nund die Rechnung f\u00fcr die Lehrgangsgeb\u00fchr zustellt, tritt der Lehrgangsvertrag in Kraft (unter<br \/>\nVorbehalt von Ziff. 7).<\/p>\n<h2>4 Lehrgangsgeb\u00fchr<\/h2>\n<p>Die Lehrgangsgeb\u00fchr ist grunds\u00e4tzlich vor Beginn des Lehrgangs f\u00e4llig und zahlbar. In den<br \/>\nLehrgangsgeb\u00fchren inbegriffen ist s\u00e4mtliches Unterrichtsmaterial gem\u00e4ss Ausschreibung. Nicht<br \/>\ninbegriffen sind die Kosten f\u00fcr Verpflegung, Reise und Unterkunft, Pr\u00fcfungen, Lektionen oder<br \/>\nModulen, etc., es sei denn, die Kursausschreibung sehe explizit eine andere Regelung vor. Die<br \/>\nVerhinderung der Teilnahme am Unterricht infolge Milit\u00e4rdienstes, Krankheit, Mutterschaft, Unfall,<br \/>\nFerien, beruflicher Belastung oder aus irgendwelchen anderen Gr\u00fcnden f\u00fchrt zu keinem Anspruch<br \/>\nauf Reduktion oder R\u00fcckerstattung der Lehrgangsgeb\u00fchr.<\/p>\n<h2>5 Zugriff zum Unterrichtsmaterial<\/h2>\n<p>Der Zugriff zum Unterrichtsmaterial wird nach Zahlung der Lehrgangsgeb\u00fchr gew\u00e4hrt. Solange die<br \/>\nZahlung nicht bei FUND ACADEMY AG eingetroffen ist, besteht kein Anspruch auf den Zugriff zum<br \/>\nUnterrichtsmaterial oder auf sonstige Leistungen seitens FUND ACADEMY AG. Sollte der Zugang zum<br \/>\nUnterrichtsmaterial ausnahmsweise bereits vor Zahlung der Lehrgangsgeb\u00fchr freigeschaltet werden,<br \/>\nist FUND ACADEMY AG jederzeit berechtigt, diesen wieder zu sperren und die vollst\u00e4ndige L\u00f6schung<br \/>\nvon allenfalls bereits heruntergeladenem Unterrichtsmaterial zu verlangen, sofern die<br \/>\nLehrgangsgeb\u00fchr nicht innert einer von FUND ACADEMY AG bestimmten Nachfrist bezahlt wird. Der<br \/>\nStudent ist zust\u00e4ndig, sich die notwendige Infrastruktur f\u00fcr den Zugriff auf die digitalen Formate des<br \/>\nLehrgangs zu verschaffen. Zugriffsprobleme durch technische St\u00f6rungen, Zugriffbeschr\u00e4nkungen des<br \/>\nArbeitgebers etc. f\u00fchren zu keinem Anspruch auf Schadenersatz.<\/p>\n<h2>6 Lehrgangsinhalte und -organisation<\/h2>\n<p>FUND ACADEMY AG beh\u00e4lt sich vor, die Inhalte und die Organisation den aktuellen Erfordernissen im<br \/>\nRahmen der Ziele des Lehrgangs anzupassen. FUND ACADEMY AG entscheidet nach eigenem<br \/>\nErmessen \u00fcber Wechsel von Dozentinnen und Dozenten, den Stundenplan, das Format und den Ort<br \/>\nder Durchf\u00fchrung. Sowohl bei Pr\u00e4senz- als auch bei Online-Unterricht ist FUND ACADEMY AG<br \/>\nberechtigt, die Lehrg\u00e4nge mit Ton und\/oder Bild aufzuzeichnen, auf der eigenen Lernplattform zu<br \/>\nspeichern und im Rahmen des laufenden sowie des nachfolgenden Lehrgangs wiederzugeben. Die<br \/>\nWahl der daf\u00fcr verwendeten technischen L\u00f6sung liegt im Ermessen von FUND ACADEMY AG. In<br \/>\ndiesem Umfang stimmt der Student der Nutzung seiner Ton- und Bildrechte durch FUND ACADEMY<br \/>\nAG zu.<\/p>\n<h2>7 Absage von Lehrg\u00e4ngen durch FUND ACADEMY AG<\/h2>\n<p>Die FUND ACADEMY AG beh\u00e4lt sich das Recht vor, Lehrg\u00e4nge wegen ungen\u00fcgender Zahl an<br \/>\nAnmeldungen oder anderer Umst\u00e4nde, die eine Durchf\u00fchrung aus Sicht von FUND ACADEMY AG<br \/>\nunzumutbar machen, abzusagen. Absagen werden rechtzeitig vor Beginn des Lehrganges<br \/>\nkommuniziert. Wird ein Lehrgang definitiv abgesagt, werden dem Studenten die bereits bezahlten<br \/>\nGeb\u00fchren zur\u00fcckerstattet. Jeglicher Ersatz von weiteren Kosten sowie jegliche<br \/>\nSchadenersatzanspr\u00fcche (namentlich auch wegen entgangenen Gewinns, Verlust von<br \/>\nOpportunit\u00e4ten, nicht realisierten Einsparungen sowie wegen anderen unmittelbaren oder<br \/>\nmittelbaren Sch\u00e4den) sind ausgeschlossen, soweit FUND ACADEMY AG solche Kosten oder Sch\u00e4den<br \/>\nnicht grobfahrl\u00e4ssig verursacht hat.<\/p>\n<h2>8 Abmeldung<\/h2>\n<p>Abmeldungen vor Lehrgangsbeginn m\u00fcssen FUND ACADEMY AG schriftlich mitgeteilt werden.<br \/>\nAbmeldungen sind bis 2 Wochen vor Lehrgangsbeginn kostenfrei. Bei Abmeldungen nach dieser Frist<br \/>\nist die gesamte Lehrgangsgeb\u00fchr geschuldet. Lehrgangsgeb\u00fchren f\u00fcr nicht besuchte Kursmodule, bei<br \/>\nNichtantritt oder bei Abbruch des Lehrgangs durch den Studenten werden weder ganz noch teilweise<br \/>\nzur\u00fcckerstattet.<\/p>\n<h2>9 Ausschlussm\u00f6glichkeit seitens FUND ACADEMY AG<\/h2>\n<p>Die FUND ACADEMY AG beh\u00e4lt sich das Recht vor, einen Studenten aufgrund widerrechtlichen,<br \/>\nunsittlichen, unmoralischen oder disziplinarischen Fehlverhaltens von der Ausbildung<br \/>\nauszuschliessen. Bei einem Ausschluss sind die gesamten Kosten des Studiengangs gem\u00e4ss<br \/>\nLehrgangsvertrag und allf\u00e4lliger Schadenersatz durch den Studenten zu tragen.<\/p>\n<h2>10 Versicherung<\/h2>\n<p>Der Abschluss einer Unfall- und Haftpflichtversicherung sowie anderer Versicherungen ist Sache des<br \/>\nStudenten.<\/p>\n<h2>11 Urheberrechtlicher Schutz<\/h2>\n<p>Die Studenten nehmen zur Kenntnis und anerkennen, dass die auf der online-Lernplattform von<br \/>\nFUND ACADEMY AG zur Verf\u00fcgung gestellten Inhalte (Dokumente, Ton-, Tonbildaufzeichnungen,<br \/>\nVideos, Kommunikation im lehrgangsbezogenen Forum etc.) urheberrechtlichen Schutz geniessen,<br \/>\nwobei die entsprechenden Urheberrechte FUND ACADEMY AG zustehen. Jede \u00fcber die eigene<br \/>\nprivate Nutzung im Rahmen des jeweiligen Lehrgangs hinausgehende Vervielf\u00e4ltigung, Verbreitung,<br \/>\nVer\u00e4nderung oder sonstige Verwendung dieser Inhalte ist den Studenten ausdr\u00fccklich untersagt. Bei<br \/>\nZuwiderhandlung k\u00f6nnen rechtliche Schritte ergriffen werden (vgl. auch Ziff. 9).<\/p>\n<h2>12 Datenschutz<\/h2>\n<p>Durch die Anmeldung erkl\u00e4rt sich der Student mit der Be- und Verarbeitung seiner<br \/>\npersonenbezogenen Daten unter Beachtung der Bestimmungen des Datenschutzgesetzes f\u00fcr Zwecke<br \/>\nder Lehrgangs- und Pr\u00fcfungsabwicklung sowie mit der Zusendung sp\u00e4terer Informationen im<br \/>\nZusammenhang mit beruflicher Bildung bis auf Widerruf einverstanden. FUND ACADEMY AG<br \/>\nverpflichtet sich, alle Daten vertraulich zu verwenden und nicht an Dritte weiterzugeben. FUND<br \/>\nACADEMY AG ist jedoch berechtigt, die Daten unter Beachtung der schweizerischen<br \/>\nDatenschutzbestimmungen durch in- oder ausl\u00e4ndische Tochtergesellschaften bearbeiten zu lassen.<br \/>\nMit der Unterzeichnung der Anmeldung erkl\u00e4rt sich der Student ausdr\u00fccklich mit diesen Grunds\u00e4tzen<br \/>\neinverstanden.<\/p>\n<h2>13 Verantwortung und Haftung von FUND ACADEMY AG<\/h2>\n<p>FUND ACADEMY AG setzt sich daf\u00fcr ein, den Teilnehmern eine qualitativ hochwertige Ausbildung zu<br \/>\nbieten und diese nach neusten fachlichen und p\u00e4dagogischen Erkenntnissen auszugestalten. FUND<br \/>\nACADEMY AG \u00fcbernimmt keine Garantie und haftet nicht f\u00fcr den Lern- oder Pr\u00fcfungserfolg des<br \/>\nStudenten. Die Haftung von FUND ACADEMY AG ist in jedem Fall auf Grobfahrl\u00e4ssigkeit und<br \/>\nb\u00f6swillige Absicht (OR 100) beschr\u00e4nkt. Die Haftung f\u00fcr Hilfspersonen wie z.B. Lehrbeauftragte ist<br \/>\nausgeschlossen (OR 101).<\/p>\n","protected":false},"excerpt":{"rendered":"<p>AGB \u2013 Allgemeine Gesch\u00e4ftsbedingungen f\u00fcr Lehrg\u00e4nge von Fund Academy AG, 1. April 2023 1 Geltungsbereich Diese allgemeinen Gesch\u00e4ftsbedingungen regeln die Vertragsbeziehung zwischen FUND ACADEMY AG und den Studentinnen und Studenten von Lehrg\u00e4ngen und Seminaren von FUND ACADEMY AG. \u00ab\u00a0Student\u00a0\u00bb bezeichnet nachfolgend sowohl die weibliche als auch die m\u00e4nnliche Form. Mit der Anmeldung f\u00fcr einen Lehrgang <a href=\"https:\/\/www.fund-academy.ch\/fr\/startseite\/legal\/agbs\/\" class=\"more-link\">&#8230;<\/a><\/p>\n","protected":false},"author":1,"featured_media":0,"parent":62,"menu_order":0,"comment_status":"closed","ping_status":"closed","template":"page-text.php","meta":[],"acf":[],"yoast_head":"<!-- This site is optimized with the Yoast SEO plugin v20.8 - https:\/\/yoast.com\/wordpress\/plugins\/seo\/ -->\n<title>AGBs - Fund Academy<\/title>\n<meta name=\"robots\" content=\"index, follow, max-snippet:-1, max-image-preview:large, max-video-preview:-1\" \/>\n<link rel=\"canonical\" href=\"https:\/\/www.fund-academy.ch\/fr\/startseite\/legal\/agbs\/\" \/>\n<meta property=\"og:locale\" content=\"fr_FR\" \/>\n<meta property=\"og:type\" content=\"article\" \/>\n<meta property=\"og:title\" content=\"AGBs - Fund Academy\" \/>\n<meta property=\"og:description\" content=\"AGB \u2013 Allgemeine Gesch\u00e4ftsbedingungen f\u00fcr Lehrg\u00e4nge von Fund Academy AG, 1. April 2023 1 Geltungsbereich Diese allgemeinen Gesch\u00e4ftsbedingungen regeln die Vertragsbeziehung zwischen FUND ACADEMY AG und den Studentinnen und Studenten von Lehrg\u00e4ngen und Seminaren von FUND ACADEMY AG. \u00ab\u00a0Student\u00a0\u00bb bezeichnet nachfolgend sowohl die weibliche als auch die m\u00e4nnliche Form. Mit der Anmeldung f\u00fcr einen Lehrgang ...\" \/>\n<meta property=\"og:url\" content=\"https:\/\/www.fund-academy.ch\/fr\/startseite\/legal\/agbs\/\" \/>\n<meta property=\"og:site_name\" content=\"Fund Academy\" \/>\n<meta property=\"article:modified_time\" content=\"2023-10-04T14:35:33+00:00\" \/>\n<meta name=\"twitter:card\" content=\"summary_large_image\" \/>\n<meta name=\"twitter:label1\" content=\"Dur\u00e9e de lecture estim\u00e9e\" \/>\n\t<meta name=\"twitter:data1\" content=\"6 minutes\" \/>\n<script type=\"application\/ld+json\" class=\"yoast-schema-graph\">{\"@context\":\"https:\/\/schema.org\",\"@graph\":[{\"@type\":\"WebPage\",\"@id\":\"https:\/\/www.fund-academy.ch\/fr\/startseite\/legal\/agbs\/\",\"url\":\"https:\/\/www.fund-academy.ch\/fr\/startseite\/legal\/agbs\/\",\"name\":\"AGBs - Fund Academy\",\"isPartOf\":{\"@id\":\"https:\/\/www.fund-academy.ch\/#website\"},\"datePublished\":\"2020-11-28T09:59:36+00:00\",\"dateModified\":\"2023-10-04T14:35:33+00:00\",\"breadcrumb\":{\"@id\":\"https:\/\/www.fund-academy.ch\/fr\/startseite\/legal\/agbs\/#breadcrumb\"},\"inLanguage\":\"fr-FR\",\"potentialAction\":[{\"@type\":\"ReadAction\",\"target\":[\"https:\/\/www.fund-academy.ch\/fr\/startseite\/legal\/agbs\/\"]}]},{\"@type\":\"BreadcrumbList\",\"@id\":\"https:\/\/www.fund-academy.ch\/fr\/startseite\/legal\/agbs\/#breadcrumb\",\"itemListElement\":[{\"@type\":\"ListItem\",\"position\":1,\"name\":\"Home\",\"item\":\"https:\/\/www.fund-academy.ch\/fr\/\"},{\"@type\":\"ListItem\",\"position\":2,\"name\":\"Accueil\",\"item\":\"https:\/\/www.fund-academy.ch\/fr\/\"},{\"@type\":\"ListItem\",\"position\":3,\"name\":\"Legal\",\"item\":\"https:\/\/www.fund-academy.ch\/fr\/startseite\/legal\/\"},{\"@type\":\"ListItem\",\"position\":4,\"name\":\"AGBs\"}]},{\"@type\":\"WebSite\",\"@id\":\"https:\/\/www.fund-academy.ch\/#website\",\"url\":\"https:\/\/www.fund-academy.ch\/\",\"name\":\"Fund Academy\",\"description\":\"\",\"potentialAction\":[{\"@type\":\"SearchAction\",\"target\":{\"@type\":\"EntryPoint\",\"urlTemplate\":\"https:\/\/www.fund-academy.ch\/?s={search_term_string}\"},\"query-input\":\"required name=search_term_string\"}],\"inLanguage\":\"fr-FR\"}]}<\/script>\n<!-- \/ Yoast SEO plugin. -->","yoast_head_json":{"title":"AGBs - Fund Academy","robots":{"index":"index","follow":"follow","max-snippet":"max-snippet:-1","max-image-preview":"max-image-preview:large","max-video-preview":"max-video-preview:-1"},"canonical":"https:\/\/www.fund-academy.ch\/fr\/startseite\/legal\/agbs\/","og_locale":"fr_FR","og_type":"article","og_title":"AGBs - Fund Academy","og_description":"AGB \u2013 Allgemeine Gesch\u00e4ftsbedingungen f\u00fcr Lehrg\u00e4nge von Fund Academy AG, 1. April 2023 1 Geltungsbereich Diese allgemeinen Gesch\u00e4ftsbedingungen regeln die Vertragsbeziehung zwischen FUND ACADEMY AG und den Studentinnen und Studenten von Lehrg\u00e4ngen und Seminaren von FUND ACADEMY AG. \u00ab\u00a0Student\u00a0\u00bb bezeichnet nachfolgend sowohl die weibliche als auch die m\u00e4nnliche Form. Mit der Anmeldung f\u00fcr einen Lehrgang ...","og_url":"https:\/\/www.fund-academy.ch\/fr\/startseite\/legal\/agbs\/","og_site_name":"Fund Academy","article_modified_time":"2023-10-04T14:35:33+00:00","twitter_card":"summary_large_image","twitter_misc":{"Dur\u00e9e de lecture estim\u00e9e":"6 minutes"},"schema":{"@context":"https:\/\/schema.org","@graph":[{"@type":"WebPage","@id":"https:\/\/www.fund-academy.ch\/fr\/startseite\/legal\/agbs\/","url":"https:\/\/www.fund-academy.ch\/fr\/startseite\/legal\/agbs\/","name":"AGBs - Fund Academy","isPartOf":{"@id":"https:\/\/www.fund-academy.ch\/#website"},"datePublished":"2020-11-28T09:59:36+00:00","dateModified":"2023-10-04T14:35:33+00:00","breadcrumb":{"@id":"https:\/\/www.fund-academy.ch\/fr\/startseite\/legal\/agbs\/#breadcrumb"},"inLanguage":"fr-FR","potentialAction":[{"@type":"ReadAction","target":["https:\/\/www.fund-academy.ch\/fr\/startseite\/legal\/agbs\/"]}]},{"@type":"BreadcrumbList","@id":"https:\/\/www.fund-academy.ch\/fr\/startseite\/legal\/agbs\/#breadcrumb","itemListElement":[{"@type":"ListItem","position":1,"name":"Home","item":"https:\/\/www.fund-academy.ch\/fr\/"},{"@type":"ListItem","position":2,"name":"Accueil","item":"https:\/\/www.fund-academy.ch\/fr\/"},{"@type":"ListItem","position":3,"name":"Legal","item":"https:\/\/www.fund-academy.ch\/fr\/startseite\/legal\/"},{"@type":"ListItem","position":4,"name":"AGBs"}]},{"@type":"WebSite","@id":"https:\/\/www.fund-academy.ch\/#website","url":"https:\/\/www.fund-academy.ch\/","name":"Fund Academy","description":"","potentialAction":[{"@type":"SearchAction","target":{"@type":"EntryPoint","urlTemplate":"https:\/\/www.fund-academy.ch\/?s={search_term_string}"},"query-input":"required name=search_term_string"}],"inLanguage":"fr-FR"}]}},"_links":{"self":[{"href":"https:\/\/www.fund-academy.ch\/fr\/wp-json\/wp\/v2\/pages\/64"}],"collection":[{"href":"https:\/\/www.fund-academy.ch\/fr\/wp-json\/wp\/v2\/pages"}],"about":[{"href":"https:\/\/www.fund-academy.ch\/fr\/wp-json\/wp\/v2\/types\/page"}],"author":[{"embeddable":true,"href":"https:\/\/www.fund-academy.ch\/fr\/wp-json\/wp\/v2\/users\/1"}],"replies":[{"embeddable":true,"href":"https:\/\/www.fund-academy.ch\/fr\/wp-json\/wp\/v2\/comments?post=64"}],"version-history":[{"count":2,"href":"https:\/\/www.fund-academy.ch\/fr\/wp-json\/wp\/v2\/pages\/64\/revisions"}],"predecessor-version":[{"id":3053,"href":"https:\/\/www.fund-academy.ch\/fr\/wp-json\/wp\/v2\/pages\/64\/revisions\/3053"}],"up":[{"embeddable":true,"href":"https:\/\/www.fund-academy.ch\/fr\/wp-json\/wp\/v2\/pages\/62"}],"wp:attachment":[{"href":"https:\/\/www.fund-academy.ch\/fr\/wp-json\/wp\/v2\/media?parent=64"}],"curies":[{"name":"wp","href":"https:\/\/api.w.org\/{rel}","templated":true}]}}