{"id":68,"date":"2020-11-28T10:59:05","date_gmt":"2020-11-28T09:59:05","guid":{"rendered":"https:\/\/www.fund-academy.ch\/legal\/impressum\/"},"modified":"2022-12-09T14:29:08","modified_gmt":"2022-12-09T13:29:08","slug":"impressum","status":"publish","type":"page","link":"https:\/\/www.fund-academy.ch\/fr\/startseite\/legal\/impressum\/","title":{"rendered":"Impressum"},"content":{"rendered":"<h2>Adresse de contact<\/h2>\n<p>Fund Academy SA<\/p>\n<p>Rue Alfred Escher 26<\/p>\n<p>8002<\/p>\n<p>Zurich<\/p>\n<h2>Repr\u00e9sentants de la Soci\u00e9t\u00e9<\/h2>\n<p>Andreas W\u00e4schle<\/p>\n<p>Inscription au registre du commerce<\/p>\n<p>Nom de l&rsquo;entreprise enregistr\u00e9e : fund-academy AG<\/p>\n<p>Num\u00e9ro : CHE-109.032.892<\/p>\n<p>Registre du commerce de Zurich<\/p>\n<p>Num\u00e9ro TVA : CHE-109.032.892<\/p>\n<h2>Clause d\u2019exon\u00e9ration<\/h2>\n<p>L&rsquo;auteur n&rsquo;assume aucune garantie quant \u00e0 l&rsquo;exactitude, la pr\u00e9cision, l&rsquo;actualit\u00e9, la fiabilit\u00e9 et l&rsquo;exhaustivit\u00e9 du contenu des informations fournies. L&rsquo;auteur ne saurait \u00eatre tenu pour responsable des dommages mat\u00e9riels ou immat\u00e9riels qui pourraient \u00eatre caus\u00e9s par l&rsquo;acc\u00e8s aux informations diffus\u00e9es ou par leur utilisation ou non-utilisation, par le mauvais usage de la connexion ou par des probl\u00e8mes techniques. Toutes les offres sont sans engagement. L&rsquo;auteur se r\u00e9serve express\u00e9ment le droit de modifier, de compl\u00e9ter ou de supprimer des parties de pages ou l&rsquo;ensemble de l&rsquo;offre sans avis pr\u00e9alable, ou d&rsquo;en suspendre temporairement ou d\u00e9finitivement la publication.<\/p>\n<h2>Responsabilit\u00e9 pour les liens<\/h2>\n<p>Les renvois et liens vers des sites internet de tiers ne rel\u00e8vent pas de notre responsabilit\u00e9. Nous d\u00e9clinons toute responsabilit\u00e9 pour de tels sites internet. L&rsquo;acc\u00e8s \u00e0 ces sites et leur utilisation se font aux risques et p\u00e9rils de l&rsquo;utilisateur ou de l&rsquo;utilisatrice.<\/p>\n<h2>Droits d&rsquo;auteur<\/h2>\n<p>Les droits d&rsquo;auteur et tous les autres droits relatifs aux contenus, images, photos ou autres fichiers figurant sur ce site internet appartiennent exclusivement \u00e0 la soci\u00e9t\u00e9 Fund Academy SA ou aux titulaires de droits cit\u00e9s. Pour la reproduction de tout \u00e9l\u00e9ment, l&rsquo;accord \u00e9crit pr\u00e9alable des d\u00e9tenteurs des droits d&rsquo;auteur est requis.<\/p>\n<p>D\u00e9claration de confidentialit\u00e9 pour l&rsquo;utilisation de Google Analytics<\/p>\n<p>Ce site internet utilise Google Analytics, un service d&rsquo;analyse internet de Google Inc (\u00ab\u00a0Google\u00a0\u00bb). Google Analytics utilise des \u00ab\u00a0cookies\u00a0\u00bb, des fichiers texte qui sont enregistr\u00e9s sur votre ordinateur et qui permettent d&rsquo;analyser votre utilisation du site internet. Les informations g\u00e9n\u00e9r\u00e9es par les cookies concernant votre utilisation de ce site internet sont g\u00e9n\u00e9ralement transmises \u00e0 un serveur de Google aux \u00c9tats-Unis et y sont enregistr\u00e9es. En cas d&rsquo;activation de l&rsquo;anonymisation IP sur ce site internet, votre adresse IP sera toutefois abr\u00e9g\u00e9e au pr\u00e9alable par Google dans les \u00c9tats membres de l&rsquo;Union europ\u00e9enne ou de l\u2019EEE.<\/p>\n<p>Ce n&rsquo;est que dans des cas exceptionnels que l&rsquo;adresse IP compl\u00e8te est transmise \u00e0 un serveur de Google aux \u00c9tats-Unis et y est abr\u00e9g\u00e9e. Google utilisera cette information dans le but d&rsquo;\u00e9valuer votre utilisation du site, de compiler des rapports sur l&rsquo;activit\u00e9 du site \u00e0 destination de son \u00e9diteur et de fournir d&rsquo;autres services relatifs \u00e0 l&rsquo;activit\u00e9 du site et \u00e0 l&rsquo;utilisation d&rsquo;Internet. Le cas \u00e9ch\u00e9ant, Google transmettra \u00e9galement ces informations \u00e0 des tiers, dans la mesure o\u00f9 cela est prescrit par la loi ou si des tiers traitent ces donn\u00e9es pour le compte de Google. L&rsquo;adresse IP transmise par votre navigateur dans le cadre de Google Analytics n&rsquo;est pas recoup\u00e9e avec d&rsquo;autres donn\u00e9es de Google.<\/p>\n<p>Vous pouvez emp\u00eacher l&rsquo;installation des cookies en param\u00e9trant votre navigateur en cons\u00e9quence ; nous attirons toutefois votre attention sur le fait que, dans ce cas, vous ne pourrez peut-\u00eatre pas utiliser toutes les fonctionalit\u00e9s de ce site internet. En utilisant ce site internet, vous acceptez que les donn\u00e9es collect\u00e9es \u00e0 votre sujet par Google soient trait\u00e9es de la mani\u00e8re et aux fins d\u00e9crites ci-dessus.<\/p>\n","protected":false},"excerpt":{"rendered":"<p>Adresse de contact Fund Academy SA Rue Alfred Escher 26 8002 Zurich Repr\u00e9sentants de la Soci\u00e9t\u00e9 Andreas W\u00e4schle Inscription au registre du commerce Nom de l&rsquo;entreprise enregistr\u00e9e : fund-academy AG Num\u00e9ro : CHE-109.032.892 Registre du commerce de Zurich Num\u00e9ro TVA : CHE-109.032.892 Clause d\u2019exon\u00e9ration L&rsquo;auteur n&rsquo;assume aucune garantie quant \u00e0 l&rsquo;exactitude, la pr\u00e9cision, l&rsquo;actualit\u00e9, la <a href=\"https:\/\/www.fund-academy.ch\/fr\/startseite\/legal\/impressum\/\" class=\"more-link\">&#8230;<\/a><\/p>\n","protected":false},"author":1,"featured_media":0,"parent":62,"menu_order":2,"comment_status":"closed","ping_status":"closed","template":"page-text.php","meta":[],"acf":[],"yoast_head":"<!-- This site is optimized with the Yoast SEO plugin v20.8 - https:\/\/yoast.com\/wordpress\/plugins\/seo\/ -->\n<title>Impressum - Fund Academy<\/title>\n<meta name=\"robots\" content=\"index, follow, max-snippet:-1, max-image-preview:large, max-video-preview:-1\" \/>\n<link rel=\"canonical\" href=\"https:\/\/www.fund-academy.ch\/fr\/startseite\/legal\/impressum\/\" \/>\n<meta property=\"og:locale\" content=\"fr_FR\" \/>\n<meta property=\"og:type\" content=\"article\" \/>\n<meta property=\"og:title\" content=\"Impressum - Fund Academy\" \/>\n<meta property=\"og:description\" content=\"Adresse de contact Fund Academy SA Rue Alfred Escher 26 8002 Zurich Repr\u00e9sentants de la Soci\u00e9t\u00e9 Andreas W\u00e4schle Inscription au registre du commerce Nom de l&rsquo;entreprise enregistr\u00e9e : fund-academy AG Num\u00e9ro : CHE-109.032.892 Registre du commerce de Zurich Num\u00e9ro TVA : CHE-109.032.892 Clause d\u2019exon\u00e9ration L&rsquo;auteur n&rsquo;assume aucune garantie quant \u00e0 l&rsquo;exactitude, la pr\u00e9cision, l&rsquo;actualit\u00e9, la ...\" \/>\n<meta property=\"og:url\" content=\"https:\/\/www.fund-academy.ch\/fr\/startseite\/legal\/impressum\/\" \/>\n<meta property=\"og:site_name\" content=\"Fund Academy\" \/>\n<meta property=\"article:modified_time\" content=\"2022-12-09T13:29:08+00:00\" \/>\n<meta name=\"twitter:card\" content=\"summary_large_image\" \/>\n<meta name=\"twitter:label1\" content=\"Dur\u00e9e de lecture estim\u00e9e\" \/>\n\t<meta name=\"twitter:data1\" content=\"3 minutes\" \/>\n<script type=\"application\/ld+json\" class=\"yoast-schema-graph\">{\"@context\":\"https:\/\/schema.org\",\"@graph\":[{\"@type\":\"WebPage\",\"@id\":\"https:\/\/www.fund-academy.ch\/fr\/startseite\/legal\/impressum\/\",\"url\":\"https:\/\/www.fund-academy.ch\/fr\/startseite\/legal\/impressum\/\",\"name\":\"Impressum - Fund Academy\",\"isPartOf\":{\"@id\":\"https:\/\/www.fund-academy.ch\/#website\"},\"datePublished\":\"2020-11-28T09:59:05+00:00\",\"dateModified\":\"2022-12-09T13:29:08+00:00\",\"breadcrumb\":{\"@id\":\"https:\/\/www.fund-academy.ch\/fr\/startseite\/legal\/impressum\/#breadcrumb\"},\"inLanguage\":\"fr-FR\",\"potentialAction\":[{\"@type\":\"ReadAction\",\"target\":[\"https:\/\/www.fund-academy.ch\/fr\/startseite\/legal\/impressum\/\"]}]},{\"@type\":\"BreadcrumbList\",\"@id\":\"https:\/\/www.fund-academy.ch\/fr\/startseite\/legal\/impressum\/#breadcrumb\",\"itemListElement\":[{\"@type\":\"ListItem\",\"position\":1,\"name\":\"Home\",\"item\":\"https:\/\/www.fund-academy.ch\/fr\/\"},{\"@type\":\"ListItem\",\"position\":2,\"name\":\"Accueil\",\"item\":\"https:\/\/www.fund-academy.ch\/fr\/\"},{\"@type\":\"ListItem\",\"position\":3,\"name\":\"Legal\",\"item\":\"https:\/\/www.fund-academy.ch\/fr\/startseite\/legal\/\"},{\"@type\":\"ListItem\",\"position\":4,\"name\":\"Impressum\"}]},{\"@type\":\"WebSite\",\"@id\":\"https:\/\/www.fund-academy.ch\/#website\",\"url\":\"https:\/\/www.fund-academy.ch\/\",\"name\":\"Fund Academy\",\"description\":\"\",\"potentialAction\":[{\"@type\":\"SearchAction\",\"target\":{\"@type\":\"EntryPoint\",\"urlTemplate\":\"https:\/\/www.fund-academy.ch\/?s={search_term_string}\"},\"query-input\":\"required name=search_term_string\"}],\"inLanguage\":\"fr-FR\"}]}<\/script>\n<!-- \/ Yoast SEO plugin. -->","yoast_head_json":{"title":"Impressum - Fund Academy","robots":{"index":"index","follow":"follow","max-snippet":"max-snippet:-1","max-image-preview":"max-image-preview:large","max-video-preview":"max-video-preview:-1"},"canonical":"https:\/\/www.fund-academy.ch\/fr\/startseite\/legal\/impressum\/","og_locale":"fr_FR","og_type":"article","og_title":"Impressum - Fund Academy","og_description":"Adresse de contact Fund Academy SA Rue Alfred Escher 26 8002 Zurich Repr\u00e9sentants de la Soci\u00e9t\u00e9 Andreas W\u00e4schle Inscription au registre du commerce Nom de l&rsquo;entreprise enregistr\u00e9e : fund-academy AG Num\u00e9ro : CHE-109.032.892 Registre du commerce de Zurich Num\u00e9ro TVA : CHE-109.032.892 Clause d\u2019exon\u00e9ration L&rsquo;auteur n&rsquo;assume aucune garantie quant \u00e0 l&rsquo;exactitude, la pr\u00e9cision, l&rsquo;actualit\u00e9, la ...","og_url":"https:\/\/www.fund-academy.ch\/fr\/startseite\/legal\/impressum\/","og_site_name":"Fund Academy","article_modified_time":"2022-12-09T13:29:08+00:00","twitter_card":"summary_large_image","twitter_misc":{"Dur\u00e9e de lecture estim\u00e9e":"3 minutes"},"schema":{"@context":"https:\/\/schema.org","@graph":[{"@type":"WebPage","@id":"https:\/\/www.fund-academy.ch\/fr\/startseite\/legal\/impressum\/","url":"https:\/\/www.fund-academy.ch\/fr\/startseite\/legal\/impressum\/","name":"Impressum - Fund Academy","isPartOf":{"@id":"https:\/\/www.fund-academy.ch\/#website"},"datePublished":"2020-11-28T09:59:05+00:00","dateModified":"2022-12-09T13:29:08+00:00","breadcrumb":{"@id":"https:\/\/www.fund-academy.ch\/fr\/startseite\/legal\/impressum\/#breadcrumb"},"inLanguage":"fr-FR","potentialAction":[{"@type":"ReadAction","target":["https:\/\/www.fund-academy.ch\/fr\/startseite\/legal\/impressum\/"]}]},{"@type":"BreadcrumbList","@id":"https:\/\/www.fund-academy.ch\/fr\/startseite\/legal\/impressum\/#breadcrumb","itemListElement":[{"@type":"ListItem","position":1,"name":"Home","item":"https:\/\/www.fund-academy.ch\/fr\/"},{"@type":"ListItem","position":2,"name":"Accueil","item":"https:\/\/www.fund-academy.ch\/fr\/"},{"@type":"ListItem","position":3,"name":"Legal","item":"https:\/\/www.fund-academy.ch\/fr\/startseite\/legal\/"},{"@type":"ListItem","position":4,"name":"Impressum"}]},{"@type":"WebSite","@id":"https:\/\/www.fund-academy.ch\/#website","url":"https:\/\/www.fund-academy.ch\/","name":"Fund Academy","description":"","potentialAction":[{"@type":"SearchAction","target":{"@type":"EntryPoint","urlTemplate":"https:\/\/www.fund-academy.ch\/?s={search_term_string}"},"query-input":"required name=search_term_string"}],"inLanguage":"fr-FR"}]}},"_links":{"self":[{"href":"https:\/\/www.fund-academy.ch\/fr\/wp-json\/wp\/v2\/pages\/68"}],"collection":[{"href":"https:\/\/www.fund-academy.ch\/fr\/wp-json\/wp\/v2\/pages"}],"about":[{"href":"https:\/\/www.fund-academy.ch\/fr\/wp-json\/wp\/v2\/types\/page"}],"author":[{"embeddable":true,"href":"https:\/\/www.fund-academy.ch\/fr\/wp-json\/wp\/v2\/users\/1"}],"replies":[{"embeddable":true,"href":"https:\/\/www.fund-academy.ch\/fr\/wp-json\/wp\/v2\/comments?post=68"}],"version-history":[{"count":4,"href":"https:\/\/www.fund-academy.ch\/fr\/wp-json\/wp\/v2\/pages\/68\/revisions"}],"predecessor-version":[{"id":2853,"href":"https:\/\/www.fund-academy.ch\/fr\/wp-json\/wp\/v2\/pages\/68\/revisions\/2853"}],"up":[{"embeddable":true,"href":"https:\/\/www.fund-academy.ch\/fr\/wp-json\/wp\/v2\/pages\/62"}],"wp:attachment":[{"href":"https:\/\/www.fund-academy.ch\/fr\/wp-json\/wp\/v2\/media?parent=68"}],"curies":[{"name":"wp","href":"https:\/\/api.w.org\/{rel}","templated":true}]}}