{"id":70,"date":"2020-11-28T10:58:50","date_gmt":"2020-11-28T09:58:50","guid":{"rendered":"https:\/\/www.fund-academy.ch\/dozenten\/"},"modified":"2022-08-28T12:17:00","modified_gmt":"2022-08-28T10:17:00","slug":"dozierende","status":"publish","type":"page","link":"https:\/\/www.fund-academy.ch\/fr\/links\/dozierende\/","title":{"rendered":"Nos intervenants"},"content":{"rendered":"<p>Chez Fund Academy, nous pouvons compter sur le soutien d\u2019un r\u00e9seau d\u2019intervenants exceptionnels. Des praticiens exp\u00e9riment\u00e9s mettent leurs connaissances, forg\u00e9es au quotidien \u00e0 la port\u00e9e de nos participants et partagent leur exp\u00e9rience avec professionnalisme et g\u00e9n\u00e9rosit\u00e9.<\/p>\n<p>Par des professionnels pour les professionnels!<\/p>\n","protected":false},"excerpt":{"rendered":"<p>Chez Fund Academy, nous pouvons compter sur le soutien d\u2019un r\u00e9seau d\u2019intervenants exceptionnels. Des praticiens exp\u00e9riment\u00e9s mettent leurs connaissances, forg\u00e9es au quotidien \u00e0 la port\u00e9e de nos participants et partagent leur exp\u00e9rience avec professionnalisme et g\u00e9n\u00e9rosit\u00e9. Par des professionnels pour les professionnels!<\/p>\n","protected":false},"author":1,"featured_media":2912,"parent":1032,"menu_order":2,"comment_status":"closed","ping_status":"closed","template":"page-dozenten.php","meta":[],"acf":[],"yoast_head":"<!-- This site is optimized with the Yoast SEO plugin v20.8 - https:\/\/yoast.com\/wordpress\/plugins\/seo\/ -->\n<title>Nos intervenants - Fund Academy<\/title>\n<meta name=\"robots\" content=\"index, follow, max-snippet:-1, max-image-preview:large, max-video-preview:-1\" \/>\n<link rel=\"canonical\" href=\"https:\/\/www.fund-academy.ch\/fr\/links\/dozierende\/\" \/>\n<meta property=\"og:locale\" content=\"fr_FR\" \/>\n<meta property=\"og:type\" content=\"article\" \/>\n<meta property=\"og:title\" content=\"Nos intervenants - Fund Academy\" \/>\n<meta property=\"og:description\" content=\"Chez Fund Academy, nous pouvons compter sur le soutien d\u2019un r\u00e9seau d\u2019intervenants exceptionnels. Des praticiens exp\u00e9riment\u00e9s mettent leurs connaissances, forg\u00e9es au quotidien \u00e0 la port\u00e9e de nos participants et partagent leur exp\u00e9rience avec professionnalisme et g\u00e9n\u00e9rosit\u00e9. Par des professionnels pour les professionnels!\" \/>\n<meta property=\"og:url\" content=\"https:\/\/www.fund-academy.ch\/fr\/links\/dozierende\/\" \/>\n<meta property=\"og:site_name\" content=\"Fund Academy\" \/>\n<meta property=\"article:modified_time\" content=\"2022-08-28T10:17:00+00:00\" \/>\n<meta property=\"og:image\" content=\"https:\/\/www.fund-academy.ch\/wp-content\/uploads\/2022\/12\/AdobeStock_509762950-scaled-e1671029099306.jpeg\" \/>\n\t<meta property=\"og:image:width\" content=\"2560\" \/>\n\t<meta property=\"og:image:height\" content=\"1074\" \/>\n\t<meta property=\"og:image:type\" content=\"image\/jpeg\" \/>\n<meta name=\"twitter:card\" content=\"summary_large_image\" \/>\n<script type=\"application\/ld+json\" class=\"yoast-schema-graph\">{\"@context\":\"https:\/\/schema.org\",\"@graph\":[{\"@type\":\"WebPage\",\"@id\":\"https:\/\/www.fund-academy.ch\/fr\/links\/dozierende\/\",\"url\":\"https:\/\/www.fund-academy.ch\/fr\/links\/dozierende\/\",\"name\":\"Nos intervenants - Fund Academy\",\"isPartOf\":{\"@id\":\"https:\/\/www.fund-academy.ch\/#website\"},\"datePublished\":\"2020-11-28T09:58:50+00:00\",\"dateModified\":\"2022-08-28T10:17:00+00:00\",\"breadcrumb\":{\"@id\":\"https:\/\/www.fund-academy.ch\/fr\/links\/dozierende\/#breadcrumb\"},\"inLanguage\":\"fr-FR\",\"potentialAction\":[{\"@type\":\"ReadAction\",\"target\":[\"https:\/\/www.fund-academy.ch\/fr\/links\/dozierende\/\"]}]},{\"@type\":\"BreadcrumbList\",\"@id\":\"https:\/\/www.fund-academy.ch\/fr\/links\/dozierende\/#breadcrumb\",\"itemListElement\":[{\"@type\":\"ListItem\",\"position\":1,\"name\":\"Home\",\"item\":\"https:\/\/www.fund-academy.ch\/fr\/\"},{\"@type\":\"ListItem\",\"position\":2,\"name\":\"Links\",\"item\":\"https:\/\/www.fund-academy.ch\/fr\/startseite\/links\/\"},{\"@type\":\"ListItem\",\"position\":3,\"name\":\"Nos intervenants\"}]},{\"@type\":\"WebSite\",\"@id\":\"https:\/\/www.fund-academy.ch\/#website\",\"url\":\"https:\/\/www.fund-academy.ch\/\",\"name\":\"Fund Academy\",\"description\":\"\",\"potentialAction\":[{\"@type\":\"SearchAction\",\"target\":{\"@type\":\"EntryPoint\",\"urlTemplate\":\"https:\/\/www.fund-academy.ch\/?s={search_term_string}\"},\"query-input\":\"required name=search_term_string\"}],\"inLanguage\":\"fr-FR\"}]}<\/script>\n<!-- \/ Yoast SEO plugin. -->","yoast_head_json":{"title":"Nos intervenants - Fund Academy","robots":{"index":"index","follow":"follow","max-snippet":"max-snippet:-1","max-image-preview":"max-image-preview:large","max-video-preview":"max-video-preview:-1"},"canonical":"https:\/\/www.fund-academy.ch\/fr\/links\/dozierende\/","og_locale":"fr_FR","og_type":"article","og_title":"Nos intervenants - Fund Academy","og_description":"Chez Fund Academy, nous pouvons compter sur le soutien d\u2019un r\u00e9seau d\u2019intervenants exceptionnels. Des praticiens exp\u00e9riment\u00e9s mettent leurs connaissances, forg\u00e9es au quotidien \u00e0 la port\u00e9e de nos participants et partagent leur exp\u00e9rience avec professionnalisme et g\u00e9n\u00e9rosit\u00e9. Par des professionnels pour les professionnels!","og_url":"https:\/\/www.fund-academy.ch\/fr\/links\/dozierende\/","og_site_name":"Fund Academy","article_modified_time":"2022-08-28T10:17:00+00:00","og_image":[{"width":2560,"height":1074,"url":"https:\/\/www.fund-academy.ch\/wp-content\/uploads\/2022\/12\/AdobeStock_509762950-scaled-e1671029099306.jpeg","type":"image\/jpeg"}],"twitter_card":"summary_large_image","schema":{"@context":"https:\/\/schema.org","@graph":[{"@type":"WebPage","@id":"https:\/\/www.fund-academy.ch\/fr\/links\/dozierende\/","url":"https:\/\/www.fund-academy.ch\/fr\/links\/dozierende\/","name":"Nos intervenants - Fund Academy","isPartOf":{"@id":"https:\/\/www.fund-academy.ch\/#website"},"datePublished":"2020-11-28T09:58:50+00:00","dateModified":"2022-08-28T10:17:00+00:00","breadcrumb":{"@id":"https:\/\/www.fund-academy.ch\/fr\/links\/dozierende\/#breadcrumb"},"inLanguage":"fr-FR","potentialAction":[{"@type":"ReadAction","target":["https:\/\/www.fund-academy.ch\/fr\/links\/dozierende\/"]}]},{"@type":"BreadcrumbList","@id":"https:\/\/www.fund-academy.ch\/fr\/links\/dozierende\/#breadcrumb","itemListElement":[{"@type":"ListItem","position":1,"name":"Home","item":"https:\/\/www.fund-academy.ch\/fr\/"},{"@type":"ListItem","position":2,"name":"Links","item":"https:\/\/www.fund-academy.ch\/fr\/startseite\/links\/"},{"@type":"ListItem","position":3,"name":"Nos intervenants"}]},{"@type":"WebSite","@id":"https:\/\/www.fund-academy.ch\/#website","url":"https:\/\/www.fund-academy.ch\/","name":"Fund Academy","description":"","potentialAction":[{"@type":"SearchAction","target":{"@type":"EntryPoint","urlTemplate":"https:\/\/www.fund-academy.ch\/?s={search_term_string}"},"query-input":"required name=search_term_string"}],"inLanguage":"fr-FR"}]}},"_links":{"self":[{"href":"https:\/\/www.fund-academy.ch\/fr\/wp-json\/wp\/v2\/pages\/70"}],"collection":[{"href":"https:\/\/www.fund-academy.ch\/fr\/wp-json\/wp\/v2\/pages"}],"about":[{"href":"https:\/\/www.fund-academy.ch\/fr\/wp-json\/wp\/v2\/types\/page"}],"author":[{"embeddable":true,"href":"https:\/\/www.fund-academy.ch\/fr\/wp-json\/wp\/v2\/users\/1"}],"replies":[{"embeddable":true,"href":"https:\/\/www.fund-academy.ch\/fr\/wp-json\/wp\/v2\/comments?post=70"}],"version-history":[{"count":4,"href":"https:\/\/www.fund-academy.ch\/fr\/wp-json\/wp\/v2\/pages\/70\/revisions"}],"predecessor-version":[{"id":2768,"href":"https:\/\/www.fund-academy.ch\/fr\/wp-json\/wp\/v2\/pages\/70\/revisions\/2768"}],"up":[{"embeddable":true,"href":"https:\/\/www.fund-academy.ch\/fr\/wp-json\/wp\/v2\/pages\/1032"}],"wp:featuredmedia":[{"embeddable":true,"href":"https:\/\/www.fund-academy.ch\/fr\/wp-json\/wp\/v2\/media\/2912"}],"wp:attachment":[{"href":"https:\/\/www.fund-academy.ch\/fr\/wp-json\/wp\/v2\/media?parent=70"}],"curies":[{"name":"wp","href":"https:\/\/api.w.org\/{rel}","templated":true}]}}