{"id":76,"date":"2020-11-28T10:47:58","date_gmt":"2020-11-28T09:47:58","guid":{"rendered":"https:\/\/www.fund-academy.ch\/fund-training\/"},"modified":"2023-06-19T18:15:54","modified_gmt":"2023-06-19T16:15:54","slug":"fund-training","status":"publish","type":"page","link":"https:\/\/www.fund-academy.ch\/fr\/fund-training\/","title":{"rendered":"Fund Training"},"content":{"rendered":"<p>Notre programme de formation a une offre adapt\u00e9e pour chaque niveau d&rsquo;exp\u00e9rience.<br \/>\nPour les collaborateurs confirm\u00e9s du secteur des fonds de placement et pour le d\u00e9veloppement des futurs cadres, la formation Fund Officer est la formation parfaite, couvrant aussi bien le cadre r\u00e9glementaire suisse et UE que la gestion de la conformit\u00e9 et des risques, la gouvernance dans les \u00e9tablissements de fonds, la gestion op\u00e9rationnelle et la fiscalit\u00e9 des fonds.<\/p>\n<p>FUND Basics et Know the FUNDamentals permettent aux collaborateurs en d\u00e9but de carri\u00e8re d&rsquo;acqu\u00e9rir des bases, juridiques et op\u00e9rationnelles, de consolider une premi\u00e8re exp\u00e9rience dans le domaine des fonds ou de se pr\u00e9parer de mani\u00e8re optimale \u00e0 la formation Fund Officer<\/p>\n","protected":false},"excerpt":{"rendered":"<p>Notre programme de formation a une offre adapt\u00e9e pour chaque niveau d&rsquo;exp\u00e9rience. Pour les collaborateurs confirm\u00e9s du secteur des fonds de placement et pour le d\u00e9veloppement des futurs cadres, la formation Fund Officer est la formation parfaite, couvrant aussi bien le cadre r\u00e9glementaire suisse et UE que la gestion de la conformit\u00e9 et des risques, <a href=\"https:\/\/www.fund-academy.ch\/fr\/fund-training\/\" class=\"more-link\">&#8230;<\/a><\/p>\n","protected":false},"author":1,"featured_media":2918,"parent":0,"menu_order":2,"comment_status":"closed","ping_status":"closed","template":"page-linked_pages.php","meta":[],"acf":[],"yoast_head":"<!-- This site is optimized with the Yoast SEO plugin v20.8 - https:\/\/yoast.com\/wordpress\/plugins\/seo\/ -->\n<title>Fund Training - Fund Academy<\/title>\n<meta name=\"robots\" content=\"index, follow, max-snippet:-1, max-image-preview:large, max-video-preview:-1\" \/>\n<link rel=\"canonical\" href=\"https:\/\/www.fund-academy.ch\/fr\/fund-training\/\" \/>\n<meta property=\"og:locale\" content=\"fr_FR\" \/>\n<meta property=\"og:type\" content=\"article\" \/>\n<meta property=\"og:title\" content=\"Fund Training - Fund Academy\" \/>\n<meta property=\"og:description\" content=\"Notre programme de formation a une offre adapt\u00e9e pour chaque niveau d&rsquo;exp\u00e9rience. Pour les collaborateurs confirm\u00e9s du secteur des fonds de placement et pour le d\u00e9veloppement des futurs cadres, la formation Fund Officer est la formation parfaite, couvrant aussi bien le cadre r\u00e9glementaire suisse et UE que la gestion de la conformit\u00e9 et des risques, ...\" \/>\n<meta property=\"og:url\" content=\"https:\/\/www.fund-academy.ch\/fr\/fund-training\/\" \/>\n<meta property=\"og:site_name\" content=\"Fund Academy\" \/>\n<meta property=\"article:modified_time\" content=\"2023-06-19T16:15:54+00:00\" \/>\n<meta property=\"og:image\" content=\"https:\/\/www.fund-academy.ch\/wp-content\/uploads\/2022\/12\/AdobeStock_274192191-scaled-e1671031237777.jpeg\" \/>\n\t<meta property=\"og:image:width\" content=\"2560\" \/>\n\t<meta property=\"og:image:height\" content=\"1707\" \/>\n\t<meta property=\"og:image:type\" content=\"image\/jpeg\" \/>\n<meta name=\"twitter:card\" content=\"summary_large_image\" \/>\n<meta name=\"twitter:label1\" content=\"Dur\u00e9e de lecture estim\u00e9e\" \/>\n\t<meta name=\"twitter:data1\" content=\"1 minute\" \/>\n<script type=\"application\/ld+json\" class=\"yoast-schema-graph\">{\"@context\":\"https:\/\/schema.org\",\"@graph\":[{\"@type\":\"WebPage\",\"@id\":\"https:\/\/www.fund-academy.ch\/fr\/fund-training\/\",\"url\":\"https:\/\/www.fund-academy.ch\/fr\/fund-training\/\",\"name\":\"Fund Training - Fund Academy\",\"isPartOf\":{\"@id\":\"https:\/\/www.fund-academy.ch\/#website\"},\"datePublished\":\"2020-11-28T09:47:58+00:00\",\"dateModified\":\"2023-06-19T16:15:54+00:00\",\"breadcrumb\":{\"@id\":\"https:\/\/www.fund-academy.ch\/fr\/fund-training\/#breadcrumb\"},\"inLanguage\":\"fr-FR\",\"potentialAction\":[{\"@type\":\"ReadAction\",\"target\":[\"https:\/\/www.fund-academy.ch\/fr\/fund-training\/\"]}]},{\"@type\":\"BreadcrumbList\",\"@id\":\"https:\/\/www.fund-academy.ch\/fr\/fund-training\/#breadcrumb\",\"itemListElement\":[{\"@type\":\"ListItem\",\"position\":1,\"name\":\"Home\",\"item\":\"https:\/\/www.fund-academy.ch\/fr\/\"},{\"@type\":\"ListItem\",\"position\":2,\"name\":\"Fund Training\"}]},{\"@type\":\"WebSite\",\"@id\":\"https:\/\/www.fund-academy.ch\/#website\",\"url\":\"https:\/\/www.fund-academy.ch\/\",\"name\":\"Fund Academy\",\"description\":\"\",\"potentialAction\":[{\"@type\":\"SearchAction\",\"target\":{\"@type\":\"EntryPoint\",\"urlTemplate\":\"https:\/\/www.fund-academy.ch\/?s={search_term_string}\"},\"query-input\":\"required name=search_term_string\"}],\"inLanguage\":\"fr-FR\"}]}<\/script>\n<!-- \/ Yoast SEO plugin. -->","yoast_head_json":{"title":"Fund Training - Fund Academy","robots":{"index":"index","follow":"follow","max-snippet":"max-snippet:-1","max-image-preview":"max-image-preview:large","max-video-preview":"max-video-preview:-1"},"canonical":"https:\/\/www.fund-academy.ch\/fr\/fund-training\/","og_locale":"fr_FR","og_type":"article","og_title":"Fund Training - Fund Academy","og_description":"Notre programme de formation a une offre adapt\u00e9e pour chaque niveau d&rsquo;exp\u00e9rience. Pour les collaborateurs confirm\u00e9s du secteur des fonds de placement et pour le d\u00e9veloppement des futurs cadres, la formation Fund Officer est la formation parfaite, couvrant aussi bien le cadre r\u00e9glementaire suisse et UE que la gestion de la conformit\u00e9 et des risques, ...","og_url":"https:\/\/www.fund-academy.ch\/fr\/fund-training\/","og_site_name":"Fund Academy","article_modified_time":"2023-06-19T16:15:54+00:00","og_image":[{"width":2560,"height":1707,"url":"https:\/\/www.fund-academy.ch\/wp-content\/uploads\/2022\/12\/AdobeStock_274192191-scaled-e1671031237777.jpeg","type":"image\/jpeg"}],"twitter_card":"summary_large_image","twitter_misc":{"Dur\u00e9e de lecture estim\u00e9e":"1 minute"},"schema":{"@context":"https:\/\/schema.org","@graph":[{"@type":"WebPage","@id":"https:\/\/www.fund-academy.ch\/fr\/fund-training\/","url":"https:\/\/www.fund-academy.ch\/fr\/fund-training\/","name":"Fund Training - Fund Academy","isPartOf":{"@id":"https:\/\/www.fund-academy.ch\/#website"},"datePublished":"2020-11-28T09:47:58+00:00","dateModified":"2023-06-19T16:15:54+00:00","breadcrumb":{"@id":"https:\/\/www.fund-academy.ch\/fr\/fund-training\/#breadcrumb"},"inLanguage":"fr-FR","potentialAction":[{"@type":"ReadAction","target":["https:\/\/www.fund-academy.ch\/fr\/fund-training\/"]}]},{"@type":"BreadcrumbList","@id":"https:\/\/www.fund-academy.ch\/fr\/fund-training\/#breadcrumb","itemListElement":[{"@type":"ListItem","position":1,"name":"Home","item":"https:\/\/www.fund-academy.ch\/fr\/"},{"@type":"ListItem","position":2,"name":"Fund Training"}]},{"@type":"WebSite","@id":"https:\/\/www.fund-academy.ch\/#website","url":"https:\/\/www.fund-academy.ch\/","name":"Fund Academy","description":"","potentialAction":[{"@type":"SearchAction","target":{"@type":"EntryPoint","urlTemplate":"https:\/\/www.fund-academy.ch\/?s={search_term_string}"},"query-input":"required name=search_term_string"}],"inLanguage":"fr-FR"}]}},"_links":{"self":[{"href":"https:\/\/www.fund-academy.ch\/fr\/wp-json\/wp\/v2\/pages\/76"}],"collection":[{"href":"https:\/\/www.fund-academy.ch\/fr\/wp-json\/wp\/v2\/pages"}],"about":[{"href":"https:\/\/www.fund-academy.ch\/fr\/wp-json\/wp\/v2\/types\/page"}],"author":[{"embeddable":true,"href":"https:\/\/www.fund-academy.ch\/fr\/wp-json\/wp\/v2\/users\/1"}],"replies":[{"embeddable":true,"href":"https:\/\/www.fund-academy.ch\/fr\/wp-json\/wp\/v2\/comments?post=76"}],"version-history":[{"count":5,"href":"https:\/\/www.fund-academy.ch\/fr\/wp-json\/wp\/v2\/pages\/76\/revisions"}],"predecessor-version":[{"id":3016,"href":"https:\/\/www.fund-academy.ch\/fr\/wp-json\/wp\/v2\/pages\/76\/revisions\/3016"}],"wp:featuredmedia":[{"embeddable":true,"href":"https:\/\/www.fund-academy.ch\/fr\/wp-json\/wp\/v2\/media\/2918"}],"wp:attachment":[{"href":"https:\/\/www.fund-academy.ch\/fr\/wp-json\/wp\/v2\/media?parent=76"}],"curies":[{"name":"wp","href":"https:\/\/api.w.org\/{rel}","templated":true}]}}