{"id":78,"date":"2020-11-28T10:47:49","date_gmt":"2020-11-28T09:47:49","guid":{"rendered":"https:\/\/www.fund-academy.ch\/fund-training\/fund-officer\/"},"modified":"2025-01-21T09:15:39","modified_gmt":"2025-01-21T08:15:39","slug":"fund-officer","status":"publish","type":"page","link":"https:\/\/www.fund-academy.ch\/fr\/fund-training\/fund-officer\/","title":{"rendered":"Fund Officer"},"content":{"rendered":"<p>Depuis deux d\u00e9cennies, la formation Swiss Fund Officer (SFO) est une r\u00e9f\u00e9rence en mati\u00e8re de formation dans le domaine des placements collectifs de capitaux en Suisse. Plus de 30 intervenants, professionnels reconnus de la branche, 12 jours de cours, des travaux de groupe et des \u00e9changes avec les praticiens en sont les caract\u00e9ristiques principales.<\/p>\n<p>Le cours a lieu deux fois par an \u00e0 Zurich en allemand et une fois par an \u00e0 Gen\u00e8ve en fran\u00e7ais. La r\u00e9ussite de l&rsquo;examen donne droit au dipl\u00f4me de Swiss Fund Officer.<\/p>\n<p>Une formation compl\u00e9mentaire pour les Swiss Fund Officers, Fund Academy organise l&rsquo;International Fund Officer (IFO). Ce programme de 3 jours conduit les participants au Luxembourg ou Dublin. En r\u00e9ussissant l&rsquo;examen final, ils obtiennent le titre d'\u00a0\u00bbInternational Fund Officer\u00a0\u00bb.<\/p>\n<p>&nbsp;<\/p>\n","protected":false},"excerpt":{"rendered":"<p>Depuis deux d\u00e9cennies, la formation Swiss Fund Officer (SFO) est une r\u00e9f\u00e9rence en mati\u00e8re de formation dans le domaine des placements collectifs de capitaux en Suisse. Plus de 30 intervenants, professionnels reconnus de la branche, 12 jours de cours, des travaux de groupe et des \u00e9changes avec les praticiens en sont les caract\u00e9ristiques principales. Le <a href=\"https:\/\/www.fund-academy.ch\/fr\/fund-training\/fund-officer\/\" class=\"more-link\">&#8230;<\/a><\/p>\n","protected":false},"author":1,"featured_media":178,"parent":76,"menu_order":1,"comment_status":"closed","ping_status":"closed","template":"page-courses.php","meta":[],"acf":[],"yoast_head":"<!-- This site is optimized with the Yoast SEO plugin v20.8 - https:\/\/yoast.com\/wordpress\/plugins\/seo\/ -->\n<title>Fund Officer - Fund Academy<\/title>\n<meta name=\"robots\" content=\"index, follow, max-snippet:-1, max-image-preview:large, max-video-preview:-1\" \/>\n<link rel=\"canonical\" href=\"https:\/\/www.fund-academy.ch\/fr\/fund-training\/fund-officer\/\" \/>\n<meta property=\"og:locale\" content=\"fr_FR\" \/>\n<meta property=\"og:type\" content=\"article\" \/>\n<meta property=\"og:title\" content=\"Fund Officer - Fund Academy\" \/>\n<meta property=\"og:description\" content=\"Depuis deux d\u00e9cennies, la formation Swiss Fund Officer (SFO) est une r\u00e9f\u00e9rence en mati\u00e8re de formation dans le domaine des placements collectifs de capitaux en Suisse. Plus de 30 intervenants, professionnels reconnus de la branche, 12 jours de cours, des travaux de groupe et des \u00e9changes avec les praticiens en sont les caract\u00e9ristiques principales. Le ...\" \/>\n<meta property=\"og:url\" content=\"https:\/\/www.fund-academy.ch\/fr\/fund-training\/fund-officer\/\" \/>\n<meta property=\"og:site_name\" content=\"Fund Academy\" \/>\n<meta property=\"article:modified_time\" content=\"2025-01-21T08:15:39+00:00\" \/>\n<meta property=\"og:image\" content=\"https:\/\/www.fund-academy.ch\/wp-content\/uploads\/2020\/11\/GettyImages-1016053362-scaled.jpg\" \/>\n\t<meta property=\"og:image:width\" content=\"2560\" \/>\n\t<meta property=\"og:image:height\" content=\"1391\" \/>\n\t<meta property=\"og:image:type\" content=\"image\/jpeg\" \/>\n<meta name=\"twitter:card\" content=\"summary_large_image\" \/>\n<meta name=\"twitter:label1\" content=\"Dur\u00e9e de lecture estim\u00e9e\" \/>\n\t<meta name=\"twitter:data1\" content=\"1 minute\" \/>\n<script type=\"application\/ld+json\" class=\"yoast-schema-graph\">{\"@context\":\"https:\/\/schema.org\",\"@graph\":[{\"@type\":\"WebPage\",\"@id\":\"https:\/\/www.fund-academy.ch\/fr\/fund-training\/fund-officer\/\",\"url\":\"https:\/\/www.fund-academy.ch\/fr\/fund-training\/fund-officer\/\",\"name\":\"Fund Officer - Fund Academy\",\"isPartOf\":{\"@id\":\"https:\/\/www.fund-academy.ch\/#website\"},\"datePublished\":\"2020-11-28T09:47:49+00:00\",\"dateModified\":\"2025-01-21T08:15:39+00:00\",\"breadcrumb\":{\"@id\":\"https:\/\/www.fund-academy.ch\/fr\/fund-training\/fund-officer\/#breadcrumb\"},\"inLanguage\":\"fr-FR\",\"potentialAction\":[{\"@type\":\"ReadAction\",\"target\":[\"https:\/\/www.fund-academy.ch\/fr\/fund-training\/fund-officer\/\"]}]},{\"@type\":\"BreadcrumbList\",\"@id\":\"https:\/\/www.fund-academy.ch\/fr\/fund-training\/fund-officer\/#breadcrumb\",\"itemListElement\":[{\"@type\":\"ListItem\",\"position\":1,\"name\":\"Home\",\"item\":\"https:\/\/www.fund-academy.ch\/fr\/\"},{\"@type\":\"ListItem\",\"position\":2,\"name\":\"Fund Training\",\"item\":\"https:\/\/www.fund-academy.ch\/fr\/fund-training\/\"},{\"@type\":\"ListItem\",\"position\":3,\"name\":\"Fund Officer\"}]},{\"@type\":\"WebSite\",\"@id\":\"https:\/\/www.fund-academy.ch\/#website\",\"url\":\"https:\/\/www.fund-academy.ch\/\",\"name\":\"Fund Academy\",\"description\":\"\",\"potentialAction\":[{\"@type\":\"SearchAction\",\"target\":{\"@type\":\"EntryPoint\",\"urlTemplate\":\"https:\/\/www.fund-academy.ch\/?s={search_term_string}\"},\"query-input\":\"required name=search_term_string\"}],\"inLanguage\":\"fr-FR\"}]}<\/script>\n<!-- \/ Yoast SEO plugin. -->","yoast_head_json":{"title":"Fund Officer - Fund Academy","robots":{"index":"index","follow":"follow","max-snippet":"max-snippet:-1","max-image-preview":"max-image-preview:large","max-video-preview":"max-video-preview:-1"},"canonical":"https:\/\/www.fund-academy.ch\/fr\/fund-training\/fund-officer\/","og_locale":"fr_FR","og_type":"article","og_title":"Fund Officer - Fund Academy","og_description":"Depuis deux d\u00e9cennies, la formation Swiss Fund Officer (SFO) est une r\u00e9f\u00e9rence en mati\u00e8re de formation dans le domaine des placements collectifs de capitaux en Suisse. Plus de 30 intervenants, professionnels reconnus de la branche, 12 jours de cours, des travaux de groupe et des \u00e9changes avec les praticiens en sont les caract\u00e9ristiques principales. Le ...","og_url":"https:\/\/www.fund-academy.ch\/fr\/fund-training\/fund-officer\/","og_site_name":"Fund Academy","article_modified_time":"2025-01-21T08:15:39+00:00","og_image":[{"width":2560,"height":1391,"url":"https:\/\/www.fund-academy.ch\/wp-content\/uploads\/2020\/11\/GettyImages-1016053362-scaled.jpg","type":"image\/jpeg"}],"twitter_card":"summary_large_image","twitter_misc":{"Dur\u00e9e de lecture estim\u00e9e":"1 minute"},"schema":{"@context":"https:\/\/schema.org","@graph":[{"@type":"WebPage","@id":"https:\/\/www.fund-academy.ch\/fr\/fund-training\/fund-officer\/","url":"https:\/\/www.fund-academy.ch\/fr\/fund-training\/fund-officer\/","name":"Fund Officer - Fund Academy","isPartOf":{"@id":"https:\/\/www.fund-academy.ch\/#website"},"datePublished":"2020-11-28T09:47:49+00:00","dateModified":"2025-01-21T08:15:39+00:00","breadcrumb":{"@id":"https:\/\/www.fund-academy.ch\/fr\/fund-training\/fund-officer\/#breadcrumb"},"inLanguage":"fr-FR","potentialAction":[{"@type":"ReadAction","target":["https:\/\/www.fund-academy.ch\/fr\/fund-training\/fund-officer\/"]}]},{"@type":"BreadcrumbList","@id":"https:\/\/www.fund-academy.ch\/fr\/fund-training\/fund-officer\/#breadcrumb","itemListElement":[{"@type":"ListItem","position":1,"name":"Home","item":"https:\/\/www.fund-academy.ch\/fr\/"},{"@type":"ListItem","position":2,"name":"Fund Training","item":"https:\/\/www.fund-academy.ch\/fr\/fund-training\/"},{"@type":"ListItem","position":3,"name":"Fund Officer"}]},{"@type":"WebSite","@id":"https:\/\/www.fund-academy.ch\/#website","url":"https:\/\/www.fund-academy.ch\/","name":"Fund Academy","description":"","potentialAction":[{"@type":"SearchAction","target":{"@type":"EntryPoint","urlTemplate":"https:\/\/www.fund-academy.ch\/?s={search_term_string}"},"query-input":"required name=search_term_string"}],"inLanguage":"fr-FR"}]}},"_links":{"self":[{"href":"https:\/\/www.fund-academy.ch\/fr\/wp-json\/wp\/v2\/pages\/78"}],"collection":[{"href":"https:\/\/www.fund-academy.ch\/fr\/wp-json\/wp\/v2\/pages"}],"about":[{"href":"https:\/\/www.fund-academy.ch\/fr\/wp-json\/wp\/v2\/types\/page"}],"author":[{"embeddable":true,"href":"https:\/\/www.fund-academy.ch\/fr\/wp-json\/wp\/v2\/users\/1"}],"replies":[{"embeddable":true,"href":"https:\/\/www.fund-academy.ch\/fr\/wp-json\/wp\/v2\/comments?post=78"}],"version-history":[{"count":10,"href":"https:\/\/www.fund-academy.ch\/fr\/wp-json\/wp\/v2\/pages\/78\/revisions"}],"predecessor-version":[{"id":3233,"href":"https:\/\/www.fund-academy.ch\/fr\/wp-json\/wp\/v2\/pages\/78\/revisions\/3233"}],"up":[{"embeddable":true,"href":"https:\/\/www.fund-academy.ch\/fr\/wp-json\/wp\/v2\/pages\/76"}],"wp:featuredmedia":[{"embeddable":true,"href":"https:\/\/www.fund-academy.ch\/fr\/wp-json\/wp\/v2\/media\/178"}],"wp:attachment":[{"href":"https:\/\/www.fund-academy.ch\/fr\/wp-json\/wp\/v2\/media?parent=78"}],"curies":[{"name":"wp","href":"https:\/\/api.w.org\/{rel}","templated":true}]}}