{"id":80,"date":"2020-11-28T10:47:08","date_gmt":"2020-11-28T09:47:08","guid":{"rendered":"https:\/\/www.fund-academy.ch\/fund-training\/know-the-fundamentals\/"},"modified":"2025-01-27T15:26:07","modified_gmt":"2025-01-27T14:26:07","slug":"know-the-fundamentals","status":"publish","type":"page","link":"https:\/\/www.fund-academy.ch\/fr\/fund-training\/know-the-fundamentals\/","title":{"rendered":"FUND Basics \/ Know the FUNDamentals"},"content":{"rendered":"<p>Les participants, qu&rsquo;ils soient d\u00e9butants, qui progressent dans le monde des fonds ou qu&rsquo;ils changent d&rsquo;orientation professionnelle, d\u00e9veloppent syst\u00e9matiquement leurs connaissances en mati\u00e8re de placements collectifs de capitaux.<\/p>\n<p>FUND Basics et Know the FUNDamentals (KtF) sont organis\u00e9s \u00e0 Zurich (en allemand), Know the FUNDamentals \u00e0 Gen\u00e8ve (en fran\u00e7ais) et \u00e0 Luxembourg, ainsi que Dublin (en anglais, march\u00e9 des fonds LUX, respectivement Irlande) sous forme de cours en pr\u00e9sentiel.<\/p>\n<p>Avec le <strong>FUND Basics<\/strong> acqu\u00e9rir une compr\u00e9hension des bases du monde des fonds en Suisse en 1 jour. Pour des d\u00e9butants dans le monde des fonds et fonctions d&rsquo;assistance.<\/p>\n<p>Avec le<strong> Know the FUNDamentals<\/strong> approfondir, \u00e9largir ou rafra\u00eechir en 3 jours les connaissances existantes dans le domaine des fonds en Suisse, au Luxembourg ou en Irlande. Pour les personnes qui progressent dans le monde des fonds ou qu&rsquo;ils changent d&rsquo;orientation professionnelle et les sp\u00e9cialistes qui souhaitent comprendre le reste de la cha\u00eene de cr\u00e9ation de valeur.<\/p>\n<p>Know the FUNDamentals est une pr\u00e9paration id\u00e9ale pour la formation Fund Officer.<\/p>\n","protected":false},"excerpt":{"rendered":"<p>Les participants, qu&rsquo;ils soient d\u00e9butants, qui progressent dans le monde des fonds ou qu&rsquo;ils changent d&rsquo;orientation professionnelle, d\u00e9veloppent syst\u00e9matiquement leurs connaissances en mati\u00e8re de placements collectifs de capitaux. FUND Basics et Know the FUNDamentals (KtF) sont organis\u00e9s \u00e0 Zurich (en allemand), Know the FUNDamentals \u00e0 Gen\u00e8ve (en fran\u00e7ais) et \u00e0 Luxembourg, ainsi que Dublin (en <a href=\"https:\/\/www.fund-academy.ch\/fr\/fund-training\/know-the-fundamentals\/\" class=\"more-link\">&#8230;<\/a><\/p>\n","protected":false},"author":1,"featured_media":2909,"parent":76,"menu_order":0,"comment_status":"closed","ping_status":"closed","template":"page-courses.php","meta":[],"acf":[],"yoast_head":"<!-- This site is optimized with the Yoast SEO plugin v20.8 - https:\/\/yoast.com\/wordpress\/plugins\/seo\/ -->\n<title>FUND Basics \/ Know the FUNDamentals - Fund Academy<\/title>\n<meta name=\"robots\" content=\"index, follow, max-snippet:-1, max-image-preview:large, max-video-preview:-1\" \/>\n<link rel=\"canonical\" href=\"https:\/\/www.fund-academy.ch\/fr\/fund-training\/know-the-fundamentals\/\" \/>\n<meta property=\"og:locale\" content=\"fr_FR\" \/>\n<meta property=\"og:type\" content=\"article\" \/>\n<meta property=\"og:title\" content=\"FUND Basics \/ Know the FUNDamentals - Fund Academy\" \/>\n<meta property=\"og:description\" content=\"Les participants, qu&rsquo;ils soient d\u00e9butants, qui progressent dans le monde des fonds ou qu&rsquo;ils changent d&rsquo;orientation professionnelle, d\u00e9veloppent syst\u00e9matiquement leurs connaissances en mati\u00e8re de placements collectifs de capitaux. FUND Basics et Know the FUNDamentals (KtF) sont organis\u00e9s \u00e0 Zurich (en allemand), Know the FUNDamentals \u00e0 Gen\u00e8ve (en fran\u00e7ais) et \u00e0 Luxembourg, ainsi que Dublin (en ...\" \/>\n<meta property=\"og:url\" content=\"https:\/\/www.fund-academy.ch\/fr\/fund-training\/know-the-fundamentals\/\" \/>\n<meta property=\"og:site_name\" content=\"Fund Academy\" \/>\n<meta property=\"article:modified_time\" content=\"2025-01-27T14:26:07+00:00\" \/>\n<meta property=\"og:image\" content=\"https:\/\/www.fund-academy.ch\/wp-content\/uploads\/2022\/12\/AdobeStock_245956488-scaled-e1671029223631.jpeg\" \/>\n\t<meta property=\"og:image:width\" content=\"2560\" \/>\n\t<meta property=\"og:image:height\" content=\"1579\" \/>\n\t<meta property=\"og:image:type\" content=\"image\/jpeg\" \/>\n<meta name=\"twitter:card\" content=\"summary_large_image\" \/>\n<meta name=\"twitter:label1\" content=\"Dur\u00e9e de lecture estim\u00e9e\" \/>\n\t<meta name=\"twitter:data1\" content=\"1 minute\" \/>\n<script type=\"application\/ld+json\" class=\"yoast-schema-graph\">{\"@context\":\"https:\/\/schema.org\",\"@graph\":[{\"@type\":\"WebPage\",\"@id\":\"https:\/\/www.fund-academy.ch\/fr\/fund-training\/know-the-fundamentals\/\",\"url\":\"https:\/\/www.fund-academy.ch\/fr\/fund-training\/know-the-fundamentals\/\",\"name\":\"FUND Basics \/ Know the FUNDamentals - Fund Academy\",\"isPartOf\":{\"@id\":\"https:\/\/www.fund-academy.ch\/#website\"},\"datePublished\":\"2020-11-28T09:47:08+00:00\",\"dateModified\":\"2025-01-27T14:26:07+00:00\",\"breadcrumb\":{\"@id\":\"https:\/\/www.fund-academy.ch\/fr\/fund-training\/know-the-fundamentals\/#breadcrumb\"},\"inLanguage\":\"fr-FR\",\"potentialAction\":[{\"@type\":\"ReadAction\",\"target\":[\"https:\/\/www.fund-academy.ch\/fr\/fund-training\/know-the-fundamentals\/\"]}]},{\"@type\":\"BreadcrumbList\",\"@id\":\"https:\/\/www.fund-academy.ch\/fr\/fund-training\/know-the-fundamentals\/#breadcrumb\",\"itemListElement\":[{\"@type\":\"ListItem\",\"position\":1,\"name\":\"Home\",\"item\":\"https:\/\/www.fund-academy.ch\/fr\/\"},{\"@type\":\"ListItem\",\"position\":2,\"name\":\"Fund Training\",\"item\":\"https:\/\/www.fund-academy.ch\/fr\/fund-training\/\"},{\"@type\":\"ListItem\",\"position\":3,\"name\":\"FUND Basics \/ Know the FUNDamentals\"}]},{\"@type\":\"WebSite\",\"@id\":\"https:\/\/www.fund-academy.ch\/#website\",\"url\":\"https:\/\/www.fund-academy.ch\/\",\"name\":\"Fund Academy\",\"description\":\"\",\"potentialAction\":[{\"@type\":\"SearchAction\",\"target\":{\"@type\":\"EntryPoint\",\"urlTemplate\":\"https:\/\/www.fund-academy.ch\/?s={search_term_string}\"},\"query-input\":\"required name=search_term_string\"}],\"inLanguage\":\"fr-FR\"}]}<\/script>\n<!-- \/ Yoast SEO plugin. -->","yoast_head_json":{"title":"FUND Basics \/ Know the FUNDamentals - Fund Academy","robots":{"index":"index","follow":"follow","max-snippet":"max-snippet:-1","max-image-preview":"max-image-preview:large","max-video-preview":"max-video-preview:-1"},"canonical":"https:\/\/www.fund-academy.ch\/fr\/fund-training\/know-the-fundamentals\/","og_locale":"fr_FR","og_type":"article","og_title":"FUND Basics \/ Know the FUNDamentals - Fund Academy","og_description":"Les participants, qu&rsquo;ils soient d\u00e9butants, qui progressent dans le monde des fonds ou qu&rsquo;ils changent d&rsquo;orientation professionnelle, d\u00e9veloppent syst\u00e9matiquement leurs connaissances en mati\u00e8re de placements collectifs de capitaux. FUND Basics et Know the FUNDamentals (KtF) sont organis\u00e9s \u00e0 Zurich (en allemand), Know the FUNDamentals \u00e0 Gen\u00e8ve (en fran\u00e7ais) et \u00e0 Luxembourg, ainsi que Dublin (en ...","og_url":"https:\/\/www.fund-academy.ch\/fr\/fund-training\/know-the-fundamentals\/","og_site_name":"Fund Academy","article_modified_time":"2025-01-27T14:26:07+00:00","og_image":[{"width":2560,"height":1579,"url":"https:\/\/www.fund-academy.ch\/wp-content\/uploads\/2022\/12\/AdobeStock_245956488-scaled-e1671029223631.jpeg","type":"image\/jpeg"}],"twitter_card":"summary_large_image","twitter_misc":{"Dur\u00e9e de lecture estim\u00e9e":"1 minute"},"schema":{"@context":"https:\/\/schema.org","@graph":[{"@type":"WebPage","@id":"https:\/\/www.fund-academy.ch\/fr\/fund-training\/know-the-fundamentals\/","url":"https:\/\/www.fund-academy.ch\/fr\/fund-training\/know-the-fundamentals\/","name":"FUND Basics \/ Know the FUNDamentals - Fund Academy","isPartOf":{"@id":"https:\/\/www.fund-academy.ch\/#website"},"datePublished":"2020-11-28T09:47:08+00:00","dateModified":"2025-01-27T14:26:07+00:00","breadcrumb":{"@id":"https:\/\/www.fund-academy.ch\/fr\/fund-training\/know-the-fundamentals\/#breadcrumb"},"inLanguage":"fr-FR","potentialAction":[{"@type":"ReadAction","target":["https:\/\/www.fund-academy.ch\/fr\/fund-training\/know-the-fundamentals\/"]}]},{"@type":"BreadcrumbList","@id":"https:\/\/www.fund-academy.ch\/fr\/fund-training\/know-the-fundamentals\/#breadcrumb","itemListElement":[{"@type":"ListItem","position":1,"name":"Home","item":"https:\/\/www.fund-academy.ch\/fr\/"},{"@type":"ListItem","position":2,"name":"Fund Training","item":"https:\/\/www.fund-academy.ch\/fr\/fund-training\/"},{"@type":"ListItem","position":3,"name":"FUND Basics \/ Know the FUNDamentals"}]},{"@type":"WebSite","@id":"https:\/\/www.fund-academy.ch\/#website","url":"https:\/\/www.fund-academy.ch\/","name":"Fund Academy","description":"","potentialAction":[{"@type":"SearchAction","target":{"@type":"EntryPoint","urlTemplate":"https:\/\/www.fund-academy.ch\/?s={search_term_string}"},"query-input":"required name=search_term_string"}],"inLanguage":"fr-FR"}]}},"_links":{"self":[{"href":"https:\/\/www.fund-academy.ch\/fr\/wp-json\/wp\/v2\/pages\/80"}],"collection":[{"href":"https:\/\/www.fund-academy.ch\/fr\/wp-json\/wp\/v2\/pages"}],"about":[{"href":"https:\/\/www.fund-academy.ch\/fr\/wp-json\/wp\/v2\/types\/page"}],"author":[{"embeddable":true,"href":"https:\/\/www.fund-academy.ch\/fr\/wp-json\/wp\/v2\/users\/1"}],"replies":[{"embeddable":true,"href":"https:\/\/www.fund-academy.ch\/fr\/wp-json\/wp\/v2\/comments?post=80"}],"version-history":[{"count":13,"href":"https:\/\/www.fund-academy.ch\/fr\/wp-json\/wp\/v2\/pages\/80\/revisions"}],"predecessor-version":[{"id":3260,"href":"https:\/\/www.fund-academy.ch\/fr\/wp-json\/wp\/v2\/pages\/80\/revisions\/3260"}],"up":[{"embeddable":true,"href":"https:\/\/www.fund-academy.ch\/fr\/wp-json\/wp\/v2\/pages\/76"}],"wp:featuredmedia":[{"embeddable":true,"href":"https:\/\/www.fund-academy.ch\/fr\/wp-json\/wp\/v2\/media\/2909"}],"wp:attachment":[{"href":"https:\/\/www.fund-academy.ch\/fr\/wp-json\/wp\/v2\/media?parent=80"}],"curies":[{"name":"wp","href":"https:\/\/api.w.org\/{rel}","templated":true}]}}