{"id":82,"date":"2020-11-28T10:46:38","date_gmt":"2020-11-28T09:46:38","guid":{"rendered":"https:\/\/www.fund-academy.ch\/about-us\/"},"modified":"2024-03-07T09:23:02","modified_gmt":"2024-03-07T08:23:02","slug":"about-us","status":"publish","type":"page","link":"https:\/\/www.fund-academy.ch\/fr\/about-us\/","title":{"rendered":"Willkommen bei Fund Academy"},"content":{"rendered":"<p>Fond\u00e9e en 2001 et engag\u00e9e dans la formation professionnelle initiale et continue dans le domaine des placements collectifs de capitaux \u00e0 Zurich et \u00e0 Gen\u00e8ve, la Fund Academy f\u00eate son 22 anniversaire en 2024.<\/p>\n<p>Les liens \u00e9troits que nous avons tiss\u00e9s durant cette p\u00e9riode avec les repr\u00e9sentants de l&rsquo;industrie, les associations professionnelles, les participants et les intervenants nous poussent \u00e0 poursuivre notre action.<\/p>\n<p>Outre notre formation phare, Swiss Fund Officer, nous proposons \u00e9galement aux d\u00e9butants, aux personnes en reconversion et aux personnes en cours de carri\u00e8re des formations courtes et cibl\u00e9es.<\/p>\n<p>Outre Zurich, Gen\u00e8ve, nous sommes d\u00e9sormais \u00e9galement pr\u00e9sents au Luxembourg et Dublin et enrichissons notre offre de cours en ligne.<\/p>\n<p>D\u00e9couvrez Fund Academy et ses formations!<\/p>\n","protected":false},"excerpt":{"rendered":"<p>Fond\u00e9e en 2001 et engag\u00e9e dans la formation professionnelle initiale et continue dans le domaine des placements collectifs de capitaux \u00e0 Zurich et \u00e0 Gen\u00e8ve, la Fund Academy f\u00eate son 22 anniversaire en 2024. Les liens \u00e9troits que nous avons tiss\u00e9s durant cette p\u00e9riode avec les repr\u00e9sentants de l&rsquo;industrie, les associations professionnelles, les participants et <a href=\"https:\/\/www.fund-academy.ch\/fr\/about-us\/\" class=\"more-link\">&#8230;<\/a><\/p>\n","protected":false},"author":1,"featured_media":2249,"parent":0,"menu_order":10,"comment_status":"closed","ping_status":"closed","template":"page-about_us.php","meta":[],"acf":[],"yoast_head":"<!-- This site is optimized with the Yoast SEO plugin v20.8 - https:\/\/yoast.com\/wordpress\/plugins\/seo\/ -->\n<title>Willkommen bei Fund Academy - Fund Academy<\/title>\n<meta name=\"robots\" content=\"index, follow, max-snippet:-1, max-image-preview:large, max-video-preview:-1\" \/>\n<link rel=\"canonical\" href=\"https:\/\/www.fund-academy.ch\/fr\/about-us\/\" \/>\n<meta property=\"og:locale\" content=\"fr_FR\" \/>\n<meta property=\"og:type\" content=\"article\" \/>\n<meta property=\"og:title\" content=\"Willkommen bei Fund Academy - Fund Academy\" \/>\n<meta property=\"og:description\" content=\"Fond\u00e9e en 2001 et engag\u00e9e dans la formation professionnelle initiale et continue dans le domaine des placements collectifs de capitaux \u00e0 Zurich et \u00e0 Gen\u00e8ve, la Fund Academy f\u00eate son 22 anniversaire en 2024. Les liens \u00e9troits que nous avons tiss\u00e9s durant cette p\u00e9riode avec les repr\u00e9sentants de l&rsquo;industrie, les associations professionnelles, les participants et ...\" \/>\n<meta property=\"og:url\" content=\"https:\/\/www.fund-academy.ch\/fr\/about-us\/\" \/>\n<meta property=\"og:site_name\" content=\"Fund Academy\" \/>\n<meta property=\"article:modified_time\" content=\"2024-03-07T08:23:02+00:00\" \/>\n<meta property=\"og:image\" content=\"https:\/\/www.fund-academy.ch\/wp-content\/uploads\/2022\/01\/henrique-ferreira-6p-I-X-sPUY-unsplash-scaled.jpg\" \/>\n\t<meta property=\"og:image:width\" content=\"2560\" \/>\n\t<meta property=\"og:image:height\" content=\"1705\" \/>\n\t<meta property=\"og:image:type\" content=\"image\/jpeg\" \/>\n<meta name=\"twitter:card\" content=\"summary_large_image\" \/>\n<meta name=\"twitter:label1\" content=\"Dur\u00e9e de lecture estim\u00e9e\" \/>\n\t<meta name=\"twitter:data1\" content=\"1 minute\" \/>\n<script type=\"application\/ld+json\" class=\"yoast-schema-graph\">{\"@context\":\"https:\/\/schema.org\",\"@graph\":[{\"@type\":\"WebPage\",\"@id\":\"https:\/\/www.fund-academy.ch\/fr\/about-us\/\",\"url\":\"https:\/\/www.fund-academy.ch\/fr\/about-us\/\",\"name\":\"Willkommen bei Fund Academy - Fund Academy\",\"isPartOf\":{\"@id\":\"https:\/\/www.fund-academy.ch\/#website\"},\"datePublished\":\"2020-11-28T09:46:38+00:00\",\"dateModified\":\"2024-03-07T08:23:02+00:00\",\"breadcrumb\":{\"@id\":\"https:\/\/www.fund-academy.ch\/fr\/about-us\/#breadcrumb\"},\"inLanguage\":\"fr-FR\",\"potentialAction\":[{\"@type\":\"ReadAction\",\"target\":[\"https:\/\/www.fund-academy.ch\/fr\/about-us\/\"]}]},{\"@type\":\"BreadcrumbList\",\"@id\":\"https:\/\/www.fund-academy.ch\/fr\/about-us\/#breadcrumb\",\"itemListElement\":[{\"@type\":\"ListItem\",\"position\":1,\"name\":\"Home\",\"item\":\"https:\/\/www.fund-academy.ch\/fr\/\"},{\"@type\":\"ListItem\",\"position\":2,\"name\":\"Willkommen bei Fund Academy\"}]},{\"@type\":\"WebSite\",\"@id\":\"https:\/\/www.fund-academy.ch\/#website\",\"url\":\"https:\/\/www.fund-academy.ch\/\",\"name\":\"Fund Academy\",\"description\":\"\",\"potentialAction\":[{\"@type\":\"SearchAction\",\"target\":{\"@type\":\"EntryPoint\",\"urlTemplate\":\"https:\/\/www.fund-academy.ch\/?s={search_term_string}\"},\"query-input\":\"required name=search_term_string\"}],\"inLanguage\":\"fr-FR\"}]}<\/script>\n<!-- \/ Yoast SEO plugin. -->","yoast_head_json":{"title":"Willkommen bei Fund Academy - Fund Academy","robots":{"index":"index","follow":"follow","max-snippet":"max-snippet:-1","max-image-preview":"max-image-preview:large","max-video-preview":"max-video-preview:-1"},"canonical":"https:\/\/www.fund-academy.ch\/fr\/about-us\/","og_locale":"fr_FR","og_type":"article","og_title":"Willkommen bei Fund Academy - Fund Academy","og_description":"Fond\u00e9e en 2001 et engag\u00e9e dans la formation professionnelle initiale et continue dans le domaine des placements collectifs de capitaux \u00e0 Zurich et \u00e0 Gen\u00e8ve, la Fund Academy f\u00eate son 22 anniversaire en 2024. Les liens \u00e9troits que nous avons tiss\u00e9s durant cette p\u00e9riode avec les repr\u00e9sentants de l&rsquo;industrie, les associations professionnelles, les participants et ...","og_url":"https:\/\/www.fund-academy.ch\/fr\/about-us\/","og_site_name":"Fund Academy","article_modified_time":"2024-03-07T08:23:02+00:00","og_image":[{"width":2560,"height":1705,"url":"https:\/\/www.fund-academy.ch\/wp-content\/uploads\/2022\/01\/henrique-ferreira-6p-I-X-sPUY-unsplash-scaled.jpg","type":"image\/jpeg"}],"twitter_card":"summary_large_image","twitter_misc":{"Dur\u00e9e de lecture estim\u00e9e":"1 minute"},"schema":{"@context":"https:\/\/schema.org","@graph":[{"@type":"WebPage","@id":"https:\/\/www.fund-academy.ch\/fr\/about-us\/","url":"https:\/\/www.fund-academy.ch\/fr\/about-us\/","name":"Willkommen bei Fund Academy - Fund Academy","isPartOf":{"@id":"https:\/\/www.fund-academy.ch\/#website"},"datePublished":"2020-11-28T09:46:38+00:00","dateModified":"2024-03-07T08:23:02+00:00","breadcrumb":{"@id":"https:\/\/www.fund-academy.ch\/fr\/about-us\/#breadcrumb"},"inLanguage":"fr-FR","potentialAction":[{"@type":"ReadAction","target":["https:\/\/www.fund-academy.ch\/fr\/about-us\/"]}]},{"@type":"BreadcrumbList","@id":"https:\/\/www.fund-academy.ch\/fr\/about-us\/#breadcrumb","itemListElement":[{"@type":"ListItem","position":1,"name":"Home","item":"https:\/\/www.fund-academy.ch\/fr\/"},{"@type":"ListItem","position":2,"name":"Willkommen bei Fund Academy"}]},{"@type":"WebSite","@id":"https:\/\/www.fund-academy.ch\/#website","url":"https:\/\/www.fund-academy.ch\/","name":"Fund Academy","description":"","potentialAction":[{"@type":"SearchAction","target":{"@type":"EntryPoint","urlTemplate":"https:\/\/www.fund-academy.ch\/?s={search_term_string}"},"query-input":"required name=search_term_string"}],"inLanguage":"fr-FR"}]}},"_links":{"self":[{"href":"https:\/\/www.fund-academy.ch\/fr\/wp-json\/wp\/v2\/pages\/82"}],"collection":[{"href":"https:\/\/www.fund-academy.ch\/fr\/wp-json\/wp\/v2\/pages"}],"about":[{"href":"https:\/\/www.fund-academy.ch\/fr\/wp-json\/wp\/v2\/types\/page"}],"author":[{"embeddable":true,"href":"https:\/\/www.fund-academy.ch\/fr\/wp-json\/wp\/v2\/users\/1"}],"replies":[{"embeddable":true,"href":"https:\/\/www.fund-academy.ch\/fr\/wp-json\/wp\/v2\/comments?post=82"}],"version-history":[{"count":4,"href":"https:\/\/www.fund-academy.ch\/fr\/wp-json\/wp\/v2\/pages\/82\/revisions"}],"predecessor-version":[{"id":3145,"href":"https:\/\/www.fund-academy.ch\/fr\/wp-json\/wp\/v2\/pages\/82\/revisions\/3145"}],"wp:featuredmedia":[{"embeddable":true,"href":"https:\/\/www.fund-academy.ch\/fr\/wp-json\/wp\/v2\/media\/2249"}],"wp:attachment":[{"href":"https:\/\/www.fund-academy.ch\/fr\/wp-json\/wp\/v2\/media?parent=82"}],"curies":[{"name":"wp","href":"https:\/\/api.w.org\/{rel}","templated":true}]}}