{"id":84,"date":"2020-11-28T10:56:26","date_gmt":"2020-11-28T09:56:26","guid":{"rendered":"https:\/\/www.fund-academy.ch\/about-us\/luxemburg\/"},"modified":"2022-12-07T08:41:50","modified_gmt":"2022-12-07T07:41:50","slug":"luxemburg","status":"publish","type":"page","link":"https:\/\/www.fund-academy.ch\/fr\/about-us\/luxemburg\/","title":{"rendered":"Luxembourg"},"content":{"rendered":"<p>\u00c0 partir de f\u00e9vrier 2023, Fund Academy proposera ses premiers cours Know the FUNDamentals au Luxembourg. De nombreuses discussions avec des partenaires au Luxembourg nous ont encourag\u00e9s \u00e0 franchir ce pas.<br \/>\nLe march\u00e9 extr\u00eamement actif avec un grand nombre d&rsquo;entreprises innovantes et de grands d\u00e9fis, nous incite \u00e0 proposer notre programme de formation aupr\u00e8s des acteurs de l&rsquo;industrie des fonds luxembourgeoise.<\/p>\n","protected":false},"excerpt":{"rendered":"<p>\u00c0 partir de f\u00e9vrier 2023, Fund Academy proposera ses premiers cours Know the FUNDamentals au Luxembourg. De nombreuses discussions avec des partenaires au Luxembourg nous ont encourag\u00e9s \u00e0 franchir ce pas. Le march\u00e9 extr\u00eamement actif avec un grand nombre d&rsquo;entreprises innovantes et de grands d\u00e9fis, nous incite \u00e0 proposer notre programme de formation aupr\u00e8s des <a href=\"https:\/\/www.fund-academy.ch\/fr\/about-us\/luxemburg\/\" class=\"more-link\">&#8230;<\/a><\/p>\n","protected":false},"author":1,"featured_media":2255,"parent":82,"menu_order":2,"comment_status":"closed","ping_status":"closed","template":"","meta":[],"acf":[],"yoast_head":"<!-- This site is optimized with the Yoast SEO plugin v20.8 - https:\/\/yoast.com\/wordpress\/plugins\/seo\/ -->\n<title>Luxembourg - Fund Academy<\/title>\n<meta name=\"robots\" content=\"index, follow, max-snippet:-1, max-image-preview:large, max-video-preview:-1\" \/>\n<link rel=\"canonical\" href=\"https:\/\/www.fund-academy.ch\/fr\/about-us\/luxemburg\/\" \/>\n<meta property=\"og:locale\" content=\"fr_FR\" \/>\n<meta property=\"og:type\" content=\"article\" \/>\n<meta property=\"og:title\" content=\"Luxembourg - Fund Academy\" \/>\n<meta property=\"og:description\" content=\"\u00c0 partir de f\u00e9vrier 2023, Fund Academy proposera ses premiers cours Know the FUNDamentals au Luxembourg. De nombreuses discussions avec des partenaires au Luxembourg nous ont encourag\u00e9s \u00e0 franchir ce pas. Le march\u00e9 extr\u00eamement actif avec un grand nombre d&rsquo;entreprises innovantes et de grands d\u00e9fis, nous incite \u00e0 proposer notre programme de formation aupr\u00e8s des ...\" \/>\n<meta property=\"og:url\" content=\"https:\/\/www.fund-academy.ch\/fr\/about-us\/luxemburg\/\" \/>\n<meta property=\"og:site_name\" content=\"Fund Academy\" \/>\n<meta property=\"article:modified_time\" content=\"2022-12-07T07:41:50+00:00\" \/>\n<meta property=\"og:image\" content=\"https:\/\/www.fund-academy.ch\/wp-content\/uploads\/2022\/01\/cedric-letsch-03O_BOsaXGk-unsplash-scaled.jpg\" \/>\n\t<meta property=\"og:image:width\" content=\"2560\" \/>\n\t<meta property=\"og:image:height\" content=\"1707\" \/>\n\t<meta property=\"og:image:type\" content=\"image\/jpeg\" \/>\n<meta name=\"twitter:card\" content=\"summary_large_image\" \/>\n<script type=\"application\/ld+json\" class=\"yoast-schema-graph\">{\"@context\":\"https:\/\/schema.org\",\"@graph\":[{\"@type\":\"WebPage\",\"@id\":\"https:\/\/www.fund-academy.ch\/fr\/about-us\/luxemburg\/\",\"url\":\"https:\/\/www.fund-academy.ch\/fr\/about-us\/luxemburg\/\",\"name\":\"Luxembourg - Fund Academy\",\"isPartOf\":{\"@id\":\"https:\/\/www.fund-academy.ch\/#website\"},\"datePublished\":\"2020-11-28T09:56:26+00:00\",\"dateModified\":\"2022-12-07T07:41:50+00:00\",\"breadcrumb\":{\"@id\":\"https:\/\/www.fund-academy.ch\/fr\/about-us\/luxemburg\/#breadcrumb\"},\"inLanguage\":\"fr-FR\",\"potentialAction\":[{\"@type\":\"ReadAction\",\"target\":[\"https:\/\/www.fund-academy.ch\/fr\/about-us\/luxemburg\/\"]}]},{\"@type\":\"BreadcrumbList\",\"@id\":\"https:\/\/www.fund-academy.ch\/fr\/about-us\/luxemburg\/#breadcrumb\",\"itemListElement\":[{\"@type\":\"ListItem\",\"position\":1,\"name\":\"Home\",\"item\":\"https:\/\/www.fund-academy.ch\/fr\/\"},{\"@type\":\"ListItem\",\"position\":2,\"name\":\"Willkommen bei Fund Academy\",\"item\":\"https:\/\/www.fund-academy.ch\/fr\/about-us\/\"},{\"@type\":\"ListItem\",\"position\":3,\"name\":\"Luxembourg\"}]},{\"@type\":\"WebSite\",\"@id\":\"https:\/\/www.fund-academy.ch\/#website\",\"url\":\"https:\/\/www.fund-academy.ch\/\",\"name\":\"Fund Academy\",\"description\":\"\",\"potentialAction\":[{\"@type\":\"SearchAction\",\"target\":{\"@type\":\"EntryPoint\",\"urlTemplate\":\"https:\/\/www.fund-academy.ch\/?s={search_term_string}\"},\"query-input\":\"required name=search_term_string\"}],\"inLanguage\":\"fr-FR\"}]}<\/script>\n<!-- \/ Yoast SEO plugin. -->","yoast_head_json":{"title":"Luxembourg - Fund Academy","robots":{"index":"index","follow":"follow","max-snippet":"max-snippet:-1","max-image-preview":"max-image-preview:large","max-video-preview":"max-video-preview:-1"},"canonical":"https:\/\/www.fund-academy.ch\/fr\/about-us\/luxemburg\/","og_locale":"fr_FR","og_type":"article","og_title":"Luxembourg - Fund Academy","og_description":"\u00c0 partir de f\u00e9vrier 2023, Fund Academy proposera ses premiers cours Know the FUNDamentals au Luxembourg. De nombreuses discussions avec des partenaires au Luxembourg nous ont encourag\u00e9s \u00e0 franchir ce pas. Le march\u00e9 extr\u00eamement actif avec un grand nombre d&rsquo;entreprises innovantes et de grands d\u00e9fis, nous incite \u00e0 proposer notre programme de formation aupr\u00e8s des ...","og_url":"https:\/\/www.fund-academy.ch\/fr\/about-us\/luxemburg\/","og_site_name":"Fund Academy","article_modified_time":"2022-12-07T07:41:50+00:00","og_image":[{"width":2560,"height":1707,"url":"https:\/\/www.fund-academy.ch\/wp-content\/uploads\/2022\/01\/cedric-letsch-03O_BOsaXGk-unsplash-scaled.jpg","type":"image\/jpeg"}],"twitter_card":"summary_large_image","schema":{"@context":"https:\/\/schema.org","@graph":[{"@type":"WebPage","@id":"https:\/\/www.fund-academy.ch\/fr\/about-us\/luxemburg\/","url":"https:\/\/www.fund-academy.ch\/fr\/about-us\/luxemburg\/","name":"Luxembourg - Fund Academy","isPartOf":{"@id":"https:\/\/www.fund-academy.ch\/#website"},"datePublished":"2020-11-28T09:56:26+00:00","dateModified":"2022-12-07T07:41:50+00:00","breadcrumb":{"@id":"https:\/\/www.fund-academy.ch\/fr\/about-us\/luxemburg\/#breadcrumb"},"inLanguage":"fr-FR","potentialAction":[{"@type":"ReadAction","target":["https:\/\/www.fund-academy.ch\/fr\/about-us\/luxemburg\/"]}]},{"@type":"BreadcrumbList","@id":"https:\/\/www.fund-academy.ch\/fr\/about-us\/luxemburg\/#breadcrumb","itemListElement":[{"@type":"ListItem","position":1,"name":"Home","item":"https:\/\/www.fund-academy.ch\/fr\/"},{"@type":"ListItem","position":2,"name":"Willkommen bei Fund Academy","item":"https:\/\/www.fund-academy.ch\/fr\/about-us\/"},{"@type":"ListItem","position":3,"name":"Luxembourg"}]},{"@type":"WebSite","@id":"https:\/\/www.fund-academy.ch\/#website","url":"https:\/\/www.fund-academy.ch\/","name":"Fund Academy","description":"","potentialAction":[{"@type":"SearchAction","target":{"@type":"EntryPoint","urlTemplate":"https:\/\/www.fund-academy.ch\/?s={search_term_string}"},"query-input":"required name=search_term_string"}],"inLanguage":"fr-FR"}]}},"_links":{"self":[{"href":"https:\/\/www.fund-academy.ch\/fr\/wp-json\/wp\/v2\/pages\/84"}],"collection":[{"href":"https:\/\/www.fund-academy.ch\/fr\/wp-json\/wp\/v2\/pages"}],"about":[{"href":"https:\/\/www.fund-academy.ch\/fr\/wp-json\/wp\/v2\/types\/page"}],"author":[{"embeddable":true,"href":"https:\/\/www.fund-academy.ch\/fr\/wp-json\/wp\/v2\/users\/1"}],"replies":[{"embeddable":true,"href":"https:\/\/www.fund-academy.ch\/fr\/wp-json\/wp\/v2\/comments?post=84"}],"version-history":[{"count":5,"href":"https:\/\/www.fund-academy.ch\/fr\/wp-json\/wp\/v2\/pages\/84\/revisions"}],"predecessor-version":[{"id":2835,"href":"https:\/\/www.fund-academy.ch\/fr\/wp-json\/wp\/v2\/pages\/84\/revisions\/2835"}],"up":[{"embeddable":true,"href":"https:\/\/www.fund-academy.ch\/fr\/wp-json\/wp\/v2\/pages\/82"}],"wp:featuredmedia":[{"embeddable":true,"href":"https:\/\/www.fund-academy.ch\/fr\/wp-json\/wp\/v2\/media\/2255"}],"wp:attachment":[{"href":"https:\/\/www.fund-academy.ch\/fr\/wp-json\/wp\/v2\/media?parent=84"}],"curies":[{"name":"wp","href":"https:\/\/api.w.org\/{rel}","templated":true}]}}