{"id":86,"date":"2020-11-28T10:56:40","date_gmt":"2020-11-28T09:56:40","guid":{"rendered":"https:\/\/www.fund-academy.ch\/about-us\/liechtenstein\/"},"modified":"2022-08-28T12:10:39","modified_gmt":"2022-08-28T10:10:39","slug":"online","status":"publish","type":"page","link":"https:\/\/www.fund-academy.ch\/fr\/about-us\/online\/","title":{"rendered":"Online"},"content":{"rendered":"<p>Bien s\u00fbr, nous pr\u00e9f\u00e9rons rencontrer personnellement nos participants et nos intervenants&#8230; mais nous proposons de plus en plus de cours en ligne.<\/p>\n<p>C&rsquo;est surtout pour les cours avec un groupe international que nous utilisons la souplesse offerte par les cours en ligne, afin d&rsquo;\u00e9viter aux participants de longs d\u00e9placements et de rendre les cours aussi pratiques que possible pour tous.<\/p>\n<p>Nous utilisons principalement Zoom, mais nous pouvons aussi nous adapter \u00e0 vos besoins et utiliser d&rsquo;autres outils en ligne.<\/p>\n","protected":false},"excerpt":{"rendered":"<p>Bien s\u00fbr, nous pr\u00e9f\u00e9rons rencontrer personnellement nos participants et nos intervenants&#8230; mais nous proposons de plus en plus de cours en ligne. C&rsquo;est surtout pour les cours avec un groupe international que nous utilisons la souplesse offerte par les cours en ligne, afin d&rsquo;\u00e9viter aux participants de longs d\u00e9placements et de rendre les cours aussi <a href=\"https:\/\/www.fund-academy.ch\/fr\/about-us\/online\/\" class=\"more-link\">&#8230;<\/a><\/p>\n","protected":false},"author":1,"featured_media":2262,"parent":82,"menu_order":3,"comment_status":"closed","ping_status":"closed","template":"","meta":[],"acf":[],"yoast_head":"<!-- This site is optimized with the Yoast SEO plugin v20.8 - https:\/\/yoast.com\/wordpress\/plugins\/seo\/ -->\n<title>Online - Fund Academy<\/title>\n<meta name=\"robots\" content=\"index, follow, max-snippet:-1, max-image-preview:large, max-video-preview:-1\" \/>\n<link rel=\"canonical\" href=\"https:\/\/www.fund-academy.ch\/fr\/about-us\/online\/\" \/>\n<meta property=\"og:locale\" content=\"fr_FR\" \/>\n<meta property=\"og:type\" content=\"article\" \/>\n<meta property=\"og:title\" content=\"Online - Fund Academy\" \/>\n<meta property=\"og:description\" content=\"Bien s\u00fbr, nous pr\u00e9f\u00e9rons rencontrer personnellement nos participants et nos intervenants&#8230; mais nous proposons de plus en plus de cours en ligne. C&rsquo;est surtout pour les cours avec un groupe international que nous utilisons la souplesse offerte par les cours en ligne, afin d&rsquo;\u00e9viter aux participants de longs d\u00e9placements et de rendre les cours aussi ...\" \/>\n<meta property=\"og:url\" content=\"https:\/\/www.fund-academy.ch\/fr\/about-us\/online\/\" \/>\n<meta property=\"og:site_name\" content=\"Fund Academy\" \/>\n<meta property=\"article:modified_time\" content=\"2022-08-28T10:10:39+00:00\" \/>\n<meta property=\"og:image\" content=\"https:\/\/www.fund-academy.ch\/wp-content\/uploads\/2022\/01\/laptop-with-blank-black-screen-on-a-white-table-scaled.jpg\" \/>\n\t<meta property=\"og:image:width\" content=\"2560\" \/>\n\t<meta property=\"og:image:height\" content=\"1709\" \/>\n\t<meta property=\"og:image:type\" content=\"image\/jpeg\" \/>\n<meta name=\"twitter:card\" content=\"summary_large_image\" \/>\n<script type=\"application\/ld+json\" class=\"yoast-schema-graph\">{\"@context\":\"https:\/\/schema.org\",\"@graph\":[{\"@type\":\"WebPage\",\"@id\":\"https:\/\/www.fund-academy.ch\/fr\/about-us\/online\/\",\"url\":\"https:\/\/www.fund-academy.ch\/fr\/about-us\/online\/\",\"name\":\"Online - Fund Academy\",\"isPartOf\":{\"@id\":\"https:\/\/www.fund-academy.ch\/#website\"},\"datePublished\":\"2020-11-28T09:56:40+00:00\",\"dateModified\":\"2022-08-28T10:10:39+00:00\",\"breadcrumb\":{\"@id\":\"https:\/\/www.fund-academy.ch\/fr\/about-us\/online\/#breadcrumb\"},\"inLanguage\":\"fr-FR\",\"potentialAction\":[{\"@type\":\"ReadAction\",\"target\":[\"https:\/\/www.fund-academy.ch\/fr\/about-us\/online\/\"]}]},{\"@type\":\"BreadcrumbList\",\"@id\":\"https:\/\/www.fund-academy.ch\/fr\/about-us\/online\/#breadcrumb\",\"itemListElement\":[{\"@type\":\"ListItem\",\"position\":1,\"name\":\"Home\",\"item\":\"https:\/\/www.fund-academy.ch\/fr\/\"},{\"@type\":\"ListItem\",\"position\":2,\"name\":\"Willkommen bei Fund Academy\",\"item\":\"https:\/\/www.fund-academy.ch\/fr\/about-us\/\"},{\"@type\":\"ListItem\",\"position\":3,\"name\":\"Online\"}]},{\"@type\":\"WebSite\",\"@id\":\"https:\/\/www.fund-academy.ch\/#website\",\"url\":\"https:\/\/www.fund-academy.ch\/\",\"name\":\"Fund Academy\",\"description\":\"\",\"potentialAction\":[{\"@type\":\"SearchAction\",\"target\":{\"@type\":\"EntryPoint\",\"urlTemplate\":\"https:\/\/www.fund-academy.ch\/?s={search_term_string}\"},\"query-input\":\"required name=search_term_string\"}],\"inLanguage\":\"fr-FR\"}]}<\/script>\n<!-- \/ Yoast SEO plugin. -->","yoast_head_json":{"title":"Online - Fund Academy","robots":{"index":"index","follow":"follow","max-snippet":"max-snippet:-1","max-image-preview":"max-image-preview:large","max-video-preview":"max-video-preview:-1"},"canonical":"https:\/\/www.fund-academy.ch\/fr\/about-us\/online\/","og_locale":"fr_FR","og_type":"article","og_title":"Online - Fund Academy","og_description":"Bien s\u00fbr, nous pr\u00e9f\u00e9rons rencontrer personnellement nos participants et nos intervenants&#8230; mais nous proposons de plus en plus de cours en ligne. C&rsquo;est surtout pour les cours avec un groupe international que nous utilisons la souplesse offerte par les cours en ligne, afin d&rsquo;\u00e9viter aux participants de longs d\u00e9placements et de rendre les cours aussi ...","og_url":"https:\/\/www.fund-academy.ch\/fr\/about-us\/online\/","og_site_name":"Fund Academy","article_modified_time":"2022-08-28T10:10:39+00:00","og_image":[{"width":2560,"height":1709,"url":"https:\/\/www.fund-academy.ch\/wp-content\/uploads\/2022\/01\/laptop-with-blank-black-screen-on-a-white-table-scaled.jpg","type":"image\/jpeg"}],"twitter_card":"summary_large_image","schema":{"@context":"https:\/\/schema.org","@graph":[{"@type":"WebPage","@id":"https:\/\/www.fund-academy.ch\/fr\/about-us\/online\/","url":"https:\/\/www.fund-academy.ch\/fr\/about-us\/online\/","name":"Online - Fund Academy","isPartOf":{"@id":"https:\/\/www.fund-academy.ch\/#website"},"datePublished":"2020-11-28T09:56:40+00:00","dateModified":"2022-08-28T10:10:39+00:00","breadcrumb":{"@id":"https:\/\/www.fund-academy.ch\/fr\/about-us\/online\/#breadcrumb"},"inLanguage":"fr-FR","potentialAction":[{"@type":"ReadAction","target":["https:\/\/www.fund-academy.ch\/fr\/about-us\/online\/"]}]},{"@type":"BreadcrumbList","@id":"https:\/\/www.fund-academy.ch\/fr\/about-us\/online\/#breadcrumb","itemListElement":[{"@type":"ListItem","position":1,"name":"Home","item":"https:\/\/www.fund-academy.ch\/fr\/"},{"@type":"ListItem","position":2,"name":"Willkommen bei Fund Academy","item":"https:\/\/www.fund-academy.ch\/fr\/about-us\/"},{"@type":"ListItem","position":3,"name":"Online"}]},{"@type":"WebSite","@id":"https:\/\/www.fund-academy.ch\/#website","url":"https:\/\/www.fund-academy.ch\/","name":"Fund Academy","description":"","potentialAction":[{"@type":"SearchAction","target":{"@type":"EntryPoint","urlTemplate":"https:\/\/www.fund-academy.ch\/?s={search_term_string}"},"query-input":"required name=search_term_string"}],"inLanguage":"fr-FR"}]}},"_links":{"self":[{"href":"https:\/\/www.fund-academy.ch\/fr\/wp-json\/wp\/v2\/pages\/86"}],"collection":[{"href":"https:\/\/www.fund-academy.ch\/fr\/wp-json\/wp\/v2\/pages"}],"about":[{"href":"https:\/\/www.fund-academy.ch\/fr\/wp-json\/wp\/v2\/types\/page"}],"author":[{"embeddable":true,"href":"https:\/\/www.fund-academy.ch\/fr\/wp-json\/wp\/v2\/users\/1"}],"replies":[{"embeddable":true,"href":"https:\/\/www.fund-academy.ch\/fr\/wp-json\/wp\/v2\/comments?post=86"}],"version-history":[{"count":2,"href":"https:\/\/www.fund-academy.ch\/fr\/wp-json\/wp\/v2\/pages\/86\/revisions"}],"predecessor-version":[{"id":2762,"href":"https:\/\/www.fund-academy.ch\/fr\/wp-json\/wp\/v2\/pages\/86\/revisions\/2762"}],"up":[{"embeddable":true,"href":"https:\/\/www.fund-academy.ch\/fr\/wp-json\/wp\/v2\/pages\/82"}],"wp:featuredmedia":[{"embeddable":true,"href":"https:\/\/www.fund-academy.ch\/fr\/wp-json\/wp\/v2\/media\/2262"}],"wp:attachment":[{"href":"https:\/\/www.fund-academy.ch\/fr\/wp-json\/wp\/v2\/media?parent=86"}],"curies":[{"name":"wp","href":"https:\/\/api.w.org\/{rel}","templated":true}]}}