{"id":88,"date":"2020-11-28T10:56:16","date_gmt":"2020-11-28T09:56:16","guid":{"rendered":"https:\/\/www.fund-academy.ch\/about-us\/genf\/"},"modified":"2022-08-28T12:08:28","modified_gmt":"2022-08-28T10:08:28","slug":"genf","status":"publish","type":"page","link":"https:\/\/www.fund-academy.ch\/fr\/about-us\/genf\/","title":{"rendered":"Gen\u00e8ve"},"content":{"rendered":"<p>Avec une pr\u00e9sence permanente \u00e0 Gen\u00e8ve, nous offrons \u00e0 cette importante place financi\u00e8re le m\u00eame service et les m\u00eames cours que ceux que nous proposons \u00e0 Zurich.<br \/>\nDepuis 2022, avec Christina Riva, nous sommes encore plus proches de l&rsquo;industrie et \u00e9largissons continuellement notre offre.<\/p>\n","protected":false},"excerpt":{"rendered":"<p>Avec une pr\u00e9sence permanente \u00e0 Gen\u00e8ve, nous offrons \u00e0 cette importante place financi\u00e8re le m\u00eame service et les m\u00eames cours que ceux que nous proposons \u00e0 Zurich. Depuis 2022, avec Christina Riva, nous sommes encore plus proches de l&rsquo;industrie et \u00e9largissons continuellement notre offre.<\/p>\n","protected":false},"author":1,"featured_media":2252,"parent":82,"menu_order":1,"comment_status":"closed","ping_status":"closed","template":"","meta":[],"acf":[],"yoast_head":"<!-- This site is optimized with the Yoast SEO plugin v20.8 - https:\/\/yoast.com\/wordpress\/plugins\/seo\/ -->\n<title>Gen\u00e8ve - Fund Academy<\/title>\n<meta name=\"robots\" content=\"index, follow, max-snippet:-1, max-image-preview:large, max-video-preview:-1\" \/>\n<link rel=\"canonical\" href=\"https:\/\/www.fund-academy.ch\/fr\/about-us\/genf\/\" \/>\n<meta property=\"og:locale\" content=\"fr_FR\" \/>\n<meta property=\"og:type\" content=\"article\" \/>\n<meta property=\"og:title\" content=\"Gen\u00e8ve - Fund Academy\" \/>\n<meta property=\"og:description\" content=\"Avec une pr\u00e9sence permanente \u00e0 Gen\u00e8ve, nous offrons \u00e0 cette importante place financi\u00e8re le m\u00eame service et les m\u00eames cours que ceux que nous proposons \u00e0 Zurich. Depuis 2022, avec Christina Riva, nous sommes encore plus proches de l&rsquo;industrie et \u00e9largissons continuellement notre offre.\" \/>\n<meta property=\"og:url\" content=\"https:\/\/www.fund-academy.ch\/fr\/about-us\/genf\/\" \/>\n<meta property=\"og:site_name\" content=\"Fund Academy\" \/>\n<meta property=\"article:modified_time\" content=\"2022-08-28T10:08:28+00:00\" \/>\n<meta property=\"og:image\" content=\"https:\/\/www.fund-academy.ch\/wp-content\/uploads\/2022\/01\/baptiste-gousset-mzpAUFtykbs-unsplash-scaled.jpg\" \/>\n\t<meta property=\"og:image:width\" content=\"2560\" \/>\n\t<meta property=\"og:image:height\" content=\"1707\" \/>\n\t<meta property=\"og:image:type\" content=\"image\/jpeg\" \/>\n<meta name=\"twitter:card\" content=\"summary_large_image\" \/>\n<script type=\"application\/ld+json\" class=\"yoast-schema-graph\">{\"@context\":\"https:\/\/schema.org\",\"@graph\":[{\"@type\":\"WebPage\",\"@id\":\"https:\/\/www.fund-academy.ch\/fr\/about-us\/genf\/\",\"url\":\"https:\/\/www.fund-academy.ch\/fr\/about-us\/genf\/\",\"name\":\"Gen\u00e8ve - Fund Academy\",\"isPartOf\":{\"@id\":\"https:\/\/www.fund-academy.ch\/#website\"},\"datePublished\":\"2020-11-28T09:56:16+00:00\",\"dateModified\":\"2022-08-28T10:08:28+00:00\",\"breadcrumb\":{\"@id\":\"https:\/\/www.fund-academy.ch\/fr\/about-us\/genf\/#breadcrumb\"},\"inLanguage\":\"fr-FR\",\"potentialAction\":[{\"@type\":\"ReadAction\",\"target\":[\"https:\/\/www.fund-academy.ch\/fr\/about-us\/genf\/\"]}]},{\"@type\":\"BreadcrumbList\",\"@id\":\"https:\/\/www.fund-academy.ch\/fr\/about-us\/genf\/#breadcrumb\",\"itemListElement\":[{\"@type\":\"ListItem\",\"position\":1,\"name\":\"Home\",\"item\":\"https:\/\/www.fund-academy.ch\/fr\/\"},{\"@type\":\"ListItem\",\"position\":2,\"name\":\"Willkommen bei Fund Academy\",\"item\":\"https:\/\/www.fund-academy.ch\/fr\/about-us\/\"},{\"@type\":\"ListItem\",\"position\":3,\"name\":\"Gen\u00e8ve\"}]},{\"@type\":\"WebSite\",\"@id\":\"https:\/\/www.fund-academy.ch\/#website\",\"url\":\"https:\/\/www.fund-academy.ch\/\",\"name\":\"Fund Academy\",\"description\":\"\",\"potentialAction\":[{\"@type\":\"SearchAction\",\"target\":{\"@type\":\"EntryPoint\",\"urlTemplate\":\"https:\/\/www.fund-academy.ch\/?s={search_term_string}\"},\"query-input\":\"required name=search_term_string\"}],\"inLanguage\":\"fr-FR\"}]}<\/script>\n<!-- \/ Yoast SEO plugin. -->","yoast_head_json":{"title":"Gen\u00e8ve - Fund Academy","robots":{"index":"index","follow":"follow","max-snippet":"max-snippet:-1","max-image-preview":"max-image-preview:large","max-video-preview":"max-video-preview:-1"},"canonical":"https:\/\/www.fund-academy.ch\/fr\/about-us\/genf\/","og_locale":"fr_FR","og_type":"article","og_title":"Gen\u00e8ve - Fund Academy","og_description":"Avec une pr\u00e9sence permanente \u00e0 Gen\u00e8ve, nous offrons \u00e0 cette importante place financi\u00e8re le m\u00eame service et les m\u00eames cours que ceux que nous proposons \u00e0 Zurich. Depuis 2022, avec Christina Riva, nous sommes encore plus proches de l&rsquo;industrie et \u00e9largissons continuellement notre offre.","og_url":"https:\/\/www.fund-academy.ch\/fr\/about-us\/genf\/","og_site_name":"Fund Academy","article_modified_time":"2022-08-28T10:08:28+00:00","og_image":[{"width":2560,"height":1707,"url":"https:\/\/www.fund-academy.ch\/wp-content\/uploads\/2022\/01\/baptiste-gousset-mzpAUFtykbs-unsplash-scaled.jpg","type":"image\/jpeg"}],"twitter_card":"summary_large_image","schema":{"@context":"https:\/\/schema.org","@graph":[{"@type":"WebPage","@id":"https:\/\/www.fund-academy.ch\/fr\/about-us\/genf\/","url":"https:\/\/www.fund-academy.ch\/fr\/about-us\/genf\/","name":"Gen\u00e8ve - Fund Academy","isPartOf":{"@id":"https:\/\/www.fund-academy.ch\/#website"},"datePublished":"2020-11-28T09:56:16+00:00","dateModified":"2022-08-28T10:08:28+00:00","breadcrumb":{"@id":"https:\/\/www.fund-academy.ch\/fr\/about-us\/genf\/#breadcrumb"},"inLanguage":"fr-FR","potentialAction":[{"@type":"ReadAction","target":["https:\/\/www.fund-academy.ch\/fr\/about-us\/genf\/"]}]},{"@type":"BreadcrumbList","@id":"https:\/\/www.fund-academy.ch\/fr\/about-us\/genf\/#breadcrumb","itemListElement":[{"@type":"ListItem","position":1,"name":"Home","item":"https:\/\/www.fund-academy.ch\/fr\/"},{"@type":"ListItem","position":2,"name":"Willkommen bei Fund Academy","item":"https:\/\/www.fund-academy.ch\/fr\/about-us\/"},{"@type":"ListItem","position":3,"name":"Gen\u00e8ve"}]},{"@type":"WebSite","@id":"https:\/\/www.fund-academy.ch\/#website","url":"https:\/\/www.fund-academy.ch\/","name":"Fund Academy","description":"","potentialAction":[{"@type":"SearchAction","target":{"@type":"EntryPoint","urlTemplate":"https:\/\/www.fund-academy.ch\/?s={search_term_string}"},"query-input":"required name=search_term_string"}],"inLanguage":"fr-FR"}]}},"_links":{"self":[{"href":"https:\/\/www.fund-academy.ch\/fr\/wp-json\/wp\/v2\/pages\/88"}],"collection":[{"href":"https:\/\/www.fund-academy.ch\/fr\/wp-json\/wp\/v2\/pages"}],"about":[{"href":"https:\/\/www.fund-academy.ch\/fr\/wp-json\/wp\/v2\/types\/page"}],"author":[{"embeddable":true,"href":"https:\/\/www.fund-academy.ch\/fr\/wp-json\/wp\/v2\/users\/1"}],"replies":[{"embeddable":true,"href":"https:\/\/www.fund-academy.ch\/fr\/wp-json\/wp\/v2\/comments?post=88"}],"version-history":[{"count":3,"href":"https:\/\/www.fund-academy.ch\/fr\/wp-json\/wp\/v2\/pages\/88\/revisions"}],"predecessor-version":[{"id":2756,"href":"https:\/\/www.fund-academy.ch\/fr\/wp-json\/wp\/v2\/pages\/88\/revisions\/2756"}],"up":[{"embeddable":true,"href":"https:\/\/www.fund-academy.ch\/fr\/wp-json\/wp\/v2\/pages\/82"}],"wp:featuredmedia":[{"embeddable":true,"href":"https:\/\/www.fund-academy.ch\/fr\/wp-json\/wp\/v2\/media\/2252"}],"wp:attachment":[{"href":"https:\/\/www.fund-academy.ch\/fr\/wp-json\/wp\/v2\/media?parent=88"}],"curies":[{"name":"wp","href":"https:\/\/api.w.org\/{rel}","templated":true}]}}