{"id":90,"date":"2020-11-28T10:56:08","date_gmt":"2020-11-28T09:56:08","guid":{"rendered":"https:\/\/www.fund-academy.ch\/about-us\/zuerich\/"},"modified":"2025-02-03T16:18:58","modified_gmt":"2025-02-03T15:18:58","slug":"zuerich","status":"publish","type":"page","link":"https:\/\/www.fund-academy.ch\/fr\/about-us\/zuerich\/","title":{"rendered":"Zurich"},"content":{"rendered":"<p>Fond\u00e9s en 2001, nous sommes pr\u00e9sents au centre de Zurich. Sandra Weisstanner-Greutmann et Andreas W\u00e4schle sont l\u00e0 pour vous. Ils sont pr\u00eats \u00e0 rencontrer ou prendre un caf\u00e9 avec nos participants, nos intervenants, partenaires et alumni, c\u2019est toujours une bonne occasion pour vous informer sur nos offres de formation mais aussi de prendre le pouls de l&rsquo;industrie des fonds, afin de rester en phase avec l\u2019\u00e9volution des trends et des besoins de l\u2019industrie.<\/p>\n<p>Vous trouverez <a href=\"https:\/\/www.fund-academy.ch\/wp-content\/uploads\/2025\/02\/QSK-2025.pdf\">ici<\/a> les membres de la commission d&rsquo;assurance qualit\u00e9 et d&rsquo;examen \u00e0 Zurich.<\/p>\n","protected":false},"excerpt":{"rendered":"<p>Fond\u00e9s en 2001, nous sommes pr\u00e9sents au centre de Zurich. Sandra Weisstanner-Greutmann et Andreas W\u00e4schle sont l\u00e0 pour vous. Ils sont pr\u00eats \u00e0 rencontrer ou prendre un caf\u00e9 avec nos participants, nos intervenants, partenaires et alumni, c\u2019est toujours une bonne occasion pour vous informer sur nos offres de formation mais aussi de prendre le pouls <a href=\"https:\/\/www.fund-academy.ch\/fr\/about-us\/zuerich\/\" class=\"more-link\">&#8230;<\/a><\/p>\n","protected":false},"author":1,"featured_media":2259,"parent":82,"menu_order":0,"comment_status":"closed","ping_status":"closed","template":"","meta":[],"acf":[],"yoast_head":"<!-- This site is optimized with the Yoast SEO plugin v20.8 - https:\/\/yoast.com\/wordpress\/plugins\/seo\/ -->\n<title>Zurich - Fund Academy<\/title>\n<meta name=\"robots\" content=\"index, follow, max-snippet:-1, max-image-preview:large, max-video-preview:-1\" \/>\n<link rel=\"canonical\" href=\"https:\/\/www.fund-academy.ch\/fr\/about-us\/zuerich\/\" \/>\n<meta property=\"og:locale\" content=\"fr_FR\" \/>\n<meta property=\"og:type\" content=\"article\" \/>\n<meta property=\"og:title\" content=\"Zurich - Fund Academy\" \/>\n<meta property=\"og:description\" content=\"Fond\u00e9s en 2001, nous sommes pr\u00e9sents au centre de Zurich. Sandra Weisstanner-Greutmann et Andreas W\u00e4schle sont l\u00e0 pour vous. Ils sont pr\u00eats \u00e0 rencontrer ou prendre un caf\u00e9 avec nos participants, nos intervenants, partenaires et alumni, c\u2019est toujours une bonne occasion pour vous informer sur nos offres de formation mais aussi de prendre le pouls ...\" \/>\n<meta property=\"og:url\" content=\"https:\/\/www.fund-academy.ch\/fr\/about-us\/zuerich\/\" \/>\n<meta property=\"og:site_name\" content=\"Fund Academy\" \/>\n<meta property=\"article:modified_time\" content=\"2025-02-03T15:18:58+00:00\" \/>\n<meta property=\"og:image\" content=\"https:\/\/www.fund-academy.ch\/wp-content\/uploads\/2022\/01\/patrick-federi-qpkikEv5bh8-unsplash-scaled.jpg\" \/>\n\t<meta property=\"og:image:width\" content=\"2560\" \/>\n\t<meta property=\"og:image:height\" content=\"1440\" \/>\n\t<meta property=\"og:image:type\" content=\"image\/jpeg\" \/>\n<meta name=\"twitter:card\" content=\"summary_large_image\" \/>\n<meta name=\"twitter:label1\" content=\"Dur\u00e9e de lecture estim\u00e9e\" \/>\n\t<meta name=\"twitter:data1\" content=\"1 minute\" \/>\n<script type=\"application\/ld+json\" class=\"yoast-schema-graph\">{\"@context\":\"https:\/\/schema.org\",\"@graph\":[{\"@type\":\"WebPage\",\"@id\":\"https:\/\/www.fund-academy.ch\/fr\/about-us\/zuerich\/\",\"url\":\"https:\/\/www.fund-academy.ch\/fr\/about-us\/zuerich\/\",\"name\":\"Zurich - Fund Academy\",\"isPartOf\":{\"@id\":\"https:\/\/www.fund-academy.ch\/#website\"},\"datePublished\":\"2020-11-28T09:56:08+00:00\",\"dateModified\":\"2025-02-03T15:18:58+00:00\",\"breadcrumb\":{\"@id\":\"https:\/\/www.fund-academy.ch\/fr\/about-us\/zuerich\/#breadcrumb\"},\"inLanguage\":\"fr-FR\",\"potentialAction\":[{\"@type\":\"ReadAction\",\"target\":[\"https:\/\/www.fund-academy.ch\/fr\/about-us\/zuerich\/\"]}]},{\"@type\":\"BreadcrumbList\",\"@id\":\"https:\/\/www.fund-academy.ch\/fr\/about-us\/zuerich\/#breadcrumb\",\"itemListElement\":[{\"@type\":\"ListItem\",\"position\":1,\"name\":\"Home\",\"item\":\"https:\/\/www.fund-academy.ch\/fr\/\"},{\"@type\":\"ListItem\",\"position\":2,\"name\":\"Willkommen bei Fund Academy\",\"item\":\"https:\/\/www.fund-academy.ch\/fr\/about-us\/\"},{\"@type\":\"ListItem\",\"position\":3,\"name\":\"Zurich\"}]},{\"@type\":\"WebSite\",\"@id\":\"https:\/\/www.fund-academy.ch\/#website\",\"url\":\"https:\/\/www.fund-academy.ch\/\",\"name\":\"Fund Academy\",\"description\":\"\",\"potentialAction\":[{\"@type\":\"SearchAction\",\"target\":{\"@type\":\"EntryPoint\",\"urlTemplate\":\"https:\/\/www.fund-academy.ch\/?s={search_term_string}\"},\"query-input\":\"required name=search_term_string\"}],\"inLanguage\":\"fr-FR\"}]}<\/script>\n<!-- \/ Yoast SEO plugin. -->","yoast_head_json":{"title":"Zurich - Fund Academy","robots":{"index":"index","follow":"follow","max-snippet":"max-snippet:-1","max-image-preview":"max-image-preview:large","max-video-preview":"max-video-preview:-1"},"canonical":"https:\/\/www.fund-academy.ch\/fr\/about-us\/zuerich\/","og_locale":"fr_FR","og_type":"article","og_title":"Zurich - Fund Academy","og_description":"Fond\u00e9s en 2001, nous sommes pr\u00e9sents au centre de Zurich. Sandra Weisstanner-Greutmann et Andreas W\u00e4schle sont l\u00e0 pour vous. Ils sont pr\u00eats \u00e0 rencontrer ou prendre un caf\u00e9 avec nos participants, nos intervenants, partenaires et alumni, c\u2019est toujours une bonne occasion pour vous informer sur nos offres de formation mais aussi de prendre le pouls ...","og_url":"https:\/\/www.fund-academy.ch\/fr\/about-us\/zuerich\/","og_site_name":"Fund Academy","article_modified_time":"2025-02-03T15:18:58+00:00","og_image":[{"width":2560,"height":1440,"url":"https:\/\/www.fund-academy.ch\/wp-content\/uploads\/2022\/01\/patrick-federi-qpkikEv5bh8-unsplash-scaled.jpg","type":"image\/jpeg"}],"twitter_card":"summary_large_image","twitter_misc":{"Dur\u00e9e de lecture estim\u00e9e":"1 minute"},"schema":{"@context":"https:\/\/schema.org","@graph":[{"@type":"WebPage","@id":"https:\/\/www.fund-academy.ch\/fr\/about-us\/zuerich\/","url":"https:\/\/www.fund-academy.ch\/fr\/about-us\/zuerich\/","name":"Zurich - Fund Academy","isPartOf":{"@id":"https:\/\/www.fund-academy.ch\/#website"},"datePublished":"2020-11-28T09:56:08+00:00","dateModified":"2025-02-03T15:18:58+00:00","breadcrumb":{"@id":"https:\/\/www.fund-academy.ch\/fr\/about-us\/zuerich\/#breadcrumb"},"inLanguage":"fr-FR","potentialAction":[{"@type":"ReadAction","target":["https:\/\/www.fund-academy.ch\/fr\/about-us\/zuerich\/"]}]},{"@type":"BreadcrumbList","@id":"https:\/\/www.fund-academy.ch\/fr\/about-us\/zuerich\/#breadcrumb","itemListElement":[{"@type":"ListItem","position":1,"name":"Home","item":"https:\/\/www.fund-academy.ch\/fr\/"},{"@type":"ListItem","position":2,"name":"Willkommen bei Fund Academy","item":"https:\/\/www.fund-academy.ch\/fr\/about-us\/"},{"@type":"ListItem","position":3,"name":"Zurich"}]},{"@type":"WebSite","@id":"https:\/\/www.fund-academy.ch\/#website","url":"https:\/\/www.fund-academy.ch\/","name":"Fund Academy","description":"","potentialAction":[{"@type":"SearchAction","target":{"@type":"EntryPoint","urlTemplate":"https:\/\/www.fund-academy.ch\/?s={search_term_string}"},"query-input":"required name=search_term_string"}],"inLanguage":"fr-FR"}]}},"_links":{"self":[{"href":"https:\/\/www.fund-academy.ch\/fr\/wp-json\/wp\/v2\/pages\/90"}],"collection":[{"href":"https:\/\/www.fund-academy.ch\/fr\/wp-json\/wp\/v2\/pages"}],"about":[{"href":"https:\/\/www.fund-academy.ch\/fr\/wp-json\/wp\/v2\/types\/page"}],"author":[{"embeddable":true,"href":"https:\/\/www.fund-academy.ch\/fr\/wp-json\/wp\/v2\/users\/1"}],"replies":[{"embeddable":true,"href":"https:\/\/www.fund-academy.ch\/fr\/wp-json\/wp\/v2\/comments?post=90"}],"version-history":[{"count":6,"href":"https:\/\/www.fund-academy.ch\/fr\/wp-json\/wp\/v2\/pages\/90\/revisions"}],"predecessor-version":[{"id":3267,"href":"https:\/\/www.fund-academy.ch\/fr\/wp-json\/wp\/v2\/pages\/90\/revisions\/3267"}],"up":[{"embeddable":true,"href":"https:\/\/www.fund-academy.ch\/fr\/wp-json\/wp\/v2\/pages\/82"}],"wp:featuredmedia":[{"embeddable":true,"href":"https:\/\/www.fund-academy.ch\/fr\/wp-json\/wp\/v2\/media\/2259"}],"wp:attachment":[{"href":"https:\/\/www.fund-academy.ch\/fr\/wp-json\/wp\/v2\/media?parent=90"}],"curies":[{"name":"wp","href":"https:\/\/api.w.org\/{rel}","templated":true}]}}